{"id":9982,"date":"2023-07-26T11:58:08","date_gmt":"2023-07-26T09:58:08","guid":{"rendered":"https:\/\/www.decelect.com\/?page_id=9982"},"modified":"2023-07-28T10:23:36","modified_gmt":"2023-07-28T08:23:36","slug":"solution-batiment-connecte","status":"publish","type":"page","link":"https:\/\/www.decelect.com\/en\/solution-batiment-connecte\/","title":{"rendered":"Solution B\u00e2timent connect\u00e9"},"content":{"rendered":"<div class=\"gb-container gb-container-20e6e6ce\">\n\n<h1 class=\"gb-headline gb-headline-4a43196f\"><span class=\"gb-icon\"><svg xmlns=\"http:\/\/www.w3.org\/2000\/svg\" viewbox=\"0 0 12 1\" version=\"1.1\" fill=\"currentColor\" class=\"bi bi-dash-lg\"><path fill-rule=\"evenodd\" d=\"m0 0.5a0.5 0.5 0 0 1 0.5-0.5h11a0.5 0.5 0 0 1 0 1h-11a0.5 0.5 0 0 1-0.5-0.5z\"><\/path><\/svg><\/span><span class=\"gb-headline-text\"><strong>Solution B\u00e2timent connect\u00e9<\/strong><\/span><\/h1>\n\n<div class=\"gb-shapes\"><div class=\"gb-shape gb-shape-1\"><svg xmlns=\"http:\/\/www.w3.org\/2000\/svg\" viewbox=\"0 0 1200 360\" preserveaspectratio=\"none\"><path d=\"M1200 360H0V0l1200 348z\"\/><\/svg><\/div><\/div><\/div>\n\n<div class=\"gb-container gb-container-3fcfb83a\">\n<div class=\"gb-container gb-container-bc7dc933\">\n\n<h2 class=\"gb-headline gb-headline-e48db164 gb-headline-text\"><strong>Solution pour les logements connect\u00e9s<\/strong><\/h2>\n\n\n<div class=\"gb-grid-wrapper gb-grid-wrapper-9c45f129\">\n<div class=\"gb-grid-column gb-grid-column-33b6200e\"><div class=\"gb-container gb-container-33b6200e\">\n\n<p><strong>L\u2019\u00e9cosyst\u00e8me Ubiwizz&nbsp;<\/strong>est le r\u00e9sultat de la collaboration de plusieurs soci\u00e9t\u00e9s partenaires, proposant aux acteurs des march\u00e9s r\u00e9sidentiels et tertiaires, constructeurs, promoteurs, int\u00e9grateurs et installateurs, une offre compl\u00e8te et coh\u00e9rente. L\u2019offre vise \u00e0 \u00e9quiper les logements et b\u00e2timents, depuis leur infrastructure (cuivre, fibre optique et radio) jusqu\u2019\u00e0 la qualit\u00e9 des usages et \u00e0 faciliter l\u2019int\u00e9gration des objets connect\u00e9s.<\/p>\n\n\n\n<h5 class=\"wp-block-heading has-accent-color has-text-color\"><strong>Ubiwizz, un \u00e9cosyst\u00e8me de confiance<\/strong><\/h5>\n\n\n\n<p><strong>Ubiwizz&nbsp;<\/strong>travaille en \u00e9troite collaboration avec l\u2019ensemble de ses clients et partenaires pour que les promesses d\u2019interop\u00e9rabilit\u00e9, de fiabilit\u00e9 et de s\u00e9curit\u00e9 soient tenues dans 100% des situations.<\/p>\n\n\n\n<p><strong>Les solutions de la domotique traditionnelle sont majoritairement monomarque, peu \u00e9volutives et sur une base d\u2019installations filaires lourdes et fig\u00e9es.<\/strong><\/p>\n\n\n\n<h5 class=\"wp-block-heading has-accent-color has-text-color\"><strong>Notre solution permet de sortir du carcan de ces offres, nous avons fait le choix d\u2019opter pour :<\/strong><\/h5>\n\n\n\n<p><strong>&gt;&nbsp;<\/strong>des solutions radio dont une sans pile (EnOcean).<\/p>\n\n\n\n<p><strong>&gt;&nbsp;<\/strong>des proc\u00e9dures \u201cremote commissioning\u201d pour appairer \u00e9metteurs et r\u00e9cepteurs automatiquement.<\/p>\n\n\n\n<p><strong>&gt;&nbsp;<\/strong>une passerelle multiprotocole en fonction des besoins choisis.<\/p>\n\n\n\n<p><strong>&gt;&nbsp;<\/strong>une infrastructure cloud s\u00e9curis\u00e9e qui emp\u00eache le piratage des donn\u00e9es et l\u2019acc\u00e8s aux \u00e9quipements de la maison.<\/p>\n\n\n\n<p>Ainsi \u00e9quip\u00e9s les logements sont pr\u00eats \u00e0 communiquer, \u00e9changer dans un environnement configur\u00e9 et parfaitement s\u00e9curis\u00e9.<\/p>\n\n<\/div><\/div>\n\n<div class=\"gb-grid-column gb-grid-column-8ab853e2\"><div class=\"gb-container gb-container-8ab853e2\">\n\n<figure class=\"gb-block-image gb-block-image-b008f48c\"><img decoding=\"async\" width=\"745\" height=\"479\" class=\"gb-image gb-image-b008f48c\" src=\"https:\/\/www.decelect.com\/wp-content\/uploads\/2023\/07\/visuel-Maison-connectA\u00a9e3.png\" alt=\"\" title=\"visuel Maison connectA\u0303\u00a9e3\" srcset=\"https:\/\/www.decelect.com\/wp-content\/uploads\/2023\/07\/visuel-Maison-connectA\u00a9e3.png 745w, https:\/\/www.decelect.com\/wp-content\/uploads\/2023\/07\/visuel-Maison-connectA\u00a9e3-300x193.png 300w, https:\/\/www.decelect.com\/wp-content\/uploads\/2023\/07\/visuel-Maison-connectA\u00a9e3-18x12.png 18w, https:\/\/www.decelect.com\/wp-content\/uploads\/2023\/07\/visuel-Maison-connectA\u00a9e3-200x129.png 200w\" sizes=\"(max-width: 745px) 100vw, 745px\" \/><\/figure>\n\n\n\n<figure class=\"gb-block-image gb-block-image-d3db0d08\"><img decoding=\"async\" width=\"2560\" height=\"1709\" class=\"gb-image gb-image-d3db0d08\" src=\"https:\/\/www.decelect.com\/wp-content\/uploads\/2023\/07\/solutions-connectees-scaled.jpeg\" alt=\"\" title=\"solutions-connectees\" srcset=\"https:\/\/www.decelect.com\/wp-content\/uploads\/2023\/07\/solutions-connectees-scaled.jpeg 2560w, https:\/\/www.decelect.com\/wp-content\/uploads\/2023\/07\/solutions-connectees-300x200.jpeg 300w, https:\/\/www.decelect.com\/wp-content\/uploads\/2023\/07\/solutions-connectees-1024x683.jpeg 1024w, https:\/\/www.decelect.com\/wp-content\/uploads\/2023\/07\/solutions-connectees-768x513.jpeg 768w, https:\/\/www.decelect.com\/wp-content\/uploads\/2023\/07\/solutions-connectees-1536x1025.jpeg 1536w, https:\/\/www.decelect.com\/wp-content\/uploads\/2023\/07\/solutions-connectees-2048x1367.jpeg 2048w, https:\/\/www.decelect.com\/wp-content\/uploads\/2023\/07\/solutions-connectees-18x12.jpeg 18w, https:\/\/www.decelect.com\/wp-content\/uploads\/2023\/07\/solutions-connectees-200x133.jpeg 200w\" sizes=\"(max-width: 2560px) 100vw, 2560px\" \/><\/figure>\n\n<\/div><\/div>\n<\/div>\n<\/div>\n<\/div>\n\n<div class=\"gb-container gb-container-3b251c3a\">\n<div class=\"gb-container gb-container-4307bfd9\">\n<div class=\"gb-grid-wrapper gb-grid-wrapper-b4ad62d8\">\n<div class=\"gb-grid-column gb-grid-column-319c5a10\"><div class=\"gb-container gb-container-319c5a10\">\n\n<figure class=\"gb-block-image gb-block-image-2d755529\"><img decoding=\"async\" width=\"2560\" height=\"1807\" class=\"gb-image gb-image-2d755529\" src=\"https:\/\/www.decelect.com\/wp-content\/uploads\/2023\/07\/sphA\u00a8re-objets-connectA\u00a9s-produits-2022logo-scaled.jpg\" alt=\"\" title=\"sphA\u0303\u00a8re-objets connectA\u0303\u00a9s produits 2022+logo\" srcset=\"https:\/\/www.decelect.com\/wp-content\/uploads\/2023\/07\/sphA\u00a8re-objets-connectA\u00a9s-produits-2022logo-scaled.jpg 2560w, https:\/\/www.decelect.com\/wp-content\/uploads\/2023\/07\/sphA\u00a8re-objets-connectA\u00a9s-produits-2022logo-300x212.jpg 300w, https:\/\/www.decelect.com\/wp-content\/uploads\/2023\/07\/sphA\u00a8re-objets-connectA\u00a9s-produits-2022logo-1024x723.jpg 1024w, https:\/\/www.decelect.com\/wp-content\/uploads\/2023\/07\/sphA\u00a8re-objets-connectA\u00a9s-produits-2022logo-768x542.jpg 768w, https:\/\/www.decelect.com\/wp-content\/uploads\/2023\/07\/sphA\u00a8re-objets-connectA\u00a9s-produits-2022logo-1536x1084.jpg 1536w, https:\/\/www.decelect.com\/wp-content\/uploads\/2023\/07\/sphA\u00a8re-objets-connectA\u00a9s-produits-2022logo-2048x1446.jpg 2048w, https:\/\/www.decelect.com\/wp-content\/uploads\/2023\/07\/sphA\u00a8re-objets-connectA\u00a9s-produits-2022logo-18x12.jpg 18w, https:\/\/www.decelect.com\/wp-content\/uploads\/2023\/07\/sphA\u00a8re-objets-connectA\u00a9s-produits-2022logo-200x141.jpg 200w\" sizes=\"(max-width: 2560px) 100vw, 2560px\" \/><\/figure>\n\n\n\n<figure class=\"gb-block-image gb-block-image-83626d61\"><img decoding=\"async\" width=\"810\" height=\"456\" class=\"gb-image gb-image-83626d61\" src=\"https:\/\/www.decelect.com\/wp-content\/uploads\/2019\/05\/573034-amazon-echo-vs-google-home.jpg\" alt=\"\" title=\"573034-amazon-echo-vs-google-home\" srcset=\"https:\/\/www.decelect.com\/wp-content\/uploads\/2019\/05\/573034-amazon-echo-vs-google-home.jpg 810w, https:\/\/www.decelect.com\/wp-content\/uploads\/2019\/05\/573034-amazon-echo-vs-google-home-300x169.jpg 300w, https:\/\/www.decelect.com\/wp-content\/uploads\/2019\/05\/573034-amazon-echo-vs-google-home-768x432.jpg 768w, https:\/\/www.decelect.com\/wp-content\/uploads\/2019\/05\/573034-amazon-echo-vs-google-home-18x10.jpg 18w, https:\/\/www.decelect.com\/wp-content\/uploads\/2019\/05\/573034-amazon-echo-vs-google-home-200x113.jpg 200w\" sizes=\"(max-width: 810px) 100vw, 810px\" \/><\/figure>\n\n<\/div><\/div>\n\n<div class=\"gb-grid-column gb-grid-column-af8aac24\"><div class=\"gb-container gb-container-af8aac24\">\n\n<h5 class=\"wp-block-heading\"><strong>Des capteurs<\/strong><\/h5>\n\n\n\n<p>Pour conna\u00eetre \u00e0 tout moment les conditions dans le b\u00e2timent et \u00e0 l\u2019ext\u00e9rieur : temp\u00e9rature, humidit\u00e9, luminosit\u00e9, pr\u00e9sence. Voir les capteurs<\/p>\n\n\n\n<h5 class=\"wp-block-heading\"><strong>Des actionneurs<\/strong><\/h5>\n\n\n\n<p>Pour optimiser l\u2019utilisation des \u00e9quipements et des usages (\u00e9clairage, chauffage, ventilation, mat\u00e9riels\u2026).<\/p>\n\n\n\n<h5 class=\"wp-block-heading\"><strong>Des outils de pilotage<\/strong><\/h5>\n\n\n\n<p>Pour g\u00e9rer et analyser les donn\u00e9es, anticiper des situations et lancer un sc\u00e9nario.<\/p>\n\n\n\n<h5 class=\"wp-block-heading\"><strong>L\u2019offre Ubiwizz est cal\u00e9e sur les enjeux actuels et futurs du b\u00e2timent connect\u00e9, comme :<\/strong><\/h5>\n\n\n\n<ul class=\"wp-block-list\">\n<li>les infrastructures de communication entrante et sortante,<\/li>\n\n\n\n<li>l\u2019acc\u00e8s aux services connect\u00e9s,<\/li>\n\n\n\n<li>la s\u00e9curit\u00e9 des donn\u00e9es,<\/li>\n<\/ul>\n\n\n\n<h5 class=\"wp-block-heading\"><strong>Mais \u00e9galement sur les besoins au quotidien :<\/strong><\/h5>\n\n\n\n<ul class=\"wp-block-list\">\n<li>la modularit\u00e9 des espaces, le d\u00e9bit des r\u00e9seaux,<\/li>\n\n\n\n<li>la qualit\u00e9 de l\u2019air<\/li>\n\n\n\n<li>la ma\u00eetrise des \u00e9nergies&nbsp;<\/li>\n<\/ul>\n\n<\/div><\/div>\n<\/div>\n<\/div>\n<\/div>\n\n<div class=\"gb-container gb-container-89525b6b\">\n<div class=\"gb-container gb-container-2146d15e\">\n\n<h2 class=\"wp-block-heading\"><strong>D\u00e9couvrez nos<mark style=\"background-color:rgba(0, 0, 0, 0)\" class=\"has-inline-color has-accent-color\"> R\u00e9alisations<\/mark><\/strong><\/h2>\n\n\n\n<p>Notre client, commune fran\u00e7aise de 20 km\u00b2, situ\u00e9e en r\u00e9gion Nouvelle-Aquitaine, nous a sollicit\u00e9 dans le cadre d\u2019une probl\u00e9matique de gestion et d\u2019\u00e9conomie d\u2019\u00e9nergie. L\u2019id\u00e9e : ma\u00eetriser et r\u00e9duire davantage les consommations \u00e9nerg\u00e9tiques des b\u00e2timents communaux (mairie, m\u00e9diath\u00e8que, \u00e9coles, coll\u00e8ges et lyc\u00e9es,\u2026) ainsi que les autres b\u00e2timents techniques et administratifs. Nous leur avons pr\u00e9sent\u00e9 nos solutions connect\u00e9es qui permettent un pilotage direct et pr\u00e9cis des appareils \u00e9nerg\u00e9tiques et les avons d\u00e9ploy\u00e9s via notre distributeur en r\u00e9gion. Rapidit\u00e9 d\u2019intervention, simplicit\u00e9 d\u2019utilisation, et formation des \u00e9quipes \u00e0 la cl\u00e9 !<\/p>\n\n\n<div class=\"gb-container gb-container-6486734c\">\n\n<span class=\"gb-button gb-button-94e459b6 gb-button-text\"><strong>Pour en savoir plus<\/strong><\/span>\n\n<\/div>\n<\/div>\n<\/div>","protected":false},"excerpt":{"rendered":"<p>Solution B\u00e2timent connect\u00e9 Solution pour les logements connect\u00e9s D\u00e9couvrez nos R\u00e9alisations Notre client, commune fran\u00e7aise de 20 km\u00b2, situ\u00e9e en r\u00e9gion Nouvelle-Aquitaine, nous a sollicit\u00e9 dans le cadre d\u2019une probl\u00e9matique de gestion et d\u2019\u00e9conomie d\u2019\u00e9nergie. L\u2019id\u00e9e : ma\u00eetriser et r\u00e9duire davantage les consommations \u00e9nerg\u00e9tiques des b\u00e2timents communaux (mairie, m\u00e9diath\u00e8que, \u00e9coles, coll\u00e8ges et lyc\u00e9es,\u2026) ainsi que &#8230; <a title=\"Solution B\u00e2timent connect\u00e9\" class=\"read-more\" href=\"https:\/\/www.decelect.com\/en\/solution-batiment-connecte\/\" aria-label=\"Read more about Solution B\u00e2timent connect\u00e9\">Read more<\/a><\/p>","protected":false},"author":1,"featured_media":0,"parent":0,"menu_order":0,"comment_status":"closed","ping_status":"closed","template":"","meta":{"_acf_changed":false,"_seopress_robots_primary_cat":"","_seopress_titles_title":"","_seopress_titles_desc":"","_seopress_robots_index":"","content-type":"","footnotes":""},"class_list":["post-9982","page","type-page","status-publish"],"acf":[],"_links":{"self":[{"href":"https:\/\/www.decelect.com\/en\/wp-json\/wp\/v2\/pages\/9982","targetHints":{"allow":["GET"]}}],"collection":[{"href":"https:\/\/www.decelect.com\/en\/wp-json\/wp\/v2\/pages"}],"about":[{"href":"https:\/\/www.decelect.com\/en\/wp-json\/wp\/v2\/types\/page"}],"author":[{"embeddable":true,"href":"https:\/\/www.decelect.com\/en\/wp-json\/wp\/v2\/users\/1"}],"replies":[{"embeddable":true,"href":"https:\/\/www.decelect.com\/en\/wp-json\/wp\/v2\/comments?post=9982"}],"version-history":[{"count":2,"href":"https:\/\/www.decelect.com\/en\/wp-json\/wp\/v2\/pages\/9982\/revisions"}],"predecessor-version":[{"id":10238,"href":"https:\/\/www.decelect.com\/en\/wp-json\/wp\/v2\/pages\/9982\/revisions\/10238"}],"wp:attachment":[{"href":"https:\/\/www.decelect.com\/en\/wp-json\/wp\/v2\/media?parent=9982"}],"curies":[{"name":"wp","href":"https:\/\/api.w.org\/{rel}","templated":true}]}}