{"id":9980,"date":"2023-07-26T11:57:34","date_gmt":"2023-07-26T09:57:34","guid":{"rendered":"https:\/\/www.decelect.com\/?page_id=9980"},"modified":"2023-07-28T09:57:54","modified_gmt":"2023-07-28T07:57:54","slug":"solutions-residentiel-ftth","status":"publish","type":"page","link":"https:\/\/www.decelect.com\/en\/solutions-residentiel-ftth\/","title":{"rendered":"Solutions R\u00e9sidentiel &amp; FTTH"},"content":{"rendered":"<div class=\"gb-container gb-container-20e6e6ce\">\n\n<h1 class=\"gb-headline gb-headline-4a43196f\"><span class=\"gb-icon\"><svg xmlns=\"http:\/\/www.w3.org\/2000\/svg\" viewbox=\"0 0 12 1\" version=\"1.1\" fill=\"currentColor\" class=\"bi bi-dash-lg\"><path fill-rule=\"evenodd\" d=\"m0 0.5a0.5 0.5 0 0 1 0.5-0.5h11a0.5 0.5 0 0 1 0 1h-11a0.5 0.5 0 0 1-0.5-0.5z\"><\/path><\/svg><\/span><span class=\"gb-headline-text\"><strong>Solution R\u00e9sidentiel \/ FTTH<\/strong><\/span><\/h1>\n\n<div class=\"gb-shapes\"><div class=\"gb-shape gb-shape-1\"><svg xmlns=\"http:\/\/www.w3.org\/2000\/svg\" viewbox=\"0 0 1200 360\" preserveaspectratio=\"none\"><path d=\"M1200 360H0V0l1200 348z\"\/><\/svg><\/div><\/div><\/div>\n\n<div class=\"gb-container gb-container-3fcfb83a\">\n<div class=\"gb-container gb-container-bc7dc933\">\n<div class=\"gb-grid-wrapper gb-grid-wrapper-9c45f129\">\n<div class=\"gb-grid-column gb-grid-column-33b6200e\"><div class=\"gb-container gb-container-33b6200e\">\n\n<h2 class=\"gb-headline gb-headline-fa0dcf57 gb-headline-text\"><strong>Fibre optique : des besoins en d\u00e9bit de plus en plus importants<\/strong><\/h2>\n\n\n\n<p><strong>Solution compl\u00e8te de raccordement et c\u00e2blage des logements neufs et \u00e0 r\u00e9nover (collectifs ou individuels) \u00e0 un r\u00e9seau de fibres optiques<\/strong><\/p>\n\n\n\n<p>Tous les membres de la famille se connectent \u00e0 internet.<\/p>\n\n\n\n<p>Les usages se multiplient, souvent simultan\u00e9ment dans un m\u00eame foyer : t\u00e9l\u00e9vision haute d\u00e9finition connect\u00e9e via la box, messagerie, r\u00e9seaux sociaux, jeux, achats et d\u00e9marches diverses en ligne, stockage ext\u00e9rieur de donn\u00e9es\u2026<\/p>\n\n\n\n<p>Le t\u00e9l\u00e9travail, la gestion \u00ab intelligente \u00bb de la maison avec de plus en plus d\u2019\u00e9quipements et d\u2019appareils connect\u00e9s, l\u2019enseignement en ligne, l\u2019e-m\u00e9decine, le maintien des personnes \u00e2g\u00e9es \u00e0 domicile sont quelques-uns des usages qui se d\u00e9veloppent aujourd\u2019hui.<\/p>\n\n\n\n<p>Ces services qui simplifient et enrichissent notre vie de tous les jours sont de plus en plus gourmands en d\u00e9bit.<\/p>\n\n\n\n<p><strong><em>Le FttH \u2026 une technologie p\u00e9renne !<\/em><\/strong><\/p>\n\n\n\n<p>Le FttH est la seule architecture qui assure un lien en fibre optique de bout en bout, c\u2019est-\u00e0-dire du r\u00e9seau de l\u2019op\u00e9rateur ou du fournisseur d\u2019acc\u00e8s \u00e0 internet jusqu\u2019\u00e0 l\u2019int\u00e9rieur du logement de l\u2019abonn\u00e9.<\/p>\n\n\n\n<p>Pour permettre aux futurs r\u00e9sidents de disposer des diff\u00e9rents services de t\u00e9l\u00e9communication d\u00e8s leur emm\u00e9nagement, il est particuli\u00e8rement important pour le Ma\u00eetre d\u2019Ouvrage d\u2019ins\u00e9rer la prestation de c\u00e2blage FttH dans le planning TCE (tous corps d\u2019\u00e9tat) et de respecter une planification pr\u00e9visionnelle de livraison le plus t\u00f4t possible, prenant en compte les d\u00e9lais r\u00e9glementaires.<sup>1<\/sup><\/p>\n\n<\/div><\/div>\n\n<div class=\"gb-grid-column gb-grid-column-8ab853e2\"><div class=\"gb-container gb-container-8ab853e2\">\n\n<figure class=\"gb-block-image gb-block-image-b008f48c\"><img decoding=\"async\" width=\"1000\" height=\"1127\" class=\"gb-image gb-image-b008f48c\" src=\"https:\/\/www.decelect.com\/wp-content\/uploads\/2023\/07\/Fibre-optique-e1690435103927.png\" alt=\"\" title=\"Fibre-optique\" srcset=\"https:\/\/www.decelect.com\/wp-content\/uploads\/2023\/07\/Fibre-optique-e1690435103927.png 1000w, https:\/\/www.decelect.com\/wp-content\/uploads\/2023\/07\/Fibre-optique-e1690435103927-266x300.png 266w, https:\/\/www.decelect.com\/wp-content\/uploads\/2023\/07\/Fibre-optique-e1690435103927-909x1024.png 909w, https:\/\/www.decelect.com\/wp-content\/uploads\/2023\/07\/Fibre-optique-e1690435103927-768x866.png 768w, https:\/\/www.decelect.com\/wp-content\/uploads\/2023\/07\/Fibre-optique-e1690435103927-11x12.png 11w, https:\/\/www.decelect.com\/wp-content\/uploads\/2023\/07\/Fibre-optique-e1690435103927-200x225.png 200w\" sizes=\"(max-width: 1000px) 100vw, 1000px\" \/><\/figure>\n\n\n\n<figure class=\"gb-block-image gb-block-image-bf8bfbd5\"><img decoding=\"async\" width=\"1000\" height=\"390\" class=\"gb-image gb-image-bf8bfbd5\" src=\"https:\/\/www.decelect.com\/wp-content\/uploads\/2023\/07\/bloc-fibre-optique-e1690435315297.png\" alt=\"\" title=\"bloc-fibre-optique\" srcset=\"https:\/\/www.decelect.com\/wp-content\/uploads\/2023\/07\/bloc-fibre-optique-e1690435315297.png 1000w, https:\/\/www.decelect.com\/wp-content\/uploads\/2023\/07\/bloc-fibre-optique-e1690435315297-300x117.png 300w, https:\/\/www.decelect.com\/wp-content\/uploads\/2023\/07\/bloc-fibre-optique-e1690435315297-768x300.png 768w, https:\/\/www.decelect.com\/wp-content\/uploads\/2023\/07\/bloc-fibre-optique-e1690435315297-18x7.png 18w, https:\/\/www.decelect.com\/wp-content\/uploads\/2023\/07\/bloc-fibre-optique-e1690435315297-200x78.png 200w\" sizes=\"(max-width: 1000px) 100vw, 1000px\" \/><\/figure>\n\n<\/div><\/div>\n<\/div>\n<\/div>\n<\/div>\n\n<div class=\"gb-container gb-container-3b251c3a\">\n<div class=\"gb-container gb-container-4307bfd9\">\n\n<h2 class=\"gb-headline gb-headline-f17e57d1\"><span class=\"gb-icon\"><svg class=\"bi bi-dash-lg\" fill=\"currentColor\" version=\"1.1\" viewbox=\"0 0 12 1\" xmlns=\"http:\/\/www.w3.org\/2000\/svg\"><path d=\"m0 0.5a0.5 0.5 0 0 1 0.5-0.5h11a0.5 0.5 0 0 1 0 1h-11a0.5 0.5 0 0 1-0.5-0.5z\" fill-rule=\"evenodd\"><\/path><\/svg><\/span><span class=\"gb-headline-text\"><strong><strong><strong>Immeuble sup\u00e9rieur ou \u00e9gal \u00e0 12 logements<\/strong><\/strong><\/strong><\/span><\/h2>\n\n\n\n<p><\/p>\n\n\n<div class=\"gb-grid-wrapper gb-grid-wrapper-b4ad62d8\">\n<div class=\"gb-grid-column gb-grid-column-319c5a10\"><div class=\"gb-container gb-container-319c5a10\">\n\n<figure class=\"gb-block-image gb-block-image-2d755529\"><img decoding=\"async\" width=\"1077\" height=\"1772\" class=\"gb-image gb-image-2d755529\" src=\"https:\/\/www.decelect.com\/wp-content\/uploads\/2019\/11\/FTTH-superieur-12-Logements.jpg\" alt=\"Immeuble sup\u00e9rieur a 12 logements\" title=\"FTTH-superieur-12-Logements\" srcset=\"https:\/\/www.decelect.com\/wp-content\/uploads\/2019\/11\/FTTH-superieur-12-Logements.jpg 1077w, https:\/\/www.decelect.com\/wp-content\/uploads\/2019\/11\/FTTH-superieur-12-Logements-182x300.jpg 182w, https:\/\/www.decelect.com\/wp-content\/uploads\/2019\/11\/FTTH-superieur-12-Logements-622x1024.jpg 622w, https:\/\/www.decelect.com\/wp-content\/uploads\/2019\/11\/FTTH-superieur-12-Logements-768x1264.jpg 768w, https:\/\/www.decelect.com\/wp-content\/uploads\/2019\/11\/FTTH-superieur-12-Logements-934x1536.jpg 934w, https:\/\/www.decelect.com\/wp-content\/uploads\/2019\/11\/FTTH-superieur-12-Logements-7x12.jpg 7w, https:\/\/www.decelect.com\/wp-content\/uploads\/2019\/11\/FTTH-superieur-12-Logements-200x329.jpg 200w\" sizes=\"(max-width: 1077px) 100vw, 1077px\" \/><\/figure>\n\n<\/div><\/div>\n\n<div class=\"gb-grid-column gb-grid-column-af8aac24\"><div class=\"gb-container gb-container-af8aac24\">\n\n<h5 class=\"wp-block-heading has-text-color\" style=\"color:#ec8943\"><strong>Coffret de communication<\/strong><\/h5>\n\n\n\n<p class=\"has-contrast-2-color has-text-color\">GRADE 4 avec DTIo<\/p>\n\n\n\n<p class=\"has-accent-color has-text-color\"><strong>R\u00e9f 1 fibre :\u00a0UBIDCHG4-1<br>R\u00e9f 4 fibres :\u00a0UBIDCHG4-<\/strong><\/p>\n\n\n\n<h5 class=\"wp-block-heading has-text-color\" style=\"color:#6dafff\"><strong>DTIo<\/strong><\/h5>\n\n\n\n<p class=\"has-contrast-2-color has-text-color\">Modulaire 1, 2 ou 4 fibres \u00e0 raccorder \u2013 coupe nette \u2013 (pour le neuf) 20, 30 et 50m<\/p>\n\n\n\n<p class=\"has-accent-color has-text-color\"><strong>R\u00e9f :\u00a0DMTA657XCNPXX<\/strong><\/p>\n\n\n\n<h5 class=\"wp-block-heading has-text-color\" style=\"color:#89692d\"><strong>Pto<\/strong><\/h5>\n\n\n\n<p class=\"has-contrast-2-color has-text-color\">1, 2 ou 4 fibres \u00e0 raccorder coupe nette (pour la r\u00e9no) 20, 30 et 50m<\/p>\n\n\n\n<p class=\"has-accent-color has-text-color\"><strong>R\u00e9f :\u00a0DTA657XCNPXX<\/strong><\/p>\n\n\n\n<h5 class=\"wp-block-heading has-text-color\" style=\"color:#66288a\"><strong>PBO<\/strong><\/h5>\n\n\n\n<p class=\"has-contrast-2-color has-text-color\">8 abonn\u00e9s 4 fibres \u2013 32 \u00e9pissures<br>12 abonn\u00e9s 1 fibre \u2013 12 \u00e9pissures<br>12 abonn\u00e9s 2 fibre \u2013 24 \u00e9pissures<\/p>\n\n\n\n<p class=\"has-accent-color has-text-color\"><strong>R\u00e9f :\u00a0PBO8A12A0001<\/strong><\/p>\n\n\n\n<h5 class=\"wp-block-heading has-accent-color has-text-color\"><strong>C\u00e2ble colonne montante \u2018\u2018Riser\u2019\u2019<\/strong><\/h5>\n\n\n\n<p class=\"has-contrast-2-color has-text-color\">Pr\u00e9connectoris\u00e9 (50%) c\u00f4t\u00e9 PMI<br>Modulo 4 \u2013 12 \u00e0 144 fibres<br>Modulo 6 \u2013 12 \u00e0 144 fibres<\/p>\n\n\n\n<p class=\"has-accent-color has-text-color\"><strong>R\u00e9f modulo 4 :\u00a0R657M4XXSA-XX<br>R\u00e9f modulo 6 :\u00a0R657M6XXSA-XX<\/strong><\/p>\n\n\n\n<h5 class=\"wp-block-heading has-accent-color has-text-color\"><strong>C\u00e2ble colonne montante \u2018\u2018Riser\u2019\u2019<\/strong><\/h5>\n\n\n\n<p class=\"has-contrast-2-color has-text-color\">Modulo 4 \u2013 24 \u00e0 144 fibres<br>Modulo 6 \u2013 24 \u00e0 144 fibres<\/p>\n\n\n\n<p class=\"has-accent-color has-text-color\"><strong>R\u00e9f modulo 4 :\u00a0TFT657A24-XX<br>R\u00e9f modulo 6 :\u00a0TFT657A26-XX<\/strong><\/p>\n\n<\/div><\/div>\n\n<div class=\"gb-grid-column gb-grid-column-b9bd9c55\"><div class=\"gb-container gb-container-b9bd9c55\"><\/div><\/div>\n<\/div>\n\n<div class=\"gb-grid-wrapper gb-grid-wrapper-994dad4f\">\n<div class=\"gb-grid-column gb-grid-column-18471ebf\"><div class=\"gb-container gb-container-18471ebf\">\n\n<h5 class=\"wp-block-heading has-text-color\" style=\"color:#ee2a13\">CIS<\/h5>\n\n\n\n<p class=\"has-contrast-2-color has-text-color\">Coffrets d\u2019interface des services version \u00e9tendue<br>2 DTIo, 5PC, 8 Prises RJ45<\/p>\n\n\n\n<p class=\"has-accent-color has-text-color\"><strong>R\u00e9f :\u00a0DCHCISVE001<\/strong><\/p>\n\n\n\n<h5 class=\"wp-block-heading has-text-color\" style=\"color:#78b7eb\">PMI de stockage<\/h5>\n\n\n\n<p class=\"has-contrast-2-color has-text-color\">Stocker les fibres en attente<\/p>\n\n\n\n<p class=\"has-accent-color has-text-color\"><strong>R\u00e9f :\u00a0DCHPMISTK001<\/strong><\/p>\n\n<\/div><\/div>\n\n<div class=\"gb-grid-column gb-grid-column-e15add16\"><div class=\"gb-container gb-container-e15add16\">\n\n<h5 class=\"wp-block-heading has-text-color\" style=\"color:#60bee6\">PMI<\/h5>\n\n\n\n<p class=\"has-contrast-2-color has-text-color\">Equip\u00e9 de travers\u00e9es SC\/APC<br>Capacit\u00e9 : 24, 48 et 72 selon besoin.<\/p>\n\n\n\n<p class=\"has-accent-color has-text-color\"><strong><br><\/strong>Avec pigtail<strong><br>R\u00e9f :&nbsp;DCHPMI24TR<br>R\u00e9f :&nbsp;DCHPMI48TR<br>R\u00e9f :&nbsp;DCHPMI72TR<\/strong><\/p>\n\n\n\n<p class=\"has-accent-color has-text-color\">Sans pigtail<strong><br>R\u00e9f :&nbsp;DCHPMI24TRPG<br>R\u00e9f :&nbsp;DCHPMI48TRPG<br>R\u00e9f :&nbsp;DCHPMI72TRPG<\/strong><\/p>\n\n<\/div><\/div>\n<\/div>\n<\/div>\n<\/div>","protected":false},"excerpt":{"rendered":"<p>Solution R\u00e9sidentiel \/ FTTH Immeuble sup\u00e9rieur ou \u00e9gal \u00e0 12 logements<\/p>","protected":false},"author":1,"featured_media":0,"parent":0,"menu_order":0,"comment_status":"closed","ping_status":"closed","template":"","meta":{"_acf_changed":false,"_seopress_robots_primary_cat":"","_seopress_titles_title":"","_seopress_titles_desc":"","_seopress_robots_index":"","content-type":"","footnotes":""},"class_list":["post-9980","page","type-page","status-publish"],"acf":[],"_links":{"self":[{"href":"https:\/\/www.decelect.com\/en\/wp-json\/wp\/v2\/pages\/9980","targetHints":{"allow":["GET"]}}],"collection":[{"href":"https:\/\/www.decelect.com\/en\/wp-json\/wp\/v2\/pages"}],"about":[{"href":"https:\/\/www.decelect.com\/en\/wp-json\/wp\/v2\/types\/page"}],"author":[{"embeddable":true,"href":"https:\/\/www.decelect.com\/en\/wp-json\/wp\/v2\/users\/1"}],"replies":[{"embeddable":true,"href":"https:\/\/www.decelect.com\/en\/wp-json\/wp\/v2\/comments?post=9980"}],"version-history":[{"count":3,"href":"https:\/\/www.decelect.com\/en\/wp-json\/wp\/v2\/pages\/9980\/revisions"}],"predecessor-version":[{"id":10235,"href":"https:\/\/www.decelect.com\/en\/wp-json\/wp\/v2\/pages\/9980\/revisions\/10235"}],"wp:attachment":[{"href":"https:\/\/www.decelect.com\/en\/wp-json\/wp\/v2\/media?parent=9980"}],"curies":[{"name":"wp","href":"https:\/\/api.w.org\/{rel}","templated":true}]}}