{"id":9617,"date":"2023-03-13T17:02:41","date_gmt":"2023-03-13T16:02:41","guid":{"rendered":"https:\/\/www.decelect.com\/?page_id=9617"},"modified":"2024-07-03T14:24:57","modified_gmt":"2024-07-03T12:24:57","slug":"gamme-vdi-reseau-numerique-cuivre","status":"publish","type":"page","link":"https:\/\/www.decelect.com\/en\/gamme-vdi-reseau-numerique-cuivre\/","title":{"rendered":"Gamme VDI &#8211; R\u00e9seau num\u00e9rique cuivre"},"content":{"rendered":"<div class=\"gb-container gb-container-87127543\">\n\n<h1 class=\"gb-headline gb-headline-15d8dbb2\"><span class=\"gb-icon\"><svg class=\"bi bi-dash-lg\" fill=\"currentColor\" version=\"1.1\" viewbox=\"0 0 12 1\" xmlns=\"http:\/\/www.w3.org\/2000\/svg\"><path d=\"m0 0.5a0.5 0.5 0 0 1 0.5-0.5h11a0.5 0.5 0 0 1 0 1h-11a0.5 0.5 0 0 1-0.5-0.5z\" fill-rule=\"evenodd\"><\/path><\/svg><\/span><span class=\"gb-headline-text\"><strong><strong><strong><strong>Gamme VDI &#8211; R\u00e9seau num\u00e9rique cuivre<\/strong><\/strong><\/strong><\/strong><\/span><\/h1>\n\n<div class=\"gb-shapes\"><div class=\"gb-shape gb-shape-1\"><svg xmlns=\"http:\/\/www.w3.org\/2000\/svg\" viewbox=\"0 0 1200 360\" preserveaspectratio=\"none\"><path d=\"M1200 360H0V0l1200 348z\"\/><\/svg><\/div><\/div><\/div>\n\n<div class=\"gb-container gb-container-140a9f62\">\n<div class=\"gb-container gb-container-520783d6\">\n<div class=\"gb-container gb-container-445ca081\">\n\n<p class=\"gb-headline gb-headline-84db36b3 gb-headline-text\">Notre gamme de produits VDI (Voix, Donn\u00e9es, Images) est con\u00e7ue pour offrir une connectivit\u00e9 <strong>fiable, rapide et polyvalente,<\/strong> garantissant une exp\u00e9rience utilisateur optimale dans chaque foyer.<\/p>\n\n\n\n<p class=\"gb-headline gb-headline-c4d305f7 gb-headline-text\">Nos coffrets de communication centralisent et organisent tous les \u00e9quipements n\u00e9cessaires \u00e0 une connectivit\u00e9 optimale, offrant une<strong> gestion centralis\u00e9e des c\u00e2bles et des connexions.<\/strong><\/p>\n\n\n\n<p class=\"gb-headline gb-headline-c595a4dd gb-headline-text\">Nous proposons une vari\u00e9t\u00e9 d&rsquo;\u00e9quipements permettant le raccordement RJ45 dans les logements, notamment : r\u00e9partiteur TV, cordons Balun, c\u00e2ble Grade 3, DTI RJ45, prises RJ45 murales, DTIO, etc&#8230;<\/p>\n\n<\/div>\n\n<div class=\"gb-container gb-container-54959048\">\n<div class=\"gb-container gb-container-3cfc3820\">\n\n<a class=\"gb-button gb-button-d7f2658e\" href=\"http:\/\/www.decelect.com\/en\/pdf\/Catalogue-residentiel-2022-SommaireV3-Couv-R%C3%A9duitV2.pdf\/\" target=\"_blank\" rel=\"nofollow noopener noreferrer\"><span class=\"gb-icon\"><svg viewbox=\"0 0 16 16\" class=\"bi bi-filetype-pdf\" fill=\"currentColor\" height=\"16\" width=\"16\" xmlns=\"http:\/\/www.w3.org\/2000\/svg\">   <path d=\"M14 4.5V14a2 2 0 0 1-2 2h-1v-1h1a1 1 0 0 0 1-1V4.5h-2A1.5 1.5 0 0 1 9.5 3V1H4a1 1 0 0 0-1 1v9H2V2a2 2 0 0 1 2-2h5.5L14 4.5ZM1.6 11.85H0v3.999h.791v-1.342h.803c.287 0 .531-.057.732-.173.203-.117.358-.275.463-.474a1.42 1.42 0 0 0 .161-.677c0-.25-.053-.476-.158-.677a1.176 1.176 0 0 0-.46-.477c-.2-.12-.443-.179-.732-.179Zm.545 1.333a.795.795 0 0 1-.085.38.574.574 0 0 1-.238.241.794.794 0 0 1-.375.082H.788V12.48h.66c.218 0 .389.06.512.181.123.122.185.296.185.522Zm1.217-1.333v3.999h1.46c.401 0 .734-.08.998-.237a1.45 1.45 0 0 0 .595-.689c.13-.3.196-.662.196-1.084 0-.42-.065-.778-.196-1.075a1.426 1.426 0 0 0-.589-.68c-.264-.156-.599-.234-1.005-.234H3.362Zm.791.645h.563c.248 0 .45.05.609.152a.89.89 0 0 1 .354.454c.079.201.118.452.118.753a2.3 2.3 0 0 1-.068.592 1.14 1.14 0 0 1-.196.422.8.8 0 0 1-.334.252 1.298 1.298 0 0 1-.483.082h-.563v-2.707Zm3.743 1.763v1.591h-.79V11.85h2.548v.653H7.896v1.117h1.606v.638H7.896Z\" fill-rule=\"evenodd\"><\/path> <\/svg><\/span><span class=\"gb-button-text\"><strong>T\u00e9l\u00e9charger le catalogue<\/strong><\/span><\/a>\n\n\n\n<a class=\"gb-button gb-button-8f9c08bd\" href=\"https:\/\/ubiwizz.com\/\" target=\"_blank\" rel=\"nofollow noopener noreferrer\"><span class=\"gb-icon\"><svg viewbox=\"0 0 16 16\" class=\"bi bi-chevron-right\" fill=\"currentColor\" height=\"16\" width=\"16\" xmlns=\"http:\/\/www.w3.org\/2000\/svg\">   <path d=\"M4.646 1.646a.5.5 0 0 1 .708 0l6 6a.5.5 0 0 1 0 .708l-6 6a.5.5 0 0 1-.708-.708L10.293 8 4.646 2.354a.5.5 0 0 1 0-.708z\" fill-rule=\"evenodd\"><\/path> <\/svg><\/span><span class=\"gb-button-text\"><strong>Voir nos produits en ligne<\/strong><\/span><\/a>\n\n<\/div>\n<\/div>\n<\/div>\n<\/div>\n\n<div class=\"gb-container gb-container-ac28fb63\">\n\n<div class=\"wp-block-columns is-layout-flex wp-container-core-columns-is-layout-9d6595d7 wp-block-columns-is-layout-flex\">\n<div class=\"wp-block-column is-layout-flow wp-block-column-is-layout-flow\">\n<figure class=\"gb-block-image gb-block-image-e64323fc\"><img decoding=\"async\" width=\"1024\" height=\"751\" class=\"gb-image gb-image-e64323fc\" src=\"https:\/\/www.decelect.com\/wp-content\/uploads\/2024\/05\/COESG3-4-1024x751.png\" alt=\"\" title=\"COESG3-4\" srcset=\"https:\/\/www.decelect.com\/wp-content\/uploads\/2024\/05\/COESG3-4-1024x751.png 1024w, https:\/\/www.decelect.com\/wp-content\/uploads\/2024\/05\/COESG3-4-300x220.png 300w, https:\/\/www.decelect.com\/wp-content\/uploads\/2024\/05\/COESG3-4-768x563.png 768w, https:\/\/www.decelect.com\/wp-content\/uploads\/2024\/05\/COESG3-4-1536x1126.png 1536w, https:\/\/www.decelect.com\/wp-content\/uploads\/2024\/05\/COESG3-4-16x12.png 16w, https:\/\/www.decelect.com\/wp-content\/uploads\/2024\/05\/COESG3-4-200x147.png 200w, https:\/\/www.decelect.com\/wp-content\/uploads\/2024\/05\/COESG3-4.png 1772w\" sizes=\"(max-width: 1024px) 100vw, 1024px\" \/><\/figure>\n<\/div>\n\n\n\n<div class=\"wp-block-column is-layout-flow wp-block-column-is-layout-flow\">\n<figure class=\"gb-block-image gb-block-image-d2fc2904\"><img decoding=\"async\" width=\"1080\" height=\"1080\" class=\"gb-image gb-image-d2fc2904\" src=\"https:\/\/www.decelect.com\/wp-content\/uploads\/2024\/05\/visuel-site-decelect-15.png\" alt=\"\" title=\"visuel-site-decelect-15\" srcset=\"https:\/\/www.decelect.com\/wp-content\/uploads\/2024\/05\/visuel-site-decelect-15.png 1080w, https:\/\/www.decelect.com\/wp-content\/uploads\/2024\/05\/visuel-site-decelect-15-300x300.png 300w, https:\/\/www.decelect.com\/wp-content\/uploads\/2024\/05\/visuel-site-decelect-15-1024x1024.png 1024w, https:\/\/www.decelect.com\/wp-content\/uploads\/2024\/05\/visuel-site-decelect-15-150x150.png 150w, https:\/\/www.decelect.com\/wp-content\/uploads\/2024\/05\/visuel-site-decelect-15-768x768.png 768w, https:\/\/www.decelect.com\/wp-content\/uploads\/2024\/05\/visuel-site-decelect-15-12x12.png 12w, https:\/\/www.decelect.com\/wp-content\/uploads\/2024\/05\/visuel-site-decelect-15-200x200.png 200w\" sizes=\"(max-width: 1080px) 100vw, 1080px\" \/><\/figure>\n<\/div>\n\n\n\n<div class=\"wp-block-column is-layout-flow wp-block-column-is-layout-flow\">\n<figure class=\"gb-block-image gb-block-image-67a21945\"><img decoding=\"async\" width=\"249\" height=\"289\" class=\"gb-image gb-image-67a21945\" src=\"https:\/\/www.decelect.com\/wp-content\/uploads\/2024\/05\/DC6A10G-LED-VT-0504300c.png\" alt=\"\" title=\"DC6A10G-LED-VT-0504300c\" srcset=\"https:\/\/www.decelect.com\/wp-content\/uploads\/2024\/05\/DC6A10G-LED-VT-0504300c.png 249w, https:\/\/www.decelect.com\/wp-content\/uploads\/2024\/05\/DC6A10G-LED-VT-0504300c-10x12.png 10w, https:\/\/www.decelect.com\/wp-content\/uploads\/2024\/05\/DC6A10G-LED-VT-0504300c-200x232.png 200w\" sizes=\"(max-width: 249px) 100vw, 249px\" \/><\/figure>\n<\/div>\n\n\n\n<div class=\"wp-block-column is-layout-flow wp-block-column-is-layout-flow\">\n<figure class=\"gb-block-image gb-block-image-1d9cdea8\"><img decoding=\"async\" width=\"591\" height=\"591\" class=\"gb-image gb-image-1d9cdea8\" src=\"https:\/\/www.decelect.com\/wp-content\/uploads\/2024\/05\/DSCF8812-600px.jpg\" alt=\"\" title=\"DSCF8812-600px\" srcset=\"https:\/\/www.decelect.com\/wp-content\/uploads\/2024\/05\/DSCF8812-600px.jpg 591w, https:\/\/www.decelect.com\/wp-content\/uploads\/2024\/05\/DSCF8812-600px-300x300.jpg 300w, https:\/\/www.decelect.com\/wp-content\/uploads\/2024\/05\/DSCF8812-600px-150x150.jpg 150w, https:\/\/www.decelect.com\/wp-content\/uploads\/2024\/05\/DSCF8812-600px-12x12.jpg 12w, https:\/\/www.decelect.com\/wp-content\/uploads\/2024\/05\/DSCF8812-600px-200x200.jpg 200w\" sizes=\"(max-width: 591px) 100vw, 591px\" \/><\/figure>\n<\/div>\n\n\n\n<div class=\"wp-block-column is-layout-flow wp-block-column-is-layout-flow\">\n<figure class=\"gb-block-image gb-block-image-08cdeaed\"><img decoding=\"async\" width=\"1181\" height=\"886\" class=\"gb-image gb-image-08cdeaed\" src=\"https:\/\/www.decelect.com\/wp-content\/uploads\/2024\/05\/DSCF9730R-1007300c.png\" alt=\"\" title=\"DSCF9730R-1007300c\" srcset=\"https:\/\/www.decelect.com\/wp-content\/uploads\/2024\/05\/DSCF9730R-1007300c.png 1181w, https:\/\/www.decelect.com\/wp-content\/uploads\/2024\/05\/DSCF9730R-1007300c-300x225.png 300w, https:\/\/www.decelect.com\/wp-content\/uploads\/2024\/05\/DSCF9730R-1007300c-1024x768.png 1024w, https:\/\/www.decelect.com\/wp-content\/uploads\/2024\/05\/DSCF9730R-1007300c-768x576.png 768w, https:\/\/www.decelect.com\/wp-content\/uploads\/2024\/05\/DSCF9730R-1007300c-16x12.png 16w, https:\/\/www.decelect.com\/wp-content\/uploads\/2024\/05\/DSCF9730R-1007300c-200x150.png 200w\" sizes=\"(max-width: 1181px) 100vw, 1181px\" \/><\/figure>\n<\/div>\n\n\n\n<div class=\"wp-block-column is-layout-flow wp-block-column-is-layout-flow\">\n<figure class=\"gb-block-image gb-block-image-7f30485b\"><img decoding=\"async\" width=\"827\" height=\"827\" class=\"gb-image gb-image-7f30485b\" src=\"https:\/\/www.decelect.com\/wp-content\/uploads\/2024\/05\/CR603B-XXVT.png\" alt=\"\" title=\"CR603B-XXVT\" srcset=\"https:\/\/www.decelect.com\/wp-content\/uploads\/2024\/05\/CR603B-XXVT.png 827w, https:\/\/www.decelect.com\/wp-content\/uploads\/2024\/05\/CR603B-XXVT-300x300.png 300w, https:\/\/www.decelect.com\/wp-content\/uploads\/2024\/05\/CR603B-XXVT-150x150.png 150w, https:\/\/www.decelect.com\/wp-content\/uploads\/2024\/05\/CR603B-XXVT-768x768.png 768w, https:\/\/www.decelect.com\/wp-content\/uploads\/2024\/05\/CR603B-XXVT-12x12.png 12w, https:\/\/www.decelect.com\/wp-content\/uploads\/2024\/05\/CR603B-XXVT-200x200.png 200w\" sizes=\"(max-width: 827px) 100vw, 827px\" \/><\/figure>\n<\/div>\n<\/div>\n\n<\/div>\n\n<div class=\"gb-container gb-container-2c295428\"><div class=\"gb-inside-container\">\n\n<h2 class=\"gb-headline gb-headline-1d43a2cc\"><span class=\"gb-icon\"><svg class=\"bi bi-dash-lg\" fill=\"currentColor\" version=\"1.1\" viewbox=\"0 0 12 1\" xmlns=\"http:\/\/www.w3.org\/2000\/svg\"><path d=\"m0 0.5a0.5 0.5 0 0 1 0.5-0.5h11a0.5 0.5 0 0 1 0 1h-11a0.5 0.5 0 0 1-0.5-0.5z\" fill-rule=\"evenodd\"><\/path><\/svg><\/span><span class=\"gb-headline-text\"><strong>Do you have <mark style=\"background-color:rgba(0, 0, 0, 0)\" class=\"has-inline-color has-accent-color\">une question concernant les coffrets de communication ?<\/mark><\/strong><\/span><\/h2>\n\n\n\n<p class=\"gb-headline gb-headline-73aa4c28 gb-headline-text\">Laissez nous vos coordonn\u00e9es et nous vous contacterons dans les plus brefs d\u00e9lais<\/p>\n\n\n<div class=\"gb-button-wrapper gb-button-wrapper-7f0fb91a\">\n\n<a class=\"gb-button gb-button-5160d806 --icon-on-hover\" href=\"https:\/\/www.decelect.com\/en\/contact\/\"><span class=\"gb-button-text\"><strong>Contact us<\/strong><\/span><span class=\"gb-icon\"><svg viewbox=\"0 0 16 16\" class=\"bi bi-chevron-right\" fill=\"currentColor\" height=\"16\" width=\"16\" xmlns=\"http:\/\/www.w3.org\/2000\/svg\">   <path d=\"M4.646 1.646a.5.5 0 0 1 .708 0l6 6a.5.5 0 0 1 0 .708l-6 6a.5.5 0 0 1-.708-.708L10.293 8 4.646 2.354a.5.5 0 0 1 0-.708z\" fill-rule=\"evenodd\"><\/path> <\/svg><\/span><\/a>\n\n<\/div>\n<\/div><\/div>","protected":false},"excerpt":{"rendered":"<p>Gamme VDI &#8211; R\u00e9seau num\u00e9rique cuivre Notre gamme de produits VDI (Voix, Donn\u00e9es, Images) est con\u00e7ue pour offrir une connectivit\u00e9 fiable, rapide et polyvalente, garantissant une exp\u00e9rience utilisateur optimale dans chaque foyer. Nos coffrets de communication centralisent et organisent tous les \u00e9quipements n\u00e9cessaires \u00e0 une connectivit\u00e9 optimale, offrant une gestion centralis\u00e9e des c\u00e2bles et des &#8230; <a title=\"VDI range \u2013 Copper digital network\" class=\"read-more\" href=\"https:\/\/www.decelect.com\/en\/gamme-vdi-reseau-numerique-cuivre\/\" aria-label=\"Read more about Gamme VDI &#8211; R\u00e9seau num\u00e9rique cuivre\">Read more<\/a><\/p>","protected":false},"author":3,"featured_media":0,"parent":0,"menu_order":0,"comment_status":"closed","ping_status":"closed","template":"","meta":{"_acf_changed":false,"_seopress_robots_primary_cat":"","_seopress_titles_title":"","_seopress_titles_desc":"","_seopress_robots_index":"","content-type":"","footnotes":""},"class_list":["post-9617","page","type-page","status-publish"],"acf":[],"_links":{"self":[{"href":"https:\/\/www.decelect.com\/en\/wp-json\/wp\/v2\/pages\/9617","targetHints":{"allow":["GET"]}}],"collection":[{"href":"https:\/\/www.decelect.com\/en\/wp-json\/wp\/v2\/pages"}],"about":[{"href":"https:\/\/www.decelect.com\/en\/wp-json\/wp\/v2\/types\/page"}],"author":[{"embeddable":true,"href":"https:\/\/www.decelect.com\/en\/wp-json\/wp\/v2\/users\/3"}],"replies":[{"embeddable":true,"href":"https:\/\/www.decelect.com\/en\/wp-json\/wp\/v2\/comments?post=9617"}],"version-history":[{"count":3,"href":"https:\/\/www.decelect.com\/en\/wp-json\/wp\/v2\/pages\/9617\/revisions"}],"predecessor-version":[{"id":11446,"href":"https:\/\/www.decelect.com\/en\/wp-json\/wp\/v2\/pages\/9617\/revisions\/11446"}],"wp:attachment":[{"href":"https:\/\/www.decelect.com\/en\/wp-json\/wp\/v2\/media?parent=9617"}],"curies":[{"name":"wp","href":"https:\/\/api.w.org\/{rel}","templated":true}]}}