{"id":9611,"date":"2023-03-13T17:02:09","date_gmt":"2023-03-13T16:02:09","guid":{"rendered":"https:\/\/www.decelect.com\/?page_id=9611"},"modified":"2024-07-03T14:08:56","modified_gmt":"2024-07-03T12:08:56","slug":"gamme-cablage-5g","status":"publish","type":"page","link":"https:\/\/www.decelect.com\/en\/gamme-cablage-5g\/","title":{"rendered":"5G Cabling Range"},"content":{"rendered":"<div class=\"gb-container gb-container-0feb08f7\">\n\n<h1 class=\"gb-headline gb-headline-eb08dd04\"><span class=\"gb-icon\"><svg class=\"bi bi-dash-lg\" fill=\"currentColor\" version=\"1.1\" viewbox=\"0 0 12 1\" xmlns=\"http:\/\/www.w3.org\/2000\/svg\"><path d=\"m0 0.5a0.5 0.5 0 0 1 0.5-0.5h11a0.5 0.5 0 0 1 0 1h-11a0.5 0.5 0 0 1-0.5-0.5z\" fill-rule=\"evenodd\"><\/path><\/svg><\/span><span class=\"gb-headline-text\"><strong><strong><strong><strong>Gamme de c\u00e2blage pour r\u00e9seaux 5G<\/strong><\/strong><\/strong><\/strong><\/span><\/h1>\n\n<div class=\"gb-shapes\"><div class=\"gb-shape gb-shape-1\"><svg xmlns=\"http:\/\/www.w3.org\/2000\/svg\" viewbox=\"0 0 1200 360\" preserveaspectratio=\"none\"><path d=\"M1200 360H0V0l1200 348z\"\/><\/svg><\/div><\/div><\/div>\n\n<div class=\"gb-container gb-container-e83e1721\">\n<div class=\"gb-container gb-container-c586a465\">\n\n<p><\/p>\n\n\n\n<div class=\"wp-block-columns is-layout-flex wp-container-core-columns-is-layout-9d6595d7 wp-block-columns-is-layout-flex\">\n<div class=\"wp-block-column is-layout-flow wp-block-column-is-layout-flow\">\n<p><\/p>\n\n\n\n<p><\/p>\n\n\n\n<p>Destin\u00e9 aux d\u00e9ploiements de la 5G, nous proposons une gamme permettant le raccordement et assurant une connexion fiable entre les diff\u00e9rentes composantes du r\u00e9seau, de la baie r\u00e9seau \u00e0 l&rsquo;antenne : c\u00e2ble hybride double conducteurs, trunk Power 5G, plug Power 5G, cordons Power 5G, etc&#8230;<\/p>\n<\/div>\n\n\n\n<div class=\"wp-block-column is-layout-flow wp-block-column-is-layout-flow\">\n<figure class=\"gb-block-image gb-block-image-c433fa2d\"><img decoding=\"async\" width=\"3840\" height=\"2400\" class=\"gb-image gb-image-c433fa2d\" src=\"https:\/\/www.decelect.com\/wp-content\/uploads\/2024\/06\/cable-hybride-noir.png\" alt=\"\" title=\"cable-hybride-noir\" srcset=\"https:\/\/www.decelect.com\/wp-content\/uploads\/2024\/06\/cable-hybride-noir.png 3840w, https:\/\/www.decelect.com\/wp-content\/uploads\/2024\/06\/cable-hybride-noir-300x188.png 300w, https:\/\/www.decelect.com\/wp-content\/uploads\/2024\/06\/cable-hybride-noir-1024x640.png 1024w, https:\/\/www.decelect.com\/wp-content\/uploads\/2024\/06\/cable-hybride-noir-768x480.png 768w, https:\/\/www.decelect.com\/wp-content\/uploads\/2024\/06\/cable-hybride-noir-1536x960.png 1536w, https:\/\/www.decelect.com\/wp-content\/uploads\/2024\/06\/cable-hybride-noir-2048x1280.png 2048w, https:\/\/www.decelect.com\/wp-content\/uploads\/2024\/06\/cable-hybride-noir-18x12.png 18w, https:\/\/www.decelect.com\/wp-content\/uploads\/2024\/06\/cable-hybride-noir-200x125.png 200w\" sizes=\"(max-width: 3840px) 100vw, 3840px\" \/><\/figure>\n<\/div>\n<\/div>\n\n<\/div>\n\n<div class=\"gb-container gb-container-13940f0a\"><\/div>\n\n<div class=\"gb-container gb-container-a46cf1f2\">\n<div class=\"gb-container gb-container-3cfc3820\">\n\n<a class=\"gb-button gb-button-d7f2658e\" href=\"http:\/\/decelect.com\/pdf\/Catalogue-tertiaire-2024_BD.pdf \" target=\"_blank\" rel=\"nofollow noopener noreferrer\"><span class=\"gb-icon\"><svg viewbox=\"0 0 16 16\" class=\"bi bi-filetype-pdf\" fill=\"currentColor\" height=\"16\" width=\"16\" xmlns=\"http:\/\/www.w3.org\/2000\/svg\">   <path d=\"M14 4.5V14a2 2 0 0 1-2 2h-1v-1h1a1 1 0 0 0 1-1V4.5h-2A1.5 1.5 0 0 1 9.5 3V1H4a1 1 0 0 0-1 1v9H2V2a2 2 0 0 1 2-2h5.5L14 4.5ZM1.6 11.85H0v3.999h.791v-1.342h.803c.287 0 .531-.057.732-.173.203-.117.358-.275.463-.474a1.42 1.42 0 0 0 .161-.677c0-.25-.053-.476-.158-.677a1.176 1.176 0 0 0-.46-.477c-.2-.12-.443-.179-.732-.179Zm.545 1.333a.795.795 0 0 1-.085.38.574.574 0 0 1-.238.241.794.794 0 0 1-.375.082H.788V12.48h.66c.218 0 .389.06.512.181.123.122.185.296.185.522Zm1.217-1.333v3.999h1.46c.401 0 .734-.08.998-.237a1.45 1.45 0 0 0 .595-.689c.13-.3.196-.662.196-1.084 0-.42-.065-.778-.196-1.075a1.426 1.426 0 0 0-.589-.68c-.264-.156-.599-.234-1.005-.234H3.362Zm.791.645h.563c.248 0 .45.05.609.152a.89.89 0 0 1 .354.454c.079.201.118.452.118.753a2.3 2.3 0 0 1-.068.592 1.14 1.14 0 0 1-.196.422.8.8 0 0 1-.334.252 1.298 1.298 0 0 1-.483.082h-.563v-2.707Zm3.743 1.763v1.591h-.79V11.85h2.548v.653H7.896v1.117h1.606v.638H7.896Z\" fill-rule=\"evenodd\"><\/path> <\/svg><\/span><span class=\"gb-button-text\"><strong>T\u00e9l\u00e9charger le catalogue<\/strong><\/span><\/a>\n\n\n\n<a class=\"gb-button gb-button-8f9c08bd\" href=\"#\" target=\"_blank\" rel=\"nofollow noopener noreferrer\"><span class=\"gb-icon\"><svg viewbox=\"0 0 16 16\" class=\"bi bi-chevron-right\" fill=\"currentColor\" height=\"16\" width=\"16\" xmlns=\"http:\/\/www.w3.org\/2000\/svg\">   <path d=\"M4.646 1.646a.5.5 0 0 1 .708 0l6 6a.5.5 0 0 1 0 .708l-6 6a.5.5 0 0 1-.708-.708L10.293 8 4.646 2.354a.5.5 0 0 1 0-.708z\" fill-rule=\"evenodd\"><\/path> <\/svg><\/span><span class=\"gb-button-text\"><strong>Voir nos produits en ligne<\/strong><\/span><\/a>\n\n<\/div>\n<\/div>\n<\/div>\n\n<div class=\"gb-container gb-container-23548f84\">\n<div class=\"gb-container gb-container-dbcc4d58\">\n<div class=\"gb-grid-wrapper gb-grid-wrapper-13f537e8\">\n<div class=\"gb-grid-column gb-grid-column-7b22d8c3\"><div class=\"gb-container gb-container-7b22d8c3\">\n\n<figure class=\"gb-block-image gb-block-image-a79f7136\"><img decoding=\"async\" width=\"975\" height=\"697\" class=\"gb-image gb-image-a79f7136\" src=\"https:\/\/www.decelect.com\/wp-content\/uploads\/2024\/06\/Cordon-5G-120-3.png\" alt=\"\" title=\"Cordon-5G-120-3\" srcset=\"https:\/\/www.decelect.com\/wp-content\/uploads\/2024\/06\/Cordon-5G-120-3.png 975w, https:\/\/www.decelect.com\/wp-content\/uploads\/2024\/06\/Cordon-5G-120-3-300x214.png 300w, https:\/\/www.decelect.com\/wp-content\/uploads\/2024\/06\/Cordon-5G-120-3-768x549.png 768w, https:\/\/www.decelect.com\/wp-content\/uploads\/2024\/06\/Cordon-5G-120-3-18x12.png 18w, https:\/\/www.decelect.com\/wp-content\/uploads\/2024\/06\/Cordon-5G-120-3-200x143.png 200w\" sizes=\"(max-width: 975px) 100vw, 975px\" \/><\/figure>\n\n<\/div><\/div>\n\n<div class=\"gb-grid-column gb-grid-column-3ee46c8b\"><div class=\"gb-container gb-container-3ee46c8b\">\n\n<figure class=\"gb-block-image gb-block-image-dc2008e4\"><img decoding=\"async\" width=\"1890\" height=\"1158\" class=\"gb-image gb-image-dc2008e4\" src=\"https:\/\/www.decelect.com\/wp-content\/uploads\/2024\/06\/8P8CPO5G01.png\" alt=\"\" title=\"8P8CPO5G01\" srcset=\"https:\/\/www.decelect.com\/wp-content\/uploads\/2024\/06\/8P8CPO5G01.png 1890w, https:\/\/www.decelect.com\/wp-content\/uploads\/2024\/06\/8P8CPO5G01-300x184.png 300w, https:\/\/www.decelect.com\/wp-content\/uploads\/2024\/06\/8P8CPO5G01-1024x627.png 1024w, https:\/\/www.decelect.com\/wp-content\/uploads\/2024\/06\/8P8CPO5G01-768x471.png 768w, https:\/\/www.decelect.com\/wp-content\/uploads\/2024\/06\/8P8CPO5G01-1536x941.png 1536w, https:\/\/www.decelect.com\/wp-content\/uploads\/2024\/06\/8P8CPO5G01-18x12.png 18w, https:\/\/www.decelect.com\/wp-content\/uploads\/2024\/06\/8P8CPO5G01-200x123.png 200w\" sizes=\"(max-width: 1890px) 100vw, 1890px\" \/><\/figure>\n\n<\/div><\/div>\n\n<div class=\"gb-grid-column gb-grid-column-6cd67790\"><div class=\"gb-container gb-container-6cd67790\">\n\n<figure class=\"gb-block-image gb-block-image-21b26ed5\"><img decoding=\"async\" width=\"2848\" height=\"2136\" class=\"gb-image gb-image-21b26ed5\" src=\"https:\/\/www.decelect.com\/wp-content\/uploads\/2024\/06\/8P8CPO5G01-2.png\" alt=\"\" title=\"8P8CPO5G01-2\" srcset=\"https:\/\/www.decelect.com\/wp-content\/uploads\/2024\/06\/8P8CPO5G01-2.png 2848w, https:\/\/www.decelect.com\/wp-content\/uploads\/2024\/06\/8P8CPO5G01-2-300x225.png 300w, https:\/\/www.decelect.com\/wp-content\/uploads\/2024\/06\/8P8CPO5G01-2-1024x768.png 1024w, https:\/\/www.decelect.com\/wp-content\/uploads\/2024\/06\/8P8CPO5G01-2-768x576.png 768w, https:\/\/www.decelect.com\/wp-content\/uploads\/2024\/06\/8P8CPO5G01-2-1536x1152.png 1536w, https:\/\/www.decelect.com\/wp-content\/uploads\/2024\/06\/8P8CPO5G01-2-2048x1536.png 2048w, https:\/\/www.decelect.com\/wp-content\/uploads\/2024\/06\/8P8CPO5G01-2-16x12.png 16w, https:\/\/www.decelect.com\/wp-content\/uploads\/2024\/06\/8P8CPO5G01-2-200x150.png 200w\" sizes=\"(max-width: 2848px) 100vw, 2848px\" \/><\/figure>\n\n<\/div><\/div>\n\n<div class=\"gb-grid-column gb-grid-column-106ac06c\"><div class=\"gb-container gb-container-106ac06c\">\n\n<figure class=\"gb-block-image gb-block-image-843b5d2e\"><img decoding=\"async\" width=\"4032\" height=\"3024\" class=\"gb-image gb-image-843b5d2e\" src=\"https:\/\/www.decelect.com\/wp-content\/uploads\/2024\/06\/visuel-cordon-5g-2.png\" alt=\"\" title=\"visuel-cordon-5g-2\" srcset=\"https:\/\/www.decelect.com\/wp-content\/uploads\/2024\/06\/visuel-cordon-5g-2.png 4032w, https:\/\/www.decelect.com\/wp-content\/uploads\/2024\/06\/visuel-cordon-5g-2-300x225.png 300w, https:\/\/www.decelect.com\/wp-content\/uploads\/2024\/06\/visuel-cordon-5g-2-1024x768.png 1024w, https:\/\/www.decelect.com\/wp-content\/uploads\/2024\/06\/visuel-cordon-5g-2-768x576.png 768w, https:\/\/www.decelect.com\/wp-content\/uploads\/2024\/06\/visuel-cordon-5g-2-1536x1152.png 1536w, https:\/\/www.decelect.com\/wp-content\/uploads\/2024\/06\/visuel-cordon-5g-2-2048x1536.png 2048w, https:\/\/www.decelect.com\/wp-content\/uploads\/2024\/06\/visuel-cordon-5g-2-16x12.png 16w, https:\/\/www.decelect.com\/wp-content\/uploads\/2024\/06\/visuel-cordon-5g-2-200x150.png 200w\" sizes=\"(max-width: 4032px) 100vw, 4032px\" \/><\/figure>\n\n<\/div><\/div>\n<\/div>\n<\/div>\n<\/div>\n\n<div class=\"gb-container gb-container-e25174b7\"><div class=\"gb-inside-container\">\n\n<h2 class=\"gb-headline gb-headline-3f73b311\"><span class=\"gb-icon\"><svg class=\"bi bi-dash-lg\" fill=\"currentColor\" version=\"1.1\" viewbox=\"0 0 12 1\" xmlns=\"http:\/\/www.w3.org\/2000\/svg\"><path d=\"m0 0.5a0.5 0.5 0 0 1 0.5-0.5h11a0.5 0.5 0 0 1 0 1h-11a0.5 0.5 0 0 1-0.5-0.5z\" fill-rule=\"evenodd\"><\/path><\/svg><\/span><span class=\"gb-headline-text\"><strong>Do you have <mark style=\"background-color:rgba(0, 0, 0, 0)\" class=\"has-inline-color has-accent-color\">une question concernant notre c\u00e2blage pour R\u00e9seaux 5G ?<\/mark><\/strong><\/span><\/h2>\n\n\n\n<p class=\"gb-headline gb-headline-d360d0ab gb-headline-text\">Laissez nous vos coordonn\u00e9es et nous vous contacterons dans les plus brefs d\u00e9lais<\/p>\n\n\n<div class=\"gb-button-wrapper gb-button-wrapper-d4f45297\">\n\n<a class=\"gb-button gb-button-6add8d58 --icon-on-hover\" href=\"https:\/\/www.decelect.com\/en\/contact\/\"><span class=\"gb-button-text\"><strong>Contact us<\/strong><\/span><span class=\"gb-icon\"><svg viewbox=\"0 0 16 16\" class=\"bi bi-chevron-right\" fill=\"currentColor\" height=\"16\" width=\"16\" xmlns=\"http:\/\/www.w3.org\/2000\/svg\">   <path d=\"M4.646 1.646a.5.5 0 0 1 .708 0l6 6a.5.5 0 0 1 0 .708l-6 6a.5.5 0 0 1-.708-.708L10.293 8 4.646 2.354a.5.5 0 0 1 0-.708z\" fill-rule=\"evenodd\"><\/path> <\/svg><\/span><\/a>\n\n<\/div>\n\n\n<div style=\"height:24px\" aria-hidden=\"true\" class=\"wp-block-spacer\"><\/div>\n\n<\/div><\/div>","protected":false},"excerpt":{"rendered":"<p>Gamme de c\u00e2blage pour r\u00e9seaux 5G Destin\u00e9 aux d\u00e9ploiements de la 5G, nous proposons une gamme permettant le raccordement et assurant une connexion fiable entre les diff\u00e9rentes composantes du r\u00e9seau, de la baie r\u00e9seau \u00e0 l&rsquo;antenne : c\u00e2ble hybride double conducteurs, trunk Power 5G, plug Power 5G, cordons Power 5G, etc&#8230; Vous avez une question &#8230; <a title=\"5G Cabling Range\" class=\"read-more\" href=\"https:\/\/www.decelect.com\/en\/gamme-cablage-5g\/\" aria-label=\"Read more about Gamme C\u00e2blage 5G\">Read more<\/a><\/p>","protected":false},"author":3,"featured_media":0,"parent":0,"menu_order":0,"comment_status":"closed","ping_status":"closed","template":"","meta":{"_acf_changed":false,"_seopress_robots_primary_cat":"","_seopress_titles_title":"","_seopress_titles_desc":"","_seopress_robots_index":"","content-type":"","footnotes":""},"class_list":["post-9611","page","type-page","status-publish"],"acf":[],"_links":{"self":[{"href":"https:\/\/www.decelect.com\/en\/wp-json\/wp\/v2\/pages\/9611","targetHints":{"allow":["GET"]}}],"collection":[{"href":"https:\/\/www.decelect.com\/en\/wp-json\/wp\/v2\/pages"}],"about":[{"href":"https:\/\/www.decelect.com\/en\/wp-json\/wp\/v2\/types\/page"}],"author":[{"embeddable":true,"href":"https:\/\/www.decelect.com\/en\/wp-json\/wp\/v2\/users\/3"}],"replies":[{"embeddable":true,"href":"https:\/\/www.decelect.com\/en\/wp-json\/wp\/v2\/comments?post=9611"}],"version-history":[{"count":2,"href":"https:\/\/www.decelect.com\/en\/wp-json\/wp\/v2\/pages\/9611\/revisions"}],"predecessor-version":[{"id":11452,"href":"https:\/\/www.decelect.com\/en\/wp-json\/wp\/v2\/pages\/9611\/revisions\/11452"}],"wp:attachment":[{"href":"https:\/\/www.decelect.com\/en\/wp-json\/wp\/v2\/media?parent=9611"}],"curies":[{"name":"wp","href":"https:\/\/api.w.org\/{rel}","templated":true}]}}