{"id":9605,"date":"2023-03-13T17:01:31","date_gmt":"2023-03-13T16:01:31","guid":{"rendered":"https:\/\/www.decelect.com\/?page_id=9605"},"modified":"2024-07-03T13:48:07","modified_gmt":"2024-07-03T11:48:07","slug":"gamme-raccordement-electrique","status":"publish","type":"page","link":"https:\/\/www.decelect.com\/en\/gamme-raccordement-electrique\/","title":{"rendered":"Electrical connection range"},"content":{"rendered":"<div class=\"gb-container gb-container-e62156bf\">\n\n<h1 class=\"gb-headline gb-headline-fad191a2\"><span class=\"gb-icon\"><svg class=\"bi bi-dash-lg\" fill=\"currentColor\" version=\"1.1\" viewbox=\"0 0 12 1\" xmlns=\"http:\/\/www.w3.org\/2000\/svg\"><path d=\"m0 0.5a0.5 0.5 0 0 1 0.5-0.5h11a0.5 0.5 0 0 1 0 1h-11a0.5 0.5 0 0 1-0.5-0.5z\" fill-rule=\"evenodd\"><\/path><\/svg><\/span><span class=\"gb-headline-text\"><strong><strong><strong><strong>Electrical connection range<\/strong><\/strong><\/strong><\/strong><\/span><\/h1>\n\n<div class=\"gb-shapes\"><div class=\"gb-shape gb-shape-1\"><svg xmlns=\"http:\/\/www.w3.org\/2000\/svg\" viewbox=\"0 0 1200 360\" preserveaspectratio=\"none\"><path d=\"M1200 360H0V0l1200 348z\"\/><\/svg><\/div><\/div><\/div>\n\n<div class=\"gb-container gb-container-b1ba2c70\">\n<div class=\"gb-container gb-container-a2095c12\">\n\n<p class=\"gb-headline gb-headline-bf65c21c gb-headline-text\">Prises de courant, chargeur USB-C, blocs multiprises, boitiers saillie, bornes de connexion, cordons d&rsquo;alimentation, notre large gamme d&rsquo;accessoires de raccordement \u00e9lectrique r\u00e9pond \u00e0 tous vos besoins en alimentation \u00e9lectrique dans le logement. Que ce soit pour charger vos appareils \u00e9lectroniques, brancher des \u00e9quipements \u00e9lectriques ou \u00e9tendre votre r\u00e9seau \u00e9lectrique, nous avons tout ce dont vous avez besoin.<br><br><\/p>\n\n<\/div>\n\n<div class=\"gb-container gb-container-b98bfbd4\">\n<div class=\"gb-container gb-container-3cfc3820\">\n\n<a class=\"gb-button gb-button-d7f2658e\" href=\"http:\/\/www.decelect.com\/en\/pdf\/Catalogue-residentiel-2022-SommaireV3-Couv-R%C3%A9duitV2.pdf\/\" target=\"_blank\" rel=\"nofollow noopener noreferrer\"><span class=\"gb-icon\"><svg viewbox=\"0 0 16 16\" class=\"bi bi-filetype-pdf\" fill=\"currentColor\" height=\"16\" width=\"16\" xmlns=\"http:\/\/www.w3.org\/2000\/svg\">   <path d=\"M14 4.5V14a2 2 0 0 1-2 2h-1v-1h1a1 1 0 0 0 1-1V4.5h-2A1.5 1.5 0 0 1 9.5 3V1H4a1 1 0 0 0-1 1v9H2V2a2 2 0 0 1 2-2h5.5L14 4.5ZM1.6 11.85H0v3.999h.791v-1.342h.803c.287 0 .531-.057.732-.173.203-.117.358-.275.463-.474a1.42 1.42 0 0 0 .161-.677c0-.25-.053-.476-.158-.677a1.176 1.176 0 0 0-.46-.477c-.2-.12-.443-.179-.732-.179Zm.545 1.333a.795.795 0 0 1-.085.38.574.574 0 0 1-.238.241.794.794 0 0 1-.375.082H.788V12.48h.66c.218 0 .389.06.512.181.123.122.185.296.185.522Zm1.217-1.333v3.999h1.46c.401 0 .734-.08.998-.237a1.45 1.45 0 0 0 .595-.689c.13-.3.196-.662.196-1.084 0-.42-.065-.778-.196-1.075a1.426 1.426 0 0 0-.589-.68c-.264-.156-.599-.234-1.005-.234H3.362Zm.791.645h.563c.248 0 .45.05.609.152a.89.89 0 0 1 .354.454c.079.201.118.452.118.753a2.3 2.3 0 0 1-.068.592 1.14 1.14 0 0 1-.196.422.8.8 0 0 1-.334.252 1.298 1.298 0 0 1-.483.082h-.563v-2.707Zm3.743 1.763v1.591h-.79V11.85h2.548v.653H7.896v1.117h1.606v.638H7.896Z\" fill-rule=\"evenodd\"><\/path> <\/svg><\/span><span class=\"gb-button-text\"><strong>T\u00e9l\u00e9charger le catalogue<\/strong><\/span><\/a>\n\n\n\n<a class=\"gb-button gb-button-8f9c08bd\" href=\"https:\/\/ubiwizz.com\/\" target=\"_blank\" rel=\"nofollow noopener noreferrer\"><span class=\"gb-icon\"><svg viewbox=\"0 0 16 16\" class=\"bi bi-chevron-right\" fill=\"currentColor\" height=\"16\" width=\"16\" xmlns=\"http:\/\/www.w3.org\/2000\/svg\">   <path d=\"M4.646 1.646a.5.5 0 0 1 .708 0l6 6a.5.5 0 0 1 0 .708l-6 6a.5.5 0 0 1-.708-.708L10.293 8 4.646 2.354a.5.5 0 0 1 0-.708z\" fill-rule=\"evenodd\"><\/path> <\/svg><\/span><span class=\"gb-button-text\"><strong>Voir nos produits en ligne<\/strong><\/span><\/a>\n\n<\/div>\n<\/div>\n<\/div>\n\n<div class=\"gb-container gb-container-32142b79\">\n<div class=\"gb-container gb-container-ff16b161\">\n\n<div class=\"wp-block-columns is-layout-flex wp-container-core-columns-is-layout-9d6595d7 wp-block-columns-is-layout-flex\">\n<div class=\"wp-block-column is-layout-flow wp-block-column-is-layout-flow\">\n<figure class=\"gb-block-image gb-block-image-f4e5bbee\"><img decoding=\"async\" width=\"1772\" height=\"1299\" class=\"gb-image gb-image-f4e5bbee\" src=\"https:\/\/www.decelect.com\/wp-content\/uploads\/2021\/05\/DCPXPCXXX-2.png\" alt=\"Prises de courant simple et double format 45 et 90 certifi\u00e9es NF\" title=\"Prises de courant simple et double certifi\u00e9es NF\" srcset=\"https:\/\/www.decelect.com\/wp-content\/uploads\/2021\/05\/DCPXPCXXX-2.png 1772w, https:\/\/www.decelect.com\/wp-content\/uploads\/2021\/05\/DCPXPCXXX-2-300x220.png 300w, https:\/\/www.decelect.com\/wp-content\/uploads\/2021\/05\/DCPXPCXXX-2-1024x751.png 1024w, https:\/\/www.decelect.com\/wp-content\/uploads\/2021\/05\/DCPXPCXXX-2-768x563.png 768w, https:\/\/www.decelect.com\/wp-content\/uploads\/2021\/05\/DCPXPCXXX-2-1536x1126.png 1536w, https:\/\/www.decelect.com\/wp-content\/uploads\/2021\/05\/DCPXPCXXX-2-16x12.png 16w, https:\/\/www.decelect.com\/wp-content\/uploads\/2021\/05\/DCPXPCXXX-2-200x147.png 200w\" sizes=\"(max-width: 1772px) 100vw, 1772px\" \/><\/figure>\n<\/div>\n\n\n\n<div class=\"wp-block-column is-layout-flow wp-block-column-is-layout-flow\">\n<figure class=\"gb-block-image gb-block-image-d435ee58\"><img decoding=\"async\" width=\"1773\" height=\"1116\" class=\"gb-image gb-image-d435ee58\" src=\"https:\/\/www.decelect.com\/wp-content\/uploads\/2020\/01\/CS00823.png\" alt=\"Cordon d'alimentation 2x2P+T &quot;Y&quot;\" title=\"Cordon d'alimentation 2x2P+T &quot;Y&quot;\" srcset=\"https:\/\/www.decelect.com\/wp-content\/uploads\/2020\/01\/CS00823.png 1773w, https:\/\/www.decelect.com\/wp-content\/uploads\/2020\/01\/CS00823-300x189.png 300w, https:\/\/www.decelect.com\/wp-content\/uploads\/2020\/01\/CS00823-1024x645.png 1024w, https:\/\/www.decelect.com\/wp-content\/uploads\/2020\/01\/CS00823-768x483.png 768w, https:\/\/www.decelect.com\/wp-content\/uploads\/2020\/01\/CS00823-1536x967.png 1536w, https:\/\/www.decelect.com\/wp-content\/uploads\/2020\/01\/CS00823-18x12.png 18w, https:\/\/www.decelect.com\/wp-content\/uploads\/2020\/01\/CS00823-200x126.png 200w\" sizes=\"(max-width: 1773px) 100vw, 1773px\" \/><\/figure>\n<\/div>\n\n\n\n<div class=\"wp-block-column is-layout-flow wp-block-column-is-layout-flow\">\n<figure class=\"gb-block-image gb-block-image-681df627\"><img decoding=\"async\" width=\"1625\" height=\"861\" class=\"gb-image gb-image-681df627\" src=\"https:\/\/www.decelect.com\/wp-content\/uploads\/2020\/01\/CS01025.png\" alt=\"Cordon d'alimentation 2P+T IEC60320\" title=\"Cordon d'alimentation 2P+T IEC60320\" srcset=\"https:\/\/www.decelect.com\/wp-content\/uploads\/2020\/01\/CS01025.png 1625w, https:\/\/www.decelect.com\/wp-content\/uploads\/2020\/01\/CS01025-300x159.png 300w, https:\/\/www.decelect.com\/wp-content\/uploads\/2020\/01\/CS01025-1024x543.png 1024w, https:\/\/www.decelect.com\/wp-content\/uploads\/2020\/01\/CS01025-768x407.png 768w, https:\/\/www.decelect.com\/wp-content\/uploads\/2020\/01\/CS01025-1536x814.png 1536w, https:\/\/www.decelect.com\/wp-content\/uploads\/2020\/01\/CS01025-18x10.png 18w, https:\/\/www.decelect.com\/wp-content\/uploads\/2020\/01\/CS01025-200x106.png 200w\" sizes=\"(max-width: 1625px) 100vw, 1625px\" \/><\/figure>\n<\/div>\n\n\n\n<div class=\"wp-block-column is-layout-flow wp-block-column-is-layout-flow\">\n<figure class=\"gb-block-image gb-block-image-639568fa\"><img decoding=\"async\" width=\"1028\" height=\"249\" class=\"gb-image gb-image-639568fa\" src=\"https:\/\/www.decelect.com\/wp-content\/uploads\/2019\/10\/test-catalogue-55.png\" alt=\"Les bornes de connexion \u00e0 leviers\" title=\"les bornes de connexion \u00e0 leviers\" srcset=\"https:\/\/www.decelect.com\/wp-content\/uploads\/2019\/10\/test-catalogue-55.png 1028w, https:\/\/www.decelect.com\/wp-content\/uploads\/2019\/10\/test-catalogue-55-300x73.png 300w, https:\/\/www.decelect.com\/wp-content\/uploads\/2019\/10\/test-catalogue-55-1024x248.png 1024w, https:\/\/www.decelect.com\/wp-content\/uploads\/2019\/10\/test-catalogue-55-768x186.png 768w, https:\/\/www.decelect.com\/wp-content\/uploads\/2019\/10\/test-catalogue-55-18x4.png 18w, https:\/\/www.decelect.com\/wp-content\/uploads\/2019\/10\/test-catalogue-55-200x48.png 200w\" sizes=\"(max-width: 1028px) 100vw, 1028px\" \/><\/figure>\n<\/div>\n\n\n\n<div class=\"wp-block-column is-layout-flow wp-block-column-is-layout-flow\">\n<figure class=\"gb-block-image gb-block-image-7e9b3921\"><img decoding=\"async\" width=\"150\" height=\"150\" class=\"gb-image gb-image-7e9b3921\" src=\"https:\/\/www.decelect.com\/wp-content\/uploads\/2023\/03\/bornes-de-jonction-e1713950628775-150x150.jpg\" alt=\"\" title=\"bornes-de-jonction\" srcset=\"https:\/\/www.decelect.com\/wp-content\/uploads\/2023\/03\/bornes-de-jonction-e1713950628775-150x150.jpg 150w, https:\/\/www.decelect.com\/wp-content\/uploads\/2023\/03\/bornes-de-jonction-e1713950628775-300x298.jpg 300w, https:\/\/www.decelect.com\/wp-content\/uploads\/2023\/03\/bornes-de-jonction-e1713950628775-12x12.jpg 12w, https:\/\/www.decelect.com\/wp-content\/uploads\/2023\/03\/bornes-de-jonction-e1713950628775-200x198.jpg 200w, https:\/\/www.decelect.com\/wp-content\/uploads\/2023\/03\/bornes-de-jonction-e1713950628775.jpg 613w\" sizes=\"(max-width: 150px) 100vw, 150px\" \/><\/figure>\n<\/div>\n<\/div>\n\n<\/div>\n<\/div>\n\n<div class=\"gb-container gb-container-03014f52\"><div class=\"gb-inside-container\">\n\n<h2 class=\"gb-headline gb-headline-8d10d263\"><span class=\"gb-icon\"><svg class=\"bi bi-dash-lg\" fill=\"currentColor\" version=\"1.1\" viewbox=\"0 0 12 1\" xmlns=\"http:\/\/www.w3.org\/2000\/svg\"><path d=\"m0 0.5a0.5 0.5 0 0 1 0.5-0.5h11a0.5 0.5 0 0 1 0 1h-11a0.5 0.5 0 0 1-0.5-0.5z\" fill-rule=\"evenodd\"><\/path><\/svg><\/span><span class=\"gb-headline-text\"><strong>Do you have <mark style=\"background-color:rgba(0, 0, 0, 0)\" class=\"has-inline-color has-accent-color\">une question concernant les produits de raccordement \u00e9lectrique ?<\/mark><\/strong><\/span><\/h2>\n\n\n\n<p class=\"gb-headline gb-headline-7d94d0c7 gb-headline-text\">Laissez nous vos coordonn\u00e9es et nous vous contacterons dans les plus brefs d\u00e9lais<\/p>\n\n\n<div class=\"gb-button-wrapper gb-button-wrapper-18433469\">\n\n<a class=\"gb-button gb-button-57c1f137 --icon-on-hover\" href=\"https:\/\/www.decelect.com\/en\/contact\/\"><span class=\"gb-button-text\"><strong>Contact us<\/strong><\/span><span class=\"gb-icon\"><svg viewbox=\"0 0 16 16\" class=\"bi bi-chevron-right\" fill=\"currentColor\" height=\"16\" width=\"16\" xmlns=\"http:\/\/www.w3.org\/2000\/svg\">   <path d=\"M4.646 1.646a.5.5 0 0 1 .708 0l6 6a.5.5 0 0 1 0 .708l-6 6a.5.5 0 0 1-.708-.708L10.293 8 4.646 2.354a.5.5 0 0 1 0-.708z\" fill-rule=\"evenodd\"><\/path> <\/svg><\/span><\/a>\n\n<\/div>\n<\/div><\/div>","protected":false},"excerpt":{"rendered":"<p>Gamme Raccordement \u00e9lectrique Prises de courant, chargeur USB-C, blocs multiprises, boitiers saillie, bornes de connexion, cordons d&rsquo;alimentation, notre large gamme d&rsquo;accessoires de raccordement \u00e9lectrique r\u00e9pond \u00e0 tous vos besoins en alimentation \u00e9lectrique dans le logement. Que ce soit pour charger vos appareils \u00e9lectroniques, brancher des \u00e9quipements \u00e9lectriques ou \u00e9tendre votre r\u00e9seau \u00e9lectrique, nous avons tout &#8230; <a title=\"Electrical connection range\" class=\"read-more\" href=\"https:\/\/www.decelect.com\/en\/gamme-raccordement-electrique\/\" aria-label=\"Read more about Gamme Raccordement \u00e9lectrique\">Read more<\/a><\/p>","protected":false},"author":3,"featured_media":0,"parent":0,"menu_order":0,"comment_status":"closed","ping_status":"closed","template":"","meta":{"_acf_changed":false,"_seopress_robots_primary_cat":"","_seopress_titles_title":"","_seopress_titles_desc":"","_seopress_robots_index":"","content-type":"","footnotes":""},"class_list":["post-9605","page","type-page","status-publish"],"acf":[],"_links":{"self":[{"href":"https:\/\/www.decelect.com\/en\/wp-json\/wp\/v2\/pages\/9605","targetHints":{"allow":["GET"]}}],"collection":[{"href":"https:\/\/www.decelect.com\/en\/wp-json\/wp\/v2\/pages"}],"about":[{"href":"https:\/\/www.decelect.com\/en\/wp-json\/wp\/v2\/types\/page"}],"author":[{"embeddable":true,"href":"https:\/\/www.decelect.com\/en\/wp-json\/wp\/v2\/users\/3"}],"replies":[{"embeddable":true,"href":"https:\/\/www.decelect.com\/en\/wp-json\/wp\/v2\/comments?post=9605"}],"version-history":[{"count":3,"href":"https:\/\/www.decelect.com\/en\/wp-json\/wp\/v2\/pages\/9605\/revisions"}],"predecessor-version":[{"id":11445,"href":"https:\/\/www.decelect.com\/en\/wp-json\/wp\/v2\/pages\/9605\/revisions\/11445"}],"wp:attachment":[{"href":"https:\/\/www.decelect.com\/en\/wp-json\/wp\/v2\/media?parent=9605"}],"curies":[{"name":"wp","href":"https:\/\/api.w.org\/{rel}","templated":true}]}}