{"id":9601,"date":"2023-03-13T17:01:08","date_gmt":"2023-03-13T16:01:08","guid":{"rendered":"https:\/\/www.decelect.com\/?page_id=9601"},"modified":"2023-03-20T18:03:08","modified_gmt":"2023-03-20T17:03:08","slug":"pdu-bureautique","status":"publish","type":"page","link":"https:\/\/www.decelect.com\/en\/pdu-bureautique\/","title":{"rendered":"PDU Bureautique"},"content":{"rendered":"<div class=\"gb-container gb-container-03c4a799\">\n\n<h1 class=\"gb-headline gb-headline-5a6b41d5\"><span class=\"gb-icon\"><svg class=\"bi bi-dash-lg\" fill=\"currentColor\" version=\"1.1\" viewbox=\"0 0 12 1\" xmlns=\"http:\/\/www.w3.org\/2000\/svg\"><path d=\"m0 0.5a0.5 0.5 0 0 1 0.5-0.5h11a0.5 0.5 0 0 1 0 1h-11a0.5 0.5 0 0 1-0.5-0.5z\" fill-rule=\"evenodd\"><\/path><\/svg><\/span><span class=\"gb-headline-text\"><strong><strong><strong><strong>D\u00e9couvrir la gamme PDU Bureautique<\/strong><\/strong><\/strong><\/strong><\/span><\/h1>\n\n<div class=\"gb-shapes\"><div class=\"gb-shape gb-shape-1\"><svg xmlns=\"http:\/\/www.w3.org\/2000\/svg\" viewbox=\"0 0 1200 360\" preserveaspectratio=\"none\"><path d=\"M1200 360H0V0l1200 348z\"\/><\/svg><\/div><\/div><\/div>\n\n<div class=\"gb-container gb-container-2bfa4fe4\">\n<div class=\"gb-container gb-container-ccdecd2c\">\n\n<h2 class=\"gb-headline gb-headline-c07f7ebd\"><span class=\"gb-icon\"><svg class=\"bi bi-dash-lg\" fill=\"currentColor\" version=\"1.1\" viewbox=\"0 0 12 1\" xmlns=\"http:\/\/www.w3.org\/2000\/svg\"><path d=\"m0 0.5a0.5 0.5 0 0 1 0.5-0.5h11a0.5 0.5 0 0 1 0 1h-11a0.5 0.5 0 0 1-0.5-0.5z\" fill-rule=\"evenodd\"><\/path><\/svg><\/span><span class=\"gb-headline-text\"><strong>Potelets, Perches et Colonnes<\/strong><\/span><\/h2>\n\n\n\n<p class=\"gb-headline gb-headline-cd6aa02b gb-headline-text\">Les diff\u00e9rentes gammes de PDU offrent un large choix de produits et une grande modularit\u00e9. Nos PDU int\u00e8grent des fonctions \u00e9volu\u00e9es telles que la supervision et la gestion de puissance. Ils peuvent y accueillir des combinaisons mixtes courant fort et courant faible.<\/p>\n\n\n\n<h3 class=\"gb-headline gb-headline-46704ec5 gb-headline-text\"><strong>Un concept novateur brevet\u00e9<\/strong><\/h3>\n\n\n\n<ul class=\"wp-block-list\">\n<li>un bo\u00eetier de raccordement unique, \u00e9l\u00e9ments central du dispositif , pour appareillage au format 45X45<\/li>\n\n\n\n<li>2 profil\u00e9s pour conduire et prot\u00e9ger le c\u00e2blage&nbsp;<\/li>\n\n\n\n<li>esth\u00e9tique, robustesse et fiabilit\u00e9<\/li>\n\n\n\n<li>facilit\u00e9 de mise en oeuvre&nbsp;<\/li>\n\n\n\n<li>une composition des interfaces de raccordement et de protection adapt\u00e9e<\/li>\n<\/ul>\n\n\n\n<p class=\"gb-headline gb-headline-fe1e84af gb-headline-text\">D\u00e9couvrez ci-dessous l&rsquo;acc\u00e8s \u00e0 notre site en ligne pour la gamme PDU Bureautique :<\/p>\n\n<\/div>\n\n<div class=\"gb-container gb-container-19a97ac1\">\n\n<a class=\"gb-button gb-button-a99f5164\" href=\"#\" target=\"_blank\" rel=\"nofollow noopener noreferrer\"><span class=\"gb-icon\"><svg viewbox=\"0 0 16 16\" class=\"bi bi-chevron-right\" fill=\"currentColor\" height=\"16\" width=\"16\" xmlns=\"http:\/\/www.w3.org\/2000\/svg\">   <path d=\"M4.646 1.646a.5.5 0 0 1 .708 0l6 6a.5.5 0 0 1 0 .708l-6 6a.5.5 0 0 1-.708-.708L10.293 8 4.646 2.354a.5.5 0 0 1 0-.708z\" fill-rule=\"evenodd\"><\/path> <\/svg><\/span><span class=\"gb-button-text\"><strong>Voir nos produits en ligne<\/strong><\/span><\/a>\n\n<\/div>\n<\/div>\n\n<div class=\"gb-container gb-container-ef493922\">\n<div class=\"gb-container gb-container-3c3b05cf\">\n<div class=\"gb-grid-wrapper gb-grid-wrapper-275b6405\">\n<div class=\"gb-grid-column gb-grid-column-0452f784\"><div class=\"gb-container gb-container-0452f784\">\n\n<figure class=\"gb-block-image gb-block-image-45221348\"><img decoding=\"async\" width=\"295\" height=\"591\" class=\"gb-image gb-image-45221348\" src=\"https:\/\/www.decelect.com\/wp-content\/uploads\/2020\/01\/PoteletBB-0205300c.jpg\" alt=\"Mini potelet\" title=\"Mini potelet\" srcset=\"https:\/\/www.decelect.com\/wp-content\/uploads\/2020\/01\/PoteletBB-0205300c.jpg 295w, https:\/\/www.decelect.com\/wp-content\/uploads\/2020\/01\/PoteletBB-0205300c-150x300.jpg 150w, https:\/\/www.decelect.com\/wp-content\/uploads\/2020\/01\/PoteletBB-0205300c-6x12.jpg 6w, https:\/\/www.decelect.com\/wp-content\/uploads\/2020\/01\/PoteletBB-0205300c-200x401.jpg 200w\" sizes=\"(max-width: 295px) 100vw, 295px\" \/><\/figure>\n\n<\/div><\/div>\n\n<div class=\"gb-grid-column gb-grid-column-9c5044fe\"><div class=\"gb-container gb-container-9c5044fe\">\n\n<figure class=\"gb-block-image gb-block-image-d93dc7f2\"><img decoding=\"async\" width=\"295\" height=\"1181\" class=\"gb-image gb-image-d93dc7f2\" src=\"https:\/\/www.decelect.com\/wp-content\/uploads\/2020\/01\/ColonneRB-02100300c-V2.jpg\" alt=\"Colonnes\" title=\"Colonne double face Hauteur 1800m\" srcset=\"https:\/\/www.decelect.com\/wp-content\/uploads\/2020\/01\/ColonneRB-02100300c-V2.jpg 295w, https:\/\/www.decelect.com\/wp-content\/uploads\/2020\/01\/ColonneRB-02100300c-V2-75x300.jpg 75w, https:\/\/www.decelect.com\/wp-content\/uploads\/2020\/01\/ColonneRB-02100300c-V2-256x1024.jpg 256w, https:\/\/www.decelect.com\/wp-content\/uploads\/2020\/01\/ColonneRB-02100300c-V2-3x12.jpg 3w, https:\/\/www.decelect.com\/wp-content\/uploads\/2020\/01\/ColonneRB-02100300c-V2-200x801.jpg 200w\" sizes=\"(max-width: 295px) 100vw, 295px\" \/><\/figure>\n\n<\/div><\/div>\n\n<div class=\"gb-grid-column gb-grid-column-8b1efb0c\"><div class=\"gb-container gb-container-8b1efb0c\">\n\n<figure class=\"gb-block-image gb-block-image-e742acde\"><img decoding=\"async\" width=\"295\" height=\"1181\" class=\"gb-image gb-image-e742acde\" src=\"https:\/\/www.decelect.com\/wp-content\/uploads\/2020\/01\/Montage-colerette-angle2-0310300c-V2.jpg\" alt=\"Perche double face hauteur 2600mm\" title=\"Perche double face hauteur 2600mm\" srcset=\"https:\/\/www.decelect.com\/wp-content\/uploads\/2020\/01\/Montage-colerette-angle2-0310300c-V2.jpg 295w, https:\/\/www.decelect.com\/wp-content\/uploads\/2020\/01\/Montage-colerette-angle2-0310300c-V2-75x300.jpg 75w, https:\/\/www.decelect.com\/wp-content\/uploads\/2020\/01\/Montage-colerette-angle2-0310300c-V2-256x1024.jpg 256w, https:\/\/www.decelect.com\/wp-content\/uploads\/2020\/01\/Montage-colerette-angle2-0310300c-V2-3x12.jpg 3w, https:\/\/www.decelect.com\/wp-content\/uploads\/2020\/01\/Montage-colerette-angle2-0310300c-V2-200x801.jpg 200w\" sizes=\"(max-width: 295px) 100vw, 295px\" \/><\/figure>\n\n<\/div><\/div>\n\n<div class=\"gb-grid-column gb-grid-column-dc751c9c\"><div class=\"gb-container gb-container-dc751c9c\">\n\n<figure class=\"gb-block-image gb-block-image-acfd039e\"><img decoding=\"async\" width=\"484\" height=\"1558\" class=\"gb-image gb-image-acfd039e\" src=\"https:\/\/www.decelect.com\/wp-content\/uploads\/2023\/03\/plastrons.png\" alt=\"\" title=\"plastrons\" srcset=\"https:\/\/www.decelect.com\/wp-content\/uploads\/2023\/03\/plastrons.png 484w, https:\/\/www.decelect.com\/wp-content\/uploads\/2023\/03\/plastrons-93x300.png 93w, https:\/\/www.decelect.com\/wp-content\/uploads\/2023\/03\/plastrons-318x1024.png 318w, https:\/\/www.decelect.com\/wp-content\/uploads\/2023\/03\/plastrons-477x1536.png 477w, https:\/\/www.decelect.com\/wp-content\/uploads\/2023\/03\/plastrons-4x12.png 4w, https:\/\/www.decelect.com\/wp-content\/uploads\/2023\/03\/plastrons-200x644.png 200w\" sizes=\"(max-width: 484px) 100vw, 484px\" \/><\/figure>\n\n<\/div><\/div>\n<\/div>\n<\/div>\n<\/div>\n\n<div class=\"gb-container gb-container-5ac5ceba\"><div class=\"gb-inside-container\">\n\n<h2 class=\"gb-headline gb-headline-40b3d322\"><span class=\"gb-icon\"><svg class=\"bi bi-dash-lg\" fill=\"currentColor\" version=\"1.1\" viewbox=\"0 0 12 1\" xmlns=\"http:\/\/www.w3.org\/2000\/svg\"><path d=\"m0 0.5a0.5 0.5 0 0 1 0.5-0.5h11a0.5 0.5 0 0 1 0 1h-11a0.5 0.5 0 0 1-0.5-0.5z\" fill-rule=\"evenodd\"><\/path><\/svg><\/span><span class=\"gb-headline-text\"><strong>Do you have <mark style=\"background-color:rgba(0, 0, 0, 0)\" class=\"has-inline-color has-accent-color\">une question concernant la gamme PDU Bureautique ?<\/mark><\/strong><\/span><\/h2>\n\n\n\n<p class=\"gb-headline gb-headline-40b817e8 gb-headline-text\">Laissez nous vos coordonn\u00e9es et nous vous contacterons dans les plus brefs d\u00e9lais<\/p>\n\n\n<div class=\"gb-button-wrapper gb-button-wrapper-636e0b9f\">\n\n<a class=\"gb-button gb-button-3cc1350e --icon-on-hover\" href=\"https:\/\/www.decelect.com\/en\/contact\/\"><span class=\"gb-button-text\"><strong>Contact us<\/strong><\/span><span class=\"gb-icon\"><svg viewbox=\"0 0 16 16\" class=\"bi bi-chevron-right\" fill=\"currentColor\" height=\"16\" width=\"16\" xmlns=\"http:\/\/www.w3.org\/2000\/svg\">   <path d=\"M4.646 1.646a.5.5 0 0 1 .708 0l6 6a.5.5 0 0 1 0 .708l-6 6a.5.5 0 0 1-.708-.708L10.293 8 4.646 2.354a.5.5 0 0 1 0-.708z\" fill-rule=\"evenodd\"><\/path> <\/svg><\/span><\/a>\n\n<\/div>\n<\/div><\/div>","protected":false},"excerpt":{"rendered":"<p>D\u00e9couvrir la gamme PDU Bureautique Potelets, Perches et Colonnes Les diff\u00e9rentes gammes de PDU offrent un large choix de produits et une grande modularit\u00e9. Nos PDU int\u00e8grent des fonctions \u00e9volu\u00e9es telles que la supervision et la gestion de puissance. Ils peuvent y accueillir des combinaisons mixtes courant fort et courant faible. Un concept novateur brevet\u00e9 &#8230; <a title=\"PDU Bureautique\" class=\"read-more\" href=\"https:\/\/www.decelect.com\/en\/pdu-bureautique\/\" aria-label=\"Read more about PDU Bureautique\">Read more<\/a><\/p>","protected":false},"author":2,"featured_media":0,"parent":0,"menu_order":0,"comment_status":"closed","ping_status":"closed","template":"","meta":{"_acf_changed":false,"_seopress_robots_primary_cat":"","_seopress_titles_title":"","_seopress_titles_desc":"","_seopress_robots_index":"","content-type":"","footnotes":""},"class_list":["post-9601","page","type-page","status-publish"],"acf":[],"_links":{"self":[{"href":"https:\/\/www.decelect.com\/en\/wp-json\/wp\/v2\/pages\/9601","targetHints":{"allow":["GET"]}}],"collection":[{"href":"https:\/\/www.decelect.com\/en\/wp-json\/wp\/v2\/pages"}],"about":[{"href":"https:\/\/www.decelect.com\/en\/wp-json\/wp\/v2\/types\/page"}],"author":[{"embeddable":true,"href":"https:\/\/www.decelect.com\/en\/wp-json\/wp\/v2\/users\/2"}],"replies":[{"embeddable":true,"href":"https:\/\/www.decelect.com\/en\/wp-json\/wp\/v2\/comments?post=9601"}],"version-history":[{"count":3,"href":"https:\/\/www.decelect.com\/en\/wp-json\/wp\/v2\/pages\/9601\/revisions"}],"predecessor-version":[{"id":9786,"href":"https:\/\/www.decelect.com\/en\/wp-json\/wp\/v2\/pages\/9601\/revisions\/9786"}],"wp:attachment":[{"href":"https:\/\/www.decelect.com\/en\/wp-json\/wp\/v2\/media?parent=9601"}],"curies":[{"name":"wp","href":"https:\/\/api.w.org\/{rel}","templated":true}]}}