{"id":9593,"date":"2023-03-13T17:00:19","date_gmt":"2023-03-13T16:00:19","guid":{"rendered":"https:\/\/www.decelect.com\/?page_id=9593"},"modified":"2024-07-03T14:05:10","modified_gmt":"2024-07-03T12:05:10","slug":"gamme-pdu-pdu-intelligent-et-pdu-mid","status":"publish","type":"page","link":"https:\/\/www.decelect.com\/en\/gamme-pdu-pdu-intelligent-et-pdu-mid\/","title":{"rendered":"PDU range, Intelligent PDU and MID PDU"},"content":{"rendered":"<div class=\"gb-container gb-container-4be5eadd\">\n\n<h1 class=\"gb-headline gb-headline-bdb9df37\"><span class=\"gb-icon\"><svg class=\"bi bi-dash-lg\" fill=\"currentColor\" version=\"1.1\" viewbox=\"0 0 12 1\" xmlns=\"http:\/\/www.w3.org\/2000\/svg\"><path d=\"m0 0.5a0.5 0.5 0 0 1 0.5-0.5h11a0.5 0.5 0 0 1 0 1h-11a0.5 0.5 0 0 1-0.5-0.5z\" fill-rule=\"evenodd\"><\/path><\/svg><\/span><span class=\"gb-headline-text\"><strong><strong><strong><strong>PDU range, Intelligent PDU and MID PDU<\/strong><\/strong><\/strong><\/strong><\/span><\/h1>\n\n<div class=\"gb-shapes\"><div class=\"gb-shape gb-shape-1\"><svg xmlns=\"http:\/\/www.w3.org\/2000\/svg\" viewbox=\"0 0 1200 360\" preserveaspectratio=\"none\"><path d=\"M1200 360H0V0l1200 348z\"\/><\/svg><\/div><\/div><\/div>\n\n<div class=\"gb-container gb-container-8ce4a2bf\">\n<div class=\"gb-container gb-container-384755f6\">\n\n<h2 class=\"gb-headline gb-headline-b9d2d446\"><span class=\"gb-icon\"><svg class=\"bi bi-dash-lg\" fill=\"currentColor\" version=\"1.1\" viewbox=\"0 0 12 1\" xmlns=\"http:\/\/www.w3.org\/2000\/svg\"><path d=\"m0 0.5a0.5 0.5 0 0 1 0.5-0.5h11a0.5 0.5 0 0 1 0 1h-11a0.5 0.5 0 0 1-0.5-0.5z\" fill-rule=\"evenodd\"><\/path><\/svg><\/span><span class=\"gb-headline-text\"><strong><strong>Solutions PDU IP<\/strong><\/strong><\/span><\/h2>\n\n\n<div class=\"gb-grid-wrapper gb-grid-wrapper-9d6f7744\">\n<div class=\"gb-grid-column gb-grid-column-dfdda4b4\"><div class=\"gb-container gb-container-dfdda4b4\">\n\n<p class=\"gb-headline gb-headline-feaa6911 gb-headline-text\">Nous sommes sp\u00e9cialis\u00e9s dans la fourniture de solutions avanc\u00e9es d&rsquo;alimentation \u00e9lectrique (PDU) pour r\u00e9pondre aux besoins divers et \u00e9volutifs de nos clients. Notre gamme PDU comprend plusieurs cat\u00e9gories de produit, chacune offrant des fonctionnalit\u00e9s sp\u00e9cifiques pour optimiser la gestion de l&rsquo;alimentation dans les environnements tels que les <strong>datacenters, les salles de serveurs, les installations informatiques, etc&#8230;<\/strong><\/p>\n\n\n\n<p><strong>Nos PDU standards<\/strong> sont con\u00e7us pour une int\u00e9gration facile dans les baies serveurs standard au format 19 pouces. Disponibles dans une vari\u00e9t\u00e9 de configurations, ces PDU offrent une distribution fiable et s\u00e9curis\u00e9e de l&rsquo;alimentation pour les \u00e9quipements informatiques et les serveurs.<\/p>\n\n\n\n<p>Pour r\u00e9pondre aux besoins sp\u00e9cifiques de votre infrastructure, nous proposons des PDU sur mesure con\u00e7us selon vos sp\u00e9cifications. Que ce soit pour des exigences de connectivit\u00e9 particuli\u00e8res, des capacit\u00e9s de commutation personnalis\u00e9es ou des fonctions de surveillance sp\u00e9cifiques, nos PDU <strong>sur mesure<\/strong> offrent une solution adapt\u00e9e \u00e0 vos besoins uniques.<\/p>\n\n\n\n<p><strong>Nos PDU Intelligents<\/strong> int\u00e8grent des fonctionnalit\u00e9s telles la surveillance \u00e0 distance, la gestion de l&rsquo;alimentation en temps r\u00e9el, la planification de l&rsquo;alimentation et la gestion des alertes. Ces PDU offrent une <strong>visibilit\u00e9 et un contr\u00f4le complet<\/strong> sur l&rsquo;alimentation \u00e9lectrique de votre infrastructure, vous permettant d&rsquo;optimiser les performances, d&rsquo;am\u00e9liorer l&rsquo;efficacit\u00e9 \u00e9nerg\u00e9tique et de r\u00e9duire les temps d&rsquo;arr\u00eat.<\/p>\n\n\n\n<p>Les<strong> PDU MID<\/strong> combinent les fonctionnalit\u00e9s de surveillance, de contr\u00f4le et de commutation avec des capacit\u00e9s de mesure de consommation. Ces PDU offrent une visibilit\u00e9 d\u00e9taill\u00e9e sur la consommation d&rsquo;\u00e9nergie de chaque \u00e9quipement connect\u00e9, vous permettant d&rsquo;optimiser l&rsquo;utilisation des ressources et de r\u00e9duire les co\u00fbts d&rsquo;\u00e9nergie.<\/p>\n\n\n\n<p>Conformes \u00e0 la directive<strong> MID (Measuring Instruments Directive)<\/strong>, les PDU MID sont les seuls qui permettent la refacturation de l&rsquo;\u00e9nergie consomm\u00e9e. Le LNE est l&rsquo;organisme qui traite de la directive MID en France. Plus d&rsquo;info sur <a href=\"http:\/\/www.lne.fr\">www.lne.fr<\/a><\/p>\n\n<\/div><\/div>\n<\/div>\n<\/div>\n\n<div class=\"gb-container gb-container-4d3302d0\">\n<div class=\"gb-container gb-container-3cfc3820\">\n\n<a class=\"gb-button gb-button-d7f2658e\" href=\"http:\/\/decelect.com\/pdf\/Catalogue-tertiaire-2024_BD.pdf \" target=\"_blank\" rel=\"nofollow noopener noreferrer\"><span class=\"gb-icon\"><svg viewbox=\"0 0 16 16\" class=\"bi bi-filetype-pdf\" fill=\"currentColor\" height=\"16\" width=\"16\" xmlns=\"http:\/\/www.w3.org\/2000\/svg\">   <path d=\"M14 4.5V14a2 2 0 0 1-2 2h-1v-1h1a1 1 0 0 0 1-1V4.5h-2A1.5 1.5 0 0 1 9.5 3V1H4a1 1 0 0 0-1 1v9H2V2a2 2 0 0 1 2-2h5.5L14 4.5ZM1.6 11.85H0v3.999h.791v-1.342h.803c.287 0 .531-.057.732-.173.203-.117.358-.275.463-.474a1.42 1.42 0 0 0 .161-.677c0-.25-.053-.476-.158-.677a1.176 1.176 0 0 0-.46-.477c-.2-.12-.443-.179-.732-.179Zm.545 1.333a.795.795 0 0 1-.085.38.574.574 0 0 1-.238.241.794.794 0 0 1-.375.082H.788V12.48h.66c.218 0 .389.06.512.181.123.122.185.296.185.522Zm1.217-1.333v3.999h1.46c.401 0 .734-.08.998-.237a1.45 1.45 0 0 0 .595-.689c.13-.3.196-.662.196-1.084 0-.42-.065-.778-.196-1.075a1.426 1.426 0 0 0-.589-.68c-.264-.156-.599-.234-1.005-.234H3.362Zm.791.645h.563c.248 0 .45.05.609.152a.89.89 0 0 1 .354.454c.079.201.118.452.118.753a2.3 2.3 0 0 1-.068.592 1.14 1.14 0 0 1-.196.422.8.8 0 0 1-.334.252 1.298 1.298 0 0 1-.483.082h-.563v-2.707Zm3.743 1.763v1.591h-.79V11.85h2.548v.653H7.896v1.117h1.606v.638H7.896Z\" fill-rule=\"evenodd\"><\/path> <\/svg><\/span><span class=\"gb-button-text\"><strong>T\u00e9l\u00e9charger le catalogue<\/strong><\/span><\/a>\n\n\n\n<a class=\"gb-button gb-button-8f9c08bd\" href=\"https:\/\/ubiwizz.com\/\" target=\"_blank\" rel=\"nofollow noopener noreferrer\"><span class=\"gb-icon\"><svg viewbox=\"0 0 16 16\" class=\"bi bi-chevron-right\" fill=\"currentColor\" height=\"16\" width=\"16\" xmlns=\"http:\/\/www.w3.org\/2000\/svg\">   <path d=\"M4.646 1.646a.5.5 0 0 1 .708 0l6 6a.5.5 0 0 1 0 .708l-6 6a.5.5 0 0 1-.708-.708L10.293 8 4.646 2.354a.5.5 0 0 1 0-.708z\" fill-rule=\"evenodd\"><\/path> <\/svg><\/span><span class=\"gb-button-text\"><strong>Voir nos produits en ligne<\/strong><\/span><\/a>\n\n<\/div>\n<\/div>\n<\/div>\n\n<div class=\"gb-container gb-container-eae84f75\">\n<div class=\"gb-container gb-container-2e754794\">\n<div class=\"gb-grid-wrapper gb-grid-wrapper-a5585616\">\n<div class=\"gb-grid-column gb-grid-column-5cf8766a\"><div class=\"gb-container gb-container-5cf8766a\">\n\n<figure class=\"gb-block-image gb-block-image-748c4545\"><img decoding=\"async\" width=\"1080\" height=\"1080\" class=\"gb-image gb-image-748c4545\" src=\"https:\/\/www.decelect.com\/wp-content\/uploads\/2024\/05\/visuel-site-decelect-7.png\" alt=\"\" title=\"visuel-site-decelect-7\" srcset=\"https:\/\/www.decelect.com\/wp-content\/uploads\/2024\/05\/visuel-site-decelect-7.png 1080w, https:\/\/www.decelect.com\/wp-content\/uploads\/2024\/05\/visuel-site-decelect-7-300x300.png 300w, https:\/\/www.decelect.com\/wp-content\/uploads\/2024\/05\/visuel-site-decelect-7-1024x1024.png 1024w, https:\/\/www.decelect.com\/wp-content\/uploads\/2024\/05\/visuel-site-decelect-7-150x150.png 150w, https:\/\/www.decelect.com\/wp-content\/uploads\/2024\/05\/visuel-site-decelect-7-768x768.png 768w, https:\/\/www.decelect.com\/wp-content\/uploads\/2024\/05\/visuel-site-decelect-7-12x12.png 12w, https:\/\/www.decelect.com\/wp-content\/uploads\/2024\/05\/visuel-site-decelect-7-200x200.png 200w\" sizes=\"(max-width: 1080px) 100vw, 1080px\" \/><\/figure>\n\n<\/div><\/div>\n\n<div class=\"gb-grid-column gb-grid-column-d94d5c77\"><div class=\"gb-container gb-container-d94d5c77\">\n\n<figure class=\"gb-block-image gb-block-image-c0a50c47\"><img decoding=\"async\" width=\"1080\" height=\"1080\" class=\"gb-image gb-image-c0a50c47\" src=\"https:\/\/www.decelect.com\/wp-content\/uploads\/2024\/05\/visuel-site-decelect-8.png\" alt=\"\" title=\"visuel-site-decelect-8\" srcset=\"https:\/\/www.decelect.com\/wp-content\/uploads\/2024\/05\/visuel-site-decelect-8.png 1080w, https:\/\/www.decelect.com\/wp-content\/uploads\/2024\/05\/visuel-site-decelect-8-300x300.png 300w, https:\/\/www.decelect.com\/wp-content\/uploads\/2024\/05\/visuel-site-decelect-8-1024x1024.png 1024w, https:\/\/www.decelect.com\/wp-content\/uploads\/2024\/05\/visuel-site-decelect-8-150x150.png 150w, https:\/\/www.decelect.com\/wp-content\/uploads\/2024\/05\/visuel-site-decelect-8-768x768.png 768w, https:\/\/www.decelect.com\/wp-content\/uploads\/2024\/05\/visuel-site-decelect-8-12x12.png 12w, https:\/\/www.decelect.com\/wp-content\/uploads\/2024\/05\/visuel-site-decelect-8-200x200.png 200w\" sizes=\"(max-width: 1080px) 100vw, 1080px\" \/><\/figure>\n\n<\/div><\/div>\n\n<div class=\"gb-grid-column gb-grid-column-4d746b57\"><div class=\"gb-container gb-container-4d746b57\">\n\n<figure class=\"gb-block-image gb-block-image-4a2e5e1e\"><img decoding=\"async\" width=\"1080\" height=\"1080\" class=\"gb-image gb-image-4a2e5e1e\" src=\"https:\/\/www.decelect.com\/wp-content\/uploads\/2024\/05\/visuel-site-decelect-9.png\" alt=\"\" title=\"visuel-site-decelect-9\" srcset=\"https:\/\/www.decelect.com\/wp-content\/uploads\/2024\/05\/visuel-site-decelect-9.png 1080w, https:\/\/www.decelect.com\/wp-content\/uploads\/2024\/05\/visuel-site-decelect-9-300x300.png 300w, https:\/\/www.decelect.com\/wp-content\/uploads\/2024\/05\/visuel-site-decelect-9-1024x1024.png 1024w, https:\/\/www.decelect.com\/wp-content\/uploads\/2024\/05\/visuel-site-decelect-9-150x150.png 150w, https:\/\/www.decelect.com\/wp-content\/uploads\/2024\/05\/visuel-site-decelect-9-768x768.png 768w, https:\/\/www.decelect.com\/wp-content\/uploads\/2024\/05\/visuel-site-decelect-9-12x12.png 12w, https:\/\/www.decelect.com\/wp-content\/uploads\/2024\/05\/visuel-site-decelect-9-200x200.png 200w\" sizes=\"(max-width: 1080px) 100vw, 1080px\" \/><\/figure>\n\n<\/div><\/div>\n\n<div class=\"gb-grid-column gb-grid-column-efd4237d\"><div class=\"gb-container gb-container-efd4237d\">\n\n<figure class=\"gb-block-image gb-block-image-d9634e5b\"><img decoding=\"async\" width=\"1080\" height=\"1080\" class=\"gb-image gb-image-d9634e5b\" src=\"https:\/\/www.decelect.com\/wp-content\/uploads\/2024\/05\/visuel-site-decelect-10.png\" alt=\"\" title=\"visuel-site-decelect-10\" srcset=\"https:\/\/www.decelect.com\/wp-content\/uploads\/2024\/05\/visuel-site-decelect-10.png 1080w, https:\/\/www.decelect.com\/wp-content\/uploads\/2024\/05\/visuel-site-decelect-10-300x300.png 300w, https:\/\/www.decelect.com\/wp-content\/uploads\/2024\/05\/visuel-site-decelect-10-1024x1024.png 1024w, https:\/\/www.decelect.com\/wp-content\/uploads\/2024\/05\/visuel-site-decelect-10-150x150.png 150w, https:\/\/www.decelect.com\/wp-content\/uploads\/2024\/05\/visuel-site-decelect-10-768x768.png 768w, https:\/\/www.decelect.com\/wp-content\/uploads\/2024\/05\/visuel-site-decelect-10-12x12.png 12w, https:\/\/www.decelect.com\/wp-content\/uploads\/2024\/05\/visuel-site-decelect-10-200x200.png 200w\" sizes=\"(max-width: 1080px) 100vw, 1080px\" \/><\/figure>\n\n<\/div><\/div>\n<\/div>\n<\/div>\n<\/div>\n\n<div class=\"gb-container gb-container-aa2f24ce\"><div class=\"gb-inside-container\">\n\n<h2 class=\"gb-headline gb-headline-b8ba143a\"><span class=\"gb-icon\"><svg class=\"bi bi-dash-lg\" fill=\"currentColor\" version=\"1.1\" viewbox=\"0 0 12 1\" xmlns=\"http:\/\/www.w3.org\/2000\/svg\"><path d=\"m0 0.5a0.5 0.5 0 0 1 0.5-0.5h11a0.5 0.5 0 0 1 0 1h-11a0.5 0.5 0 0 1-0.5-0.5z\" fill-rule=\"evenodd\"><\/path><\/svg><\/span><span class=\"gb-headline-text\"><strong>Do you have <mark style=\"background-color:rgba(0, 0, 0, 0)\" class=\"has-inline-color has-accent-color\">une question concernant les PDU ?<\/mark><\/strong><\/span><\/h2>\n\n\n\n<p class=\"gb-headline gb-headline-d3d63410 gb-headline-text\">Laissez nous vos coordonn\u00e9es et nous vous contacterons dans les plus brefs d\u00e9lais<\/p>\n\n\n<div class=\"gb-button-wrapper gb-button-wrapper-5a7dc73f\">\n\n<a class=\"gb-button gb-button-389c4f9c --icon-on-hover\" href=\"https:\/\/www.decelect.com\/en\/contact\/\"><span class=\"gb-button-text\"><strong>Contact us<\/strong><\/span><span class=\"gb-icon\"><svg viewbox=\"0 0 16 16\" class=\"bi bi-chevron-right\" fill=\"currentColor\" height=\"16\" width=\"16\" xmlns=\"http:\/\/www.w3.org\/2000\/svg\">   <path d=\"M4.646 1.646a.5.5 0 0 1 .708 0l6 6a.5.5 0 0 1 0 .708l-6 6a.5.5 0 0 1-.708-.708L10.293 8 4.646 2.354a.5.5 0 0 1 0-.708z\" fill-rule=\"evenodd\"><\/path> <\/svg><\/span><\/a>\n\n<\/div>\n<\/div><\/div>","protected":false},"excerpt":{"rendered":"<p>Gamme PDU, PDU Intelligent et PDU MID Solutions PDU IP Vous avez une question concernant les PDU ? Laissez nous vos coordonn\u00e9es et nous vous contacterons dans les plus brefs d\u00e9lais<\/p>","protected":false},"author":3,"featured_media":0,"parent":0,"menu_order":0,"comment_status":"closed","ping_status":"closed","template":"","meta":{"_acf_changed":false,"_seopress_robots_primary_cat":"","_seopress_titles_title":"","_seopress_titles_desc":"","_seopress_robots_index":"","content-type":"","footnotes":""},"class_list":["post-9593","page","type-page","status-publish"],"acf":[],"_links":{"self":[{"href":"https:\/\/www.decelect.com\/en\/wp-json\/wp\/v2\/pages\/9593","targetHints":{"allow":["GET"]}}],"collection":[{"href":"https:\/\/www.decelect.com\/en\/wp-json\/wp\/v2\/pages"}],"about":[{"href":"https:\/\/www.decelect.com\/en\/wp-json\/wp\/v2\/types\/page"}],"author":[{"embeddable":true,"href":"https:\/\/www.decelect.com\/en\/wp-json\/wp\/v2\/users\/3"}],"replies":[{"embeddable":true,"href":"https:\/\/www.decelect.com\/en\/wp-json\/wp\/v2\/comments?post=9593"}],"version-history":[{"count":3,"href":"https:\/\/www.decelect.com\/en\/wp-json\/wp\/v2\/pages\/9593\/revisions"}],"predecessor-version":[{"id":11450,"href":"https:\/\/www.decelect.com\/en\/wp-json\/wp\/v2\/pages\/9593\/revisions\/11450"}],"wp:attachment":[{"href":"https:\/\/www.decelect.com\/en\/wp-json\/wp\/v2\/media?parent=9593"}],"curies":[{"name":"wp","href":"https:\/\/api.w.org\/{rel}","templated":true}]}}