{"id":9583,"date":"2023-03-13T16:59:23","date_gmt":"2023-03-13T15:59:23","guid":{"rendered":"https:\/\/www.decelect.com\/?page_id=9583"},"modified":"2024-05-17T09:21:13","modified_gmt":"2024-05-17T07:21:13","slug":"gamme-10-19-pouces","status":"publish","type":"page","link":"https:\/\/www.decelect.com\/en\/gamme-10-19-pouces\/","title":{"rendered":"Gamme 10 \/ 19 pouces"},"content":{"rendered":"<div class=\"gb-container gb-container-9348072b\">\n\n<h1 class=\"gb-headline gb-headline-a1791f5d\"><span class=\"gb-icon\"><svg class=\"bi bi-dash-lg\" fill=\"currentColor\" version=\"1.1\" viewbox=\"0 0 12 1\" xmlns=\"http:\/\/www.w3.org\/2000\/svg\"><path d=\"m0 0.5a0.5 0.5 0 0 1 0.5-0.5h11a0.5 0.5 0 0 1 0 1h-11a0.5 0.5 0 0 1-0.5-0.5z\" fill-rule=\"evenodd\"><\/path><\/svg><\/span><span class=\"gb-headline-text\"><strong><strong><strong><strong>Gamme 10 &amp; 19 pouces<\/strong><\/strong><\/strong><\/strong><\/span><\/h1>\n\n<div class=\"gb-shapes\"><div class=\"gb-shape gb-shape-1\"><svg xmlns=\"http:\/\/www.w3.org\/2000\/svg\" viewbox=\"0 0 1200 360\" preserveaspectratio=\"none\"><path d=\"M1200 360H0V0l1200 348z\"\/><\/svg><\/div><\/div><\/div>\n\n<div class=\"gb-container gb-container-1152826b\">\n<div class=\"gb-container gb-container-4ba27366\">\n\n<p class=\"gb-headline gb-headline-ac3f5bef gb-headline-text\">Nous proposons une large gamme de <strong>produits et accessoires en 10 pouces ou en 19 pouces<\/strong>. Quelque soit votre besoin, nous disposons de diff\u00e9rentes <strong>baies, baies de brassage, baies techniques, baies serveurs et coffrets<\/strong>, pouvant s&rsquo;int\u00e9grer dans vos espaces qu&rsquo;ils soient de tailles cons\u00e9quentes ou r\u00e9duites.<\/p>\n\n\n\n<p>Notre gamme se compl\u00e8te d&rsquo;un ensemble d&rsquo;\u00e9quipements et d&rsquo;accessoires 10 et 19 pouces, <strong>face avant, obturateur, plateau \u00e9tag\u00e8res fixes et coulissantes, tiroirs, ventilateurs, organisateurs de c\u00e2bles, etc&#8230;<\/strong><\/p>\n\n\n\n<p>Que vous ayez besoin de mettre en place un centre de donn\u00e9es complet, de mettre \u00e0 niveau votre infrastructure r\u00e9seau existante ou de maximiser l&rsquo;efficacit\u00e9 de votre espace de travail, notre gamme de baies et d&rsquo;\u00e9quipements 10 et 19 pouces est con\u00e7ue pour r\u00e9pondre \u00e0 vos besoins en mati\u00e8re de <strong>stockage, de gestion et de s\u00e9curit\u00e9 des \u00e9quipements informatiques.<\/strong><\/p>\n\n<\/div>\n\n<div class=\"gb-container gb-container-046e1121\">\n\n<a class=\"gb-button gb-button-0fea1d6d\" href=\"https:\/\/www.decelect.com\/wp-content\/uploads\/2023\/03\/Gamme_19poucesR.pdf\" target=\"_blank\" rel=\"nofollow noopener noreferrer\"><span class=\"gb-icon\"><svg viewbox=\"0 0 16 16\" class=\"bi bi-filetype-pdf\" fill=\"currentColor\" height=\"16\" width=\"16\" xmlns=\"http:\/\/www.w3.org\/2000\/svg\">   <path d=\"M14 4.5V14a2 2 0 0 1-2 2h-1v-1h1a1 1 0 0 0 1-1V4.5h-2A1.5 1.5 0 0 1 9.5 3V1H4a1 1 0 0 0-1 1v9H2V2a2 2 0 0 1 2-2h5.5L14 4.5ZM1.6 11.85H0v3.999h.791v-1.342h.803c.287 0 .531-.057.732-.173.203-.117.358-.275.463-.474a1.42 1.42 0 0 0 .161-.677c0-.25-.053-.476-.158-.677a1.176 1.176 0 0 0-.46-.477c-.2-.12-.443-.179-.732-.179Zm.545 1.333a.795.795 0 0 1-.085.38.574.574 0 0 1-.238.241.794.794 0 0 1-.375.082H.788V12.48h.66c.218 0 .389.06.512.181.123.122.185.296.185.522Zm1.217-1.333v3.999h1.46c.401 0 .734-.08.998-.237a1.45 1.45 0 0 0 .595-.689c.13-.3.196-.662.196-1.084 0-.42-.065-.778-.196-1.075a1.426 1.426 0 0 0-.589-.68c-.264-.156-.599-.234-1.005-.234H3.362Zm.791.645h.563c.248 0 .45.05.609.152a.89.89 0 0 1 .354.454c.079.201.118.452.118.753a2.3 2.3 0 0 1-.068.592 1.14 1.14 0 0 1-.196.422.8.8 0 0 1-.334.252 1.298 1.298 0 0 1-.483.082h-.563v-2.707Zm3.743 1.763v1.591h-.79V11.85h2.548v.653H7.896v1.117h1.606v.638H7.896Z\" fill-rule=\"evenodd\"><\/path> <\/svg><\/span><span class=\"gb-button-text\"><strong>T\u00e9l\u00e9charger le catalogue<\/strong><\/span><\/a>\n\n\n\n<a class=\"gb-button gb-button-402524cf\" href=\"https:\/\/ubiwizz.com\/\" target=\"_blank\" rel=\"nofollow noopener noreferrer\"><span class=\"gb-icon\"><svg viewbox=\"0 0 16 16\" class=\"bi bi-chevron-right\" fill=\"currentColor\" height=\"16\" width=\"16\" xmlns=\"http:\/\/www.w3.org\/2000\/svg\">   <path d=\"M4.646 1.646a.5.5 0 0 1 .708 0l6 6a.5.5 0 0 1 0 .708l-6 6a.5.5 0 0 1-.708-.708L10.293 8 4.646 2.354a.5.5 0 0 1 0-.708z\" fill-rule=\"evenodd\"><\/path> <\/svg><\/span><span class=\"gb-button-text\"><strong>Voir nos produits en ligne<\/strong><\/span><\/a>\n\n<\/div>\n\n\n<div class=\"wp-block-columns is-layout-flex wp-container-core-columns-is-layout-9d6595d7 wp-block-columns-is-layout-flex\">\n<div class=\"wp-block-column is-layout-flow wp-block-column-is-layout-flow\">\n<figure class=\"gb-block-image gb-block-image-0937cc96\"><img decoding=\"async\" width=\"1080\" height=\"1080\" class=\"gb-image gb-image-0937cc96\" src=\"https:\/\/www.decelect.com\/wp-content\/uploads\/2024\/05\/decelect-10-19-pouces-visuel-1.png\" alt=\"\" title=\"decelect-10-19-pouces-visuel-1\" srcset=\"https:\/\/www.decelect.com\/wp-content\/uploads\/2024\/05\/decelect-10-19-pouces-visuel-1.png 1080w, https:\/\/www.decelect.com\/wp-content\/uploads\/2024\/05\/decelect-10-19-pouces-visuel-1-300x300.png 300w, https:\/\/www.decelect.com\/wp-content\/uploads\/2024\/05\/decelect-10-19-pouces-visuel-1-1024x1024.png 1024w, https:\/\/www.decelect.com\/wp-content\/uploads\/2024\/05\/decelect-10-19-pouces-visuel-1-150x150.png 150w, https:\/\/www.decelect.com\/wp-content\/uploads\/2024\/05\/decelect-10-19-pouces-visuel-1-768x768.png 768w, https:\/\/www.decelect.com\/wp-content\/uploads\/2024\/05\/decelect-10-19-pouces-visuel-1-12x12.png 12w, https:\/\/www.decelect.com\/wp-content\/uploads\/2024\/05\/decelect-10-19-pouces-visuel-1-200x200.png 200w\" sizes=\"(max-width: 1080px) 100vw, 1080px\" \/><\/figure>\n<\/div>\n\n\n\n<div class=\"wp-block-column is-layout-flow wp-block-column-is-layout-flow\">\n<figure class=\"gb-block-image gb-block-image-53fb04eb\"><img decoding=\"async\" width=\"300\" height=\"289\" class=\"gb-image gb-image-53fb04eb\" src=\"https:\/\/www.decelect.com\/wp-content\/uploads\/2019\/10\/19-pouces-2019-11-300x289.png\" alt=\"Coffret mural pivotant\" title=\"19-pouces-2019-11\" srcset=\"https:\/\/www.decelect.com\/wp-content\/uploads\/2019\/10\/19-pouces-2019-11-300x289.png 300w, https:\/\/www.decelect.com\/wp-content\/uploads\/2019\/10\/19-pouces-2019-11-12x12.png 12w, https:\/\/www.decelect.com\/wp-content\/uploads\/2019\/10\/19-pouces-2019-11-200x193.png 200w, https:\/\/www.decelect.com\/wp-content\/uploads\/2019\/10\/19-pouces-2019-11.png 760w\" sizes=\"(max-width: 300px) 100vw, 300px\" \/><\/figure>\n<\/div>\n\n\n\n<div class=\"wp-block-column is-layout-flow wp-block-column-is-layout-flow\">\n<figure class=\"gb-block-image gb-block-image-d82fc92f\"><img decoding=\"async\" width=\"1080\" height=\"1080\" class=\"gb-image gb-image-d82fc92f\" src=\"https:\/\/www.decelect.com\/wp-content\/uploads\/2024\/05\/visuel-site-decelect.png\" alt=\"\" title=\"visuel-site-decelect\" srcset=\"https:\/\/www.decelect.com\/wp-content\/uploads\/2024\/05\/visuel-site-decelect.png 1080w, https:\/\/www.decelect.com\/wp-content\/uploads\/2024\/05\/visuel-site-decelect-300x300.png 300w, https:\/\/www.decelect.com\/wp-content\/uploads\/2024\/05\/visuel-site-decelect-1024x1024.png 1024w, https:\/\/www.decelect.com\/wp-content\/uploads\/2024\/05\/visuel-site-decelect-150x150.png 150w, https:\/\/www.decelect.com\/wp-content\/uploads\/2024\/05\/visuel-site-decelect-768x768.png 768w, https:\/\/www.decelect.com\/wp-content\/uploads\/2024\/05\/visuel-site-decelect-12x12.png 12w, https:\/\/www.decelect.com\/wp-content\/uploads\/2024\/05\/visuel-site-decelect-200x200.png 200w\" sizes=\"(max-width: 1080px) 100vw, 1080px\" \/><\/figure>\n<\/div>\n\n\n\n<div class=\"wp-block-column is-layout-flow wp-block-column-is-layout-flow\">\n<figure class=\"gb-block-image gb-block-image-8828ee2a\"><img decoding=\"async\" width=\"1080\" height=\"1080\" class=\"gb-image gb-image-8828ee2a\" src=\"https:\/\/www.decelect.com\/wp-content\/uploads\/2024\/05\/visuel-site-decelect-2.png\" alt=\"\" title=\"visuel-site-decelect-2\" srcset=\"https:\/\/www.decelect.com\/wp-content\/uploads\/2024\/05\/visuel-site-decelect-2.png 1080w, https:\/\/www.decelect.com\/wp-content\/uploads\/2024\/05\/visuel-site-decelect-2-300x300.png 300w, https:\/\/www.decelect.com\/wp-content\/uploads\/2024\/05\/visuel-site-decelect-2-1024x1024.png 1024w, https:\/\/www.decelect.com\/wp-content\/uploads\/2024\/05\/visuel-site-decelect-2-150x150.png 150w, https:\/\/www.decelect.com\/wp-content\/uploads\/2024\/05\/visuel-site-decelect-2-768x768.png 768w, https:\/\/www.decelect.com\/wp-content\/uploads\/2024\/05\/visuel-site-decelect-2-12x12.png 12w, https:\/\/www.decelect.com\/wp-content\/uploads\/2024\/05\/visuel-site-decelect-2-200x200.png 200w\" sizes=\"(max-width: 1080px) 100vw, 1080px\" \/><\/figure>\n<\/div>\n<\/div>\n\n<\/div>\n\n<div class=\"gb-container gb-container-a4f74e65\"><div class=\"gb-inside-container\">\n\n<h2 class=\"gb-headline gb-headline-3ec49224\"><span class=\"gb-icon\"><svg class=\"bi bi-dash-lg\" fill=\"currentColor\" version=\"1.1\" viewbox=\"0 0 12 1\" xmlns=\"http:\/\/www.w3.org\/2000\/svg\"><path d=\"m0 0.5a0.5 0.5 0 0 1 0.5-0.5h11a0.5 0.5 0 0 1 0 1h-11a0.5 0.5 0 0 1-0.5-0.5z\" fill-rule=\"evenodd\"><\/path><\/svg><\/span><span class=\"gb-headline-text\"><strong>Do you have <mark style=\"background-color:rgba(0, 0, 0, 0)\" class=\"has-inline-color has-accent-color\">une question concernant la gamme Baies et Coffrets ?<\/mark><\/strong><\/span><\/h2>\n\n\n\n<p class=\"gb-headline gb-headline-5ad72e35 gb-headline-text\">Laissez nous vos coordonn\u00e9es et nous vous contacterons dans les plus brefs d\u00e9lais<\/p>\n\n\n<div class=\"gb-button-wrapper gb-button-wrapper-b6329ce5\">\n\n<a class=\"gb-button gb-button-f7b78f0d --icon-on-hover\" href=\"https:\/\/www.decelect.com\/en\/contact\/\"><span class=\"gb-button-text\"><strong>Contact us<\/strong><\/span><span class=\"gb-icon\"><svg viewbox=\"0 0 16 16\" class=\"bi bi-chevron-right\" fill=\"currentColor\" height=\"16\" width=\"16\" xmlns=\"http:\/\/www.w3.org\/2000\/svg\">   <path d=\"M4.646 1.646a.5.5 0 0 1 .708 0l6 6a.5.5 0 0 1 0 .708l-6 6a.5.5 0 0 1-.708-.708L10.293 8 4.646 2.354a.5.5 0 0 1 0-.708z\" fill-rule=\"evenodd\"><\/path> <\/svg><\/span><\/a>\n\n<\/div>\n<\/div><\/div>","protected":false},"excerpt":{"rendered":"<p>Gamme 10 &amp; 19 pouces Nous proposons une large gamme de produits et accessoires en 10 pouces ou en 19 pouces. Quelque soit votre besoin, nous disposons de diff\u00e9rentes baies, baies de brassage, baies techniques, baies serveurs et coffrets, pouvant s&rsquo;int\u00e9grer dans vos espaces qu&rsquo;ils soient de tailles cons\u00e9quentes ou r\u00e9duites. Notre gamme se compl\u00e8te &#8230; <a title=\"Gamme 10 \/ 19 pouces\" class=\"read-more\" href=\"https:\/\/www.decelect.com\/en\/gamme-10-19-pouces\/\" aria-label=\"Read more about Gamme 10 \/ 19 pouces\">Read more<\/a><\/p>","protected":false},"author":3,"featured_media":0,"parent":0,"menu_order":0,"comment_status":"closed","ping_status":"closed","template":"","meta":{"_acf_changed":false,"_seopress_robots_primary_cat":"","_seopress_titles_title":"","_seopress_titles_desc":"","_seopress_robots_index":"","content-type":"","footnotes":""},"class_list":["post-9583","page","type-page","status-publish"],"acf":[],"_links":{"self":[{"href":"https:\/\/www.decelect.com\/en\/wp-json\/wp\/v2\/pages\/9583","targetHints":{"allow":["GET"]}}],"collection":[{"href":"https:\/\/www.decelect.com\/en\/wp-json\/wp\/v2\/pages"}],"about":[{"href":"https:\/\/www.decelect.com\/en\/wp-json\/wp\/v2\/types\/page"}],"author":[{"embeddable":true,"href":"https:\/\/www.decelect.com\/en\/wp-json\/wp\/v2\/users\/3"}],"replies":[{"embeddable":true,"href":"https:\/\/www.decelect.com\/en\/wp-json\/wp\/v2\/comments?post=9583"}],"version-history":[{"count":3,"href":"https:\/\/www.decelect.com\/en\/wp-json\/wp\/v2\/pages\/9583\/revisions"}],"predecessor-version":[{"id":10598,"href":"https:\/\/www.decelect.com\/en\/wp-json\/wp\/v2\/pages\/9583\/revisions\/10598"}],"wp:attachment":[{"href":"https:\/\/www.decelect.com\/en\/wp-json\/wp\/v2\/media?parent=9583"}],"curies":[{"name":"wp","href":"https:\/\/api.w.org\/{rel}","templated":true}]}}