{"id":9577,"date":"2023-03-13T16:58:45","date_gmt":"2023-03-13T15:58:45","guid":{"rendered":"https:\/\/www.decelect.com\/?page_id=9577"},"modified":"2024-06-24T13:46:34","modified_gmt":"2024-06-24T11:46:34","slug":"gamme-ftth-fibre-optique","status":"publish","type":"page","link":"https:\/\/www.decelect.com\/en\/gamme-ftth-fibre-optique\/","title":{"rendered":"Gamme FTTH &#8211; Fibre Optique"},"content":{"rendered":"<div class=\"gb-container gb-container-d5a8479b\">\n\n<h1 class=\"gb-headline gb-headline-81e7cbdb\"><span class=\"gb-icon\"><svg class=\"bi bi-dash-lg\" fill=\"currentColor\" version=\"1.1\" viewbox=\"0 0 12 1\" xmlns=\"http:\/\/www.w3.org\/2000\/svg\"><path d=\"m0 0.5a0.5 0.5 0 0 1 0.5-0.5h11a0.5 0.5 0 0 1 0 1h-11a0.5 0.5 0 0 1-0.5-0.5z\" fill-rule=\"evenodd\"><\/path><\/svg><\/span><span class=\"gb-headline-text\"><strong><strong><strong><strong>Gamme FTTH &#8211; Fibre Optique<\/strong><\/strong><\/strong><\/strong><\/span><\/h1>\n\n<div class=\"gb-shapes\"><div class=\"gb-shape gb-shape-1\"><svg xmlns=\"http:\/\/www.w3.org\/2000\/svg\" viewbox=\"0 0 1200 360\" preserveaspectratio=\"none\"><path d=\"M1200 360H0V0l1200 348z\"\/><\/svg><\/div><\/div><\/div>\n\n<div class=\"gb-container gb-container-40bc65d3\">\n<div class=\"gb-container gb-container-e1840c18\">\n\n<p class=\"gb-headline gb-headline-2128e367 gb-headline-text\">Nous proposons une gamme compl\u00e8te de produits FTTH con\u00e7us pour apporter la puissance de la fibre optique directement dans les logements. Que vous soyez un fournisseur de services Internet, un op\u00e9rateur de t\u00e9l\u00e9communications ou un d\u00e9veloppeur immobilier, notre gamme de produits FTTH r\u00e9pond \u00e0 tous vos besoins en mati\u00e8re de d\u00e9ploiement de r\u00e9seaux fibre optique. D\u00e9couvrez ci-dessous les principaux \u00e9l\u00e9ments de notre gamme : <strong>c\u00e2bles abonn\u00e9s \u00e9quip\u00e9s de DTIO ou de PTO, Point De Branchement optique (PDB), Point de Raccordement d&rsquo;Immeuble (PRI), c\u00e2ble de colonne montante, etc&#8230;<\/strong><\/p>\n\n\n\n<p class=\"gb-headline gb-headline-f67da786 gb-headline-text\">Que les logements se situent dans une Zone Moyennement Dense ou une Zone Tr\u00e8s Dense, notre gamme est adapt\u00e9e aux diff\u00e9rentes configurations des logements en terme de besoin et r\u00e9pond pleinement aux prescriptions et aux recommandations des guides \u00ab\u00a0Objectif Fibre\u00a0\u00bb de l&rsquo;Arcep.<\/p>\n\n\n\n<div class=\"wp-block-media-text is-stacked-on-mobile\" style=\"grid-template-columns:17% auto\"><figure class=\"wp-block-media-text__media\"><img alt=\"\" decoding=\"async\" width=\"480\" height=\"290\" src=\"https:\/\/www.decelect.com\/wp-content\/uploads\/2024\/06\/Logo-Objectif-Fibre-480x290-1.jpg\" class=\"wp-image-11407 size-full\" srcset=\"https:\/\/www.decelect.com\/wp-content\/uploads\/2024\/06\/Logo-Objectif-Fibre-480x290-1.jpg 480w, https:\/\/www.decelect.com\/wp-content\/uploads\/2024\/06\/Logo-Objectif-Fibre-480x290-1-300x181.jpg 300w, https:\/\/www.decelect.com\/wp-content\/uploads\/2024\/06\/Logo-Objectif-Fibre-480x290-1-18x12.jpg 18w, https:\/\/www.decelect.com\/wp-content\/uploads\/2024\/06\/Logo-Objectif-Fibre-480x290-1-200x121.jpg 200w\" sizes=\"(max-width: 480px) 100vw, 480px\" \/><\/figure><div class=\"wp-block-media-text__content\">\n<p>Rejoignez le r\u00e9seau fibre<\/p>\n\n\n\n<p><mark style=\"background-color: rgba(0, 0, 0, 0);\" class=\"has-inline-color has-accent-color\"><b><a href=\"https:\/\/www.objectif-fibre.fr\/wp-content\/uploads\/2024\/04\/Guide-2024_VERSION-FINALE.pdf\">T\u00e9l\u00e9chargez le guide ! <\/a><\/b><\/mark><\/p>\n<\/div><\/div>\n\n<\/div>\n\n\n<div class=\"wp-block-columns is-layout-flex wp-container-core-columns-is-layout-9d6595d7 wp-block-columns-is-layout-flex\">\n<div class=\"wp-block-column is-layout-flow wp-block-column-is-layout-flow\">\n<figure class=\"gb-block-image gb-block-image-c8df9f38\"><img decoding=\"async\" width=\"896\" height=\"1024\" class=\"gb-image gb-image-c8df9f38\" src=\"https:\/\/www.decelect.com\/wp-content\/uploads\/2024\/05\/Visuel-FTTH-1FO-OK-896x1024.png\" alt=\"\" title=\"Visuel-FTTH-1FO-OK\" srcset=\"https:\/\/www.decelect.com\/wp-content\/uploads\/2024\/05\/Visuel-FTTH-1FO-OK-896x1024.png 896w, https:\/\/www.decelect.com\/wp-content\/uploads\/2024\/05\/Visuel-FTTH-1FO-OK-262x300.png 262w, https:\/\/www.decelect.com\/wp-content\/uploads\/2024\/05\/Visuel-FTTH-1FO-OK-768x878.png 768w, https:\/\/www.decelect.com\/wp-content\/uploads\/2024\/05\/Visuel-FTTH-1FO-OK-1343x1536.png 1343w, https:\/\/www.decelect.com\/wp-content\/uploads\/2024\/05\/Visuel-FTTH-1FO-OK-10x12.png 10w, https:\/\/www.decelect.com\/wp-content\/uploads\/2024\/05\/Visuel-FTTH-1FO-OK-200x229.png 200w, https:\/\/www.decelect.com\/wp-content\/uploads\/2024\/05\/Visuel-FTTH-1FO-OK.png 1451w\" sizes=\"(max-width: 896px) 100vw, 896px\" \/><\/figure>\n<\/div>\n\n\n\n<div class=\"wp-block-column is-layout-flow wp-block-column-is-layout-flow\">\n<figure class=\"gb-block-image gb-block-image-6cbc833e\"><img decoding=\"async\" width=\"778\" height=\"1024\" class=\"gb-image gb-image-6cbc833e\" src=\"https:\/\/www.decelect.com\/wp-content\/uploads\/2024\/05\/Visuel-FTTH-4FO-OK-778x1024.png\" alt=\"\" title=\"Visuel-FTTH-4FO-OK\" srcset=\"https:\/\/www.decelect.com\/wp-content\/uploads\/2024\/05\/Visuel-FTTH-4FO-OK-778x1024.png 778w, https:\/\/www.decelect.com\/wp-content\/uploads\/2024\/05\/Visuel-FTTH-4FO-OK-228x300.png 228w, https:\/\/www.decelect.com\/wp-content\/uploads\/2024\/05\/Visuel-FTTH-4FO-OK-768x1011.png 768w, https:\/\/www.decelect.com\/wp-content\/uploads\/2024\/05\/Visuel-FTTH-4FO-OK-1166x1536.png 1166w, https:\/\/www.decelect.com\/wp-content\/uploads\/2024\/05\/Visuel-FTTH-4FO-OK-9x12.png 9w, https:\/\/www.decelect.com\/wp-content\/uploads\/2024\/05\/Visuel-FTTH-4FO-OK-200x263.png 200w, https:\/\/www.decelect.com\/wp-content\/uploads\/2024\/05\/Visuel-FTTH-4FO-OK.png 1410w\" sizes=\"(max-width: 778px) 100vw, 778px\" \/><\/figure>\n<\/div>\n<\/div>\n\n\n\n<div style=\"height:55px\" aria-hidden=\"true\" class=\"wp-block-spacer\"><\/div>\n\n\n<div class=\"gb-container gb-container-3cfc3820\">\n\n<a class=\"gb-button gb-button-d7f2658e\" href=\"https:\/\/www.decelect.com\/wp-content\/uploads\/2023\/03\/Gamme_OptiqueR.pdf\" target=\"_blank\" rel=\"nofollow noopener noreferrer\"><span class=\"gb-icon\"><svg viewbox=\"0 0 16 16\" class=\"bi bi-filetype-pdf\" fill=\"currentColor\" height=\"16\" width=\"16\" xmlns=\"http:\/\/www.w3.org\/2000\/svg\">   <path d=\"M14 4.5V14a2 2 0 0 1-2 2h-1v-1h1a1 1 0 0 0 1-1V4.5h-2A1.5 1.5 0 0 1 9.5 3V1H4a1 1 0 0 0-1 1v9H2V2a2 2 0 0 1 2-2h5.5L14 4.5ZM1.6 11.85H0v3.999h.791v-1.342h.803c.287 0 .531-.057.732-.173.203-.117.358-.275.463-.474a1.42 1.42 0 0 0 .161-.677c0-.25-.053-.476-.158-.677a1.176 1.176 0 0 0-.46-.477c-.2-.12-.443-.179-.732-.179Zm.545 1.333a.795.795 0 0 1-.085.38.574.574 0 0 1-.238.241.794.794 0 0 1-.375.082H.788V12.48h.66c.218 0 .389.06.512.181.123.122.185.296.185.522Zm1.217-1.333v3.999h1.46c.401 0 .734-.08.998-.237a1.45 1.45 0 0 0 .595-.689c.13-.3.196-.662.196-1.084 0-.42-.065-.778-.196-1.075a1.426 1.426 0 0 0-.589-.68c-.264-.156-.599-.234-1.005-.234H3.362Zm.791.645h.563c.248 0 .45.05.609.152a.89.89 0 0 1 .354.454c.079.201.118.452.118.753a2.3 2.3 0 0 1-.068.592 1.14 1.14 0 0 1-.196.422.8.8 0 0 1-.334.252 1.298 1.298 0 0 1-.483.082h-.563v-2.707Zm3.743 1.763v1.591h-.79V11.85h2.548v.653H7.896v1.117h1.606v.638H7.896Z\" fill-rule=\"evenodd\"><\/path> <\/svg><\/span><span class=\"gb-button-text\"><strong>T\u00e9l\u00e9charger le catalogue<\/strong><\/span><\/a>\n\n\n\n<a class=\"gb-button gb-button-8f9c08bd\" href=\"https:\/\/ubiwizz.com\/\" target=\"_blank\" rel=\"nofollow noopener noreferrer\"><span class=\"gb-icon\"><svg viewbox=\"0 0 16 16\" class=\"bi bi-chevron-right\" fill=\"currentColor\" height=\"16\" width=\"16\" xmlns=\"http:\/\/www.w3.org\/2000\/svg\">   <path d=\"M4.646 1.646a.5.5 0 0 1 .708 0l6 6a.5.5 0 0 1 0 .708l-6 6a.5.5 0 0 1-.708-.708L10.293 8 4.646 2.354a.5.5 0 0 1 0-.708z\" fill-rule=\"evenodd\"><\/path> <\/svg><\/span><span class=\"gb-button-text\"><strong>Voir nos produits en ligne<\/strong><\/span><\/a>\n\n<\/div>\n<\/div>\n\n<div class=\"gb-container gb-container-cb18f92e\">\n\n<div class=\"wp-block-columns is-layout-flex wp-container-core-columns-is-layout-9d6595d7 wp-block-columns-is-layout-flex\">\n<div class=\"wp-block-column is-layout-flow wp-block-column-is-layout-flow\">\n<figure class=\"gb-block-image gb-block-image-4ac56d2f\"><img decoding=\"async\" width=\"300\" height=\"210\" class=\"gb-image gb-image-4ac56d2f\" src=\"https:\/\/www.decelect.com\/wp-content\/uploads\/2020\/01\/DSCF8510-1007300c-300x210.jpg\" alt=\"C\u00e2ble colonne montante Riser\" title=\"DSCF8510-1007300c\" srcset=\"https:\/\/www.decelect.com\/wp-content\/uploads\/2020\/01\/DSCF8510-1007300c-300x210.jpg 300w, https:\/\/www.decelect.com\/wp-content\/uploads\/2020\/01\/DSCF8510-1007300c-1024x717.jpg 1024w, https:\/\/www.decelect.com\/wp-content\/uploads\/2020\/01\/DSCF8510-1007300c-768x538.jpg 768w, https:\/\/www.decelect.com\/wp-content\/uploads\/2020\/01\/DSCF8510-1007300c-18x12.jpg 18w, https:\/\/www.decelect.com\/wp-content\/uploads\/2020\/01\/DSCF8510-1007300c-200x140.jpg 200w, https:\/\/www.decelect.com\/wp-content\/uploads\/2020\/01\/DSCF8510-1007300c.jpg 1181w\" sizes=\"(max-width: 300px) 100vw, 300px\" \/><\/figure>\n<\/div>\n\n\n\n<div class=\"wp-block-column is-layout-flow wp-block-column-is-layout-flow\">\n<figure class=\"gb-block-image gb-block-image-7981e2f7\"><img decoding=\"async\" width=\"300\" height=\"225\" class=\"gb-image gb-image-7981e2f7\" src=\"https:\/\/www.decelect.com\/wp-content\/uploads\/2020\/01\/DSCF0180R-1007300cBlanc-300x225.png\" alt=\"C\u00e2ble colonne montante Riser\" title=\"DSCF0180R-1007300cBlanc\" srcset=\"https:\/\/www.decelect.com\/wp-content\/uploads\/2020\/01\/DSCF0180R-1007300cBlanc-300x225.png 300w, https:\/\/www.decelect.com\/wp-content\/uploads\/2020\/01\/DSCF0180R-1007300cBlanc-1024x768.png 1024w, https:\/\/www.decelect.com\/wp-content\/uploads\/2020\/01\/DSCF0180R-1007300cBlanc-768x576.png 768w, https:\/\/www.decelect.com\/wp-content\/uploads\/2020\/01\/DSCF0180R-1007300cBlanc-16x12.png 16w, https:\/\/www.decelect.com\/wp-content\/uploads\/2020\/01\/DSCF0180R-1007300cBlanc-200x150.png 200w, https:\/\/www.decelect.com\/wp-content\/uploads\/2020\/01\/DSCF0180R-1007300cBlanc.png 1181w\" sizes=\"(max-width: 300px) 100vw, 300px\" \/><\/figure>\n<\/div>\n\n\n\n<div class=\"wp-block-column is-layout-flow wp-block-column-is-layout-flow\">\n<figure class=\"gb-block-image gb-block-image-929633f7\"><img decoding=\"async\" width=\"150\" height=\"150\" class=\"gb-image gb-image-929633f7\" src=\"https:\/\/www.decelect.com\/wp-content\/uploads\/2020\/01\/DSCF0270EBC-0707300c-150x150.png\" alt=\"C\u00e2ble d\u2019abonn\u00e9 pr\u00e9c\u00e2bl\u00e9\" title=\"DSCF0270EBC-0707300c\" srcset=\"https:\/\/www.decelect.com\/wp-content\/uploads\/2020\/01\/DSCF0270EBC-0707300c-150x150.png 150w, https:\/\/www.decelect.com\/wp-content\/uploads\/2020\/01\/DSCF0270EBC-0707300c-300x300.png 300w, https:\/\/www.decelect.com\/wp-content\/uploads\/2020\/01\/DSCF0270EBC-0707300c-768x768.png 768w, https:\/\/www.decelect.com\/wp-content\/uploads\/2020\/01\/DSCF0270EBC-0707300c-12x12.png 12w, https:\/\/www.decelect.com\/wp-content\/uploads\/2020\/01\/DSCF0270EBC-0707300c-200x200.png 200w, https:\/\/www.decelect.com\/wp-content\/uploads\/2020\/01\/DSCF0270EBC-0707300c.png 827w\" sizes=\"(max-width: 150px) 100vw, 150px\" \/><\/figure>\n<\/div>\n<\/div>\n\n<\/div>\n\n<div class=\"gb-container gb-container-25b5a541\"><div class=\"gb-inside-container\">\n\n<h2 class=\"gb-headline gb-headline-4a6a7f86\"><span class=\"gb-icon\"><svg class=\"bi bi-dash-lg\" fill=\"currentColor\" version=\"1.1\" viewbox=\"0 0 12 1\" xmlns=\"http:\/\/www.w3.org\/2000\/svg\"><path d=\"m0 0.5a0.5 0.5 0 0 1 0.5-0.5h11a0.5 0.5 0 0 1 0 1h-11a0.5 0.5 0 0 1-0.5-0.5z\" fill-rule=\"evenodd\"><\/path><\/svg><\/span><span class=\"gb-headline-text\"><strong>Do you have <mark style=\"background-color:rgba(0, 0, 0, 0)\" class=\"has-inline-color has-accent-color\">une question concernant les c\u00e2bles Fibre Optique ?<\/mark><\/strong><\/span><\/h2>\n\n\n\n<p class=\"gb-headline gb-headline-a4008d18 gb-headline-text\">Laissez nous vos coordonn\u00e9es et nous vous contacterons dans les plus brefs d\u00e9lais<\/p>\n\n\n<div class=\"gb-button-wrapper gb-button-wrapper-2172d7ad\">\n\n<a class=\"gb-button gb-button-b39ac1b7 --icon-on-hover\" href=\"https:\/\/www.decelect.com\/en\/contact\/\"><span class=\"gb-button-text\"><strong>Contact us<\/strong><\/span><span class=\"gb-icon\"><svg viewbox=\"0 0 16 16\" class=\"bi bi-chevron-right\" fill=\"currentColor\" height=\"16\" width=\"16\" xmlns=\"http:\/\/www.w3.org\/2000\/svg\">   <path d=\"M4.646 1.646a.5.5 0 0 1 .708 0l6 6a.5.5 0 0 1 0 .708l-6 6a.5.5 0 0 1-.708-.708L10.293 8 4.646 2.354a.5.5 0 0 1 0-.708z\" fill-rule=\"evenodd\"><\/path> <\/svg><\/span><\/a>\n\n<\/div>\n<\/div><\/div>","protected":false},"excerpt":{"rendered":"<p>Gamme FTTH &#8211; Fibre Optique Nous proposons une gamme compl\u00e8te de produits FTTH con\u00e7us pour apporter la puissance de la fibre optique directement dans les logements. Que vous soyez un fournisseur de services Internet, un op\u00e9rateur de t\u00e9l\u00e9communications ou un d\u00e9veloppeur immobilier, notre gamme de produits FTTH r\u00e9pond \u00e0 tous vos besoins en mati\u00e8re de &#8230; <a title=\"FTTH Range \u2013 Optical Fiber\" class=\"read-more\" href=\"https:\/\/www.decelect.com\/en\/gamme-ftth-fibre-optique\/\" aria-label=\"Read more about Gamme FTTH &#8211; Fibre Optique\">Read more<\/a><\/p>","protected":false},"author":3,"featured_media":0,"parent":0,"menu_order":0,"comment_status":"closed","ping_status":"closed","template":"","meta":{"_acf_changed":false,"_seopress_robots_primary_cat":"","_seopress_titles_title":"","_seopress_titles_desc":"","_seopress_robots_index":"","content-type":"","footnotes":""},"class_list":["post-9577","page","type-page","status-publish"],"acf":[],"_links":{"self":[{"href":"https:\/\/www.decelect.com\/en\/wp-json\/wp\/v2\/pages\/9577","targetHints":{"allow":["GET"]}}],"collection":[{"href":"https:\/\/www.decelect.com\/en\/wp-json\/wp\/v2\/pages"}],"about":[{"href":"https:\/\/www.decelect.com\/en\/wp-json\/wp\/v2\/types\/page"}],"author":[{"embeddable":true,"href":"https:\/\/www.decelect.com\/en\/wp-json\/wp\/v2\/users\/3"}],"replies":[{"embeddable":true,"href":"https:\/\/www.decelect.com\/en\/wp-json\/wp\/v2\/comments?post=9577"}],"version-history":[{"count":2,"href":"https:\/\/www.decelect.com\/en\/wp-json\/wp\/v2\/pages\/9577\/revisions"}],"predecessor-version":[{"id":11408,"href":"https:\/\/www.decelect.com\/en\/wp-json\/wp\/v2\/pages\/9577\/revisions\/11408"}],"wp:attachment":[{"href":"https:\/\/www.decelect.com\/en\/wp-json\/wp\/v2\/media?parent=9577"}],"curies":[{"name":"wp","href":"https:\/\/api.w.org\/{rel}","templated":true}]}}