{"id":11365,"date":"2024-06-20T12:28:29","date_gmt":"2024-06-20T10:28:29","guid":{"rendered":"https:\/\/www.decelect.com\/?page_id=11365"},"modified":"2024-06-20T12:29:56","modified_gmt":"2024-06-20T10:29:56","slug":"catalogues","status":"publish","type":"page","link":"https:\/\/www.decelect.com\/en\/catalogues\/","title":{"rendered":"Catalogs"},"content":{"rendered":"<div class=\"gb-container gb-container-20e6e6ce\">\n\n<h1 class=\"gb-headline gb-headline-4a43196f gb-headline-text\"><strong>Catalogues et brochures<\/strong><\/h1>\n\n<div class=\"gb-shapes\"><div class=\"gb-shape gb-shape-1\"><svg xmlns=\"http:\/\/www.w3.org\/2000\/svg\" viewbox=\"0 0 1200 360\" preserveaspectratio=\"none\"><path d=\"M1200 360H0V0l1200 348z\"\/><\/svg><\/div><\/div><\/div>\n\n<div class=\"gb-container gb-container-0d165108\">\n<div class=\"gb-container gb-container-bff0b729\">\n<div class=\"gb-grid-wrapper gb-grid-wrapper-d5d42a93\">\n<div class=\"gb-grid-column gb-grid-column-5e0b1260\"><div class=\"gb-container gb-container-5e0b1260\">\n\n<p class=\"has-text-align-center\">Decelect met gratuitement \u00e0 votre disposition un ensemble de documentations, catalogues et brochures d\u00e9crivant toutes les gammes que nous vous proposons.<\/p>\n\n\n\n<p class=\"has-text-align-center\">N&rsquo;h\u00e9sitez pas \u00e0 les t\u00e9l\u00e9charger !<\/p>\n\n\n\n<div class=\"wp-block-columns is-layout-flex wp-container-core-columns-is-layout-9d6595d7 wp-block-columns-is-layout-flex\">\n<div class=\"wp-block-column is-layout-flow wp-block-column-is-layout-flow\">\n<div class=\"wp-block-media-text is-stacked-on-mobile\" style=\"grid-template-columns:35% auto\"><figure class=\"wp-block-media-text__media\"><img alt=\"\" decoding=\"async\" width=\"724\" height=\"1024\" src=\"https:\/\/www.decelect.com\/wp-content\/uploads\/2024\/06\/residentiel-ombrage-724x1024.png\" class=\"wp-image-11367 size-full\" srcset=\"https:\/\/www.decelect.com\/wp-content\/uploads\/2024\/06\/residentiel-ombrage-724x1024.png 724w, https:\/\/www.decelect.com\/wp-content\/uploads\/2024\/06\/residentiel-ombrage-212x300.png 212w, https:\/\/www.decelect.com\/wp-content\/uploads\/2024\/06\/residentiel-ombrage-768x1086.png 768w, https:\/\/www.decelect.com\/wp-content\/uploads\/2024\/06\/residentiel-ombrage-1086x1536.png 1086w, https:\/\/www.decelect.com\/wp-content\/uploads\/2024\/06\/residentiel-ombrage-8x12.png 8w, https:\/\/www.decelect.com\/wp-content\/uploads\/2024\/06\/residentiel-ombrage-200x283.png 200w, https:\/\/www.decelect.com\/wp-content\/uploads\/2024\/06\/residentiel-ombrage.png 1414w\" sizes=\"(max-width: 724px) 100vw, 724px\" \/><\/figure><div class=\"wp-block-media-text__content\">\n<p><strong>Catalogue R\u00e9sidentiel<\/strong><\/p>\n\n\n\n<p>Solutions pour le R\u00e9sidentiel : Solution VDI, Solution FTH, Solution Connect\u00e9e, Mat\u00e9riel Electrique,&#8230;<\/p>\n\n\n\n<a class=\"gb-button gb-button-9129a3b1 gb-button-text\" href=\"http:\/\/www.decelect.com\/en\/pdf\/Catalogue-residentiel-2022-SommaireV3-Couv-R%C3%A9duitV2.pdf\/\" target=\"_blank\" rel=\"noopener noreferrer\">T\u00e9l\u00e9charger<\/a>\n<\/div><\/div>\n\n\n\n<div class=\"wp-block-media-text is-stacked-on-mobile\" style=\"grid-template-columns:35% auto\"><figure class=\"wp-block-media-text__media\"><img alt=\"\" decoding=\"async\" width=\"724\" height=\"1024\" src=\"https:\/\/www.decelect.com\/wp-content\/uploads\/2024\/06\/objectif-fibre-724x1024.png\" class=\"wp-image-11369 size-full\" srcset=\"https:\/\/www.decelect.com\/wp-content\/uploads\/2024\/06\/objectif-fibre-724x1024.png 724w, https:\/\/www.decelect.com\/wp-content\/uploads\/2024\/06\/objectif-fibre-212x300.png 212w, https:\/\/www.decelect.com\/wp-content\/uploads\/2024\/06\/objectif-fibre-768x1086.png 768w, https:\/\/www.decelect.com\/wp-content\/uploads\/2024\/06\/objectif-fibre-1086x1536.png 1086w, https:\/\/www.decelect.com\/wp-content\/uploads\/2024\/06\/objectif-fibre-8x12.png 8w, https:\/\/www.decelect.com\/wp-content\/uploads\/2024\/06\/objectif-fibre-200x283.png 200w, https:\/\/www.decelect.com\/wp-content\/uploads\/2024\/06\/objectif-fibre.png 1414w\" sizes=\"(max-width: 724px) 100vw, 724px\" \/><\/figure><div class=\"wp-block-media-text__content\">\n<p><strong>Guide Raccordement Client<\/strong><\/p>\n\n\n\n<p>R\u00e9seau en fibre FTTH &#8211; \u00e9dition 2023<\/p>\n\n\n\n<a class=\"gb-button gb-button-96c20310 gb-button-text\" href=\"https:\/\/www.objectif-fibre.fr\/wp-content\/uploads\/2024\/04\/Guide-2024_VERSION-FINALE.pdf\" target=\"_blank\" rel=\"noopener noreferrer\">T\u00e9l\u00e9charger<\/a>\n<\/div><\/div>\n<\/div>\n\n\n\n<div class=\"wp-block-column is-layout-flow wp-block-column-is-layout-flow\">\n<div class=\"wp-block-media-text is-stacked-on-mobile\" style=\"grid-template-columns:35% auto\"><figure class=\"wp-block-media-text__media\"><img alt=\"\" decoding=\"async\" width=\"724\" height=\"1024\" src=\"https:\/\/www.decelect.com\/wp-content\/uploads\/2024\/06\/tertiaire-ombrage-724x1024.png\" class=\"wp-image-11368 size-full\" srcset=\"https:\/\/www.decelect.com\/wp-content\/uploads\/2024\/06\/tertiaire-ombrage-724x1024.png 724w, https:\/\/www.decelect.com\/wp-content\/uploads\/2024\/06\/tertiaire-ombrage-212x300.png 212w, https:\/\/www.decelect.com\/wp-content\/uploads\/2024\/06\/tertiaire-ombrage-768x1086.png 768w, https:\/\/www.decelect.com\/wp-content\/uploads\/2024\/06\/tertiaire-ombrage-1086x1536.png 1086w, https:\/\/www.decelect.com\/wp-content\/uploads\/2024\/06\/tertiaire-ombrage-8x12.png 8w, https:\/\/www.decelect.com\/wp-content\/uploads\/2024\/06\/tertiaire-ombrage-200x283.png 200w, https:\/\/www.decelect.com\/wp-content\/uploads\/2024\/06\/tertiaire-ombrage.png 1414w\" sizes=\"(max-width: 724px) 100vw, 724px\" \/><\/figure><div class=\"wp-block-media-text__content\">\n<p><strong>Catalogue Tertiaire<\/strong><\/p>\n\n\n\n<p>Solutions pour les b\u00e2timents tertiaires : Datacenter, industrie, petits tertiaires,&#8230;<\/p>\n\n\n\n<a class=\"gb-button gb-button-e095d816 gb-button-text\" href=\"https:\/\/www.decelect.com\/pdf\/Catalogue-tertiaire-2024_BD.pdf\" target=\"_blank\" rel=\"noopener noreferrer\">T\u00e9l\u00e9charger<\/a>\n<\/div><\/div>\n\n\n\n<div class=\"wp-block-media-text is-stacked-on-mobile\" style=\"grid-template-columns:35% auto\"><figure class=\"wp-block-media-text__media\"><img alt=\"\" decoding=\"async\" width=\"724\" height=\"1024\" src=\"https:\/\/www.decelect.com\/wp-content\/uploads\/2024\/06\/mobilomes-ombrage-724x1024.png\" class=\"wp-image-11370 size-full\" srcset=\"https:\/\/www.decelect.com\/wp-content\/uploads\/2024\/06\/mobilomes-ombrage-724x1024.png 724w, https:\/\/www.decelect.com\/wp-content\/uploads\/2024\/06\/mobilomes-ombrage-212x300.png 212w, https:\/\/www.decelect.com\/wp-content\/uploads\/2024\/06\/mobilomes-ombrage-768x1086.png 768w, https:\/\/www.decelect.com\/wp-content\/uploads\/2024\/06\/mobilomes-ombrage-1086x1536.png 1086w, https:\/\/www.decelect.com\/wp-content\/uploads\/2024\/06\/mobilomes-ombrage-8x12.png 8w, https:\/\/www.decelect.com\/wp-content\/uploads\/2024\/06\/mobilomes-ombrage-200x283.png 200w, https:\/\/www.decelect.com\/wp-content\/uploads\/2024\/06\/mobilomes-ombrage.png 1414w\" sizes=\"(max-width: 724px) 100vw, 724px\" \/><\/figure><div class=\"wp-block-media-text__content\">\n<p><strong>Solution connect\u00e9e pour Mobilhomes Intelligents<\/strong><\/p>\n\n\n\n<p>Une offre compl\u00e8te pour \u00e9quiper les mobilhomes connect\u00e9s &#8211; \u00e9dition 2021<\/p>\n\n\n\n<a class=\"gb-button gb-button-22f14491 gb-button-text\" href=\"https:\/\/www.decelect.com\/en\/pdf\/Plaquette%20Mobilhome_version_web.pdf\/?utm_referrer=https%3A%2F%2Fwww.decelect.com%2F\" target=\"_blank\" rel=\"noopener noreferrer\">T\u00e9l\u00e9charger<\/a>\n<\/div><\/div>\n<\/div>\n<\/div>\n\n<\/div><\/div>\n<\/div>\n<\/div>\n<\/div>\n\n<div class=\"gb-container gb-container-26c5cb4a\"><\/div>\n\n<div class=\"gb-container gb-container-acadb52f\">\n\n<p><\/p>\n\n<\/div>","protected":false},"excerpt":{"rendered":"<p>Catalogues et brochures<\/p>","protected":false},"author":3,"featured_media":0,"parent":0,"menu_order":0,"comment_status":"closed","ping_status":"closed","template":"","meta":{"_acf_changed":false,"_seopress_robots_primary_cat":"","_seopress_titles_title":"","_seopress_titles_desc":"","_seopress_robots_index":"","content-type":"","footnotes":""},"class_list":["post-11365","page","type-page","status-publish"],"acf":[],"_links":{"self":[{"href":"https:\/\/www.decelect.com\/en\/wp-json\/wp\/v2\/pages\/11365","targetHints":{"allow":["GET"]}}],"collection":[{"href":"https:\/\/www.decelect.com\/en\/wp-json\/wp\/v2\/pages"}],"about":[{"href":"https:\/\/www.decelect.com\/en\/wp-json\/wp\/v2\/types\/page"}],"author":[{"embeddable":true,"href":"https:\/\/www.decelect.com\/en\/wp-json\/wp\/v2\/users\/3"}],"replies":[{"embeddable":true,"href":"https:\/\/www.decelect.com\/en\/wp-json\/wp\/v2\/comments?post=11365"}],"version-history":[{"count":3,"href":"https:\/\/www.decelect.com\/en\/wp-json\/wp\/v2\/pages\/11365\/revisions"}],"predecessor-version":[{"id":11373,"href":"https:\/\/www.decelect.com\/en\/wp-json\/wp\/v2\/pages\/11365\/revisions\/11373"}],"wp:attachment":[{"href":"https:\/\/www.decelect.com\/en\/wp-json\/wp\/v2\/media?parent=11365"}],"curies":[{"name":"wp","href":"https:\/\/api.w.org\/{rel}","templated":true}]}}