{"id":10343,"date":"2024-04-19T11:09:01","date_gmt":"2024-04-19T09:09:01","guid":{"rendered":"https:\/\/www.decelect.com\/?page_id=10343"},"modified":"2025-05-14T15:34:30","modified_gmt":"2025-05-14T13:34:30","slug":"nos-engagements","status":"publish","type":"page","link":"https:\/\/www.decelect.com\/en\/nos-engagements\/","title":{"rendered":"Our commitments"},"content":{"rendered":"<div class=\"gb-container gb-container-20e6e6ce\">\n\n<h1 class=\"gb-headline gb-headline-4a43196f gb-headline-text\"><strong>Notre savoir faire de qualit\u00e9<\/strong><\/h1>\n\n<div class=\"gb-shapes\"><div class=\"gb-shape gb-shape-1\"><svg xmlns=\"http:\/\/www.w3.org\/2000\/svg\" viewbox=\"0 0 1200 360\" preserveaspectratio=\"none\"><path d=\"M1200 360H0V0l1200 348z\"\/><\/svg><\/div><\/div><\/div>\n\n<div class=\"gb-container gb-container-0d165108\">\n<div class=\"gb-container gb-container-bff0b729\">\n<div class=\"gb-grid-wrapper gb-grid-wrapper-d5d42a93\">\n<div class=\"gb-grid-column gb-grid-column-c2af42d9\"><div class=\"gb-container gb-container-c2af42d9\">\n\n<figure class=\"gb-block-image gb-block-image-19310b1c\"><img decoding=\"async\" width=\"500\" height=\"441\" class=\"gb-image gb-image-19310b1c\" src=\"https:\/\/www.decelect.com\/wp-content\/uploads\/2024\/05\/qualiteisoeqs-9001-e1594288508127.png\" alt=\"\" title=\"qualiteisoeqs-9001-e1594288508127\" srcset=\"https:\/\/www.decelect.com\/wp-content\/uploads\/2024\/05\/qualiteisoeqs-9001-e1594288508127.png 500w, https:\/\/www.decelect.com\/wp-content\/uploads\/2024\/05\/qualiteisoeqs-9001-e1594288508127-300x265.png 300w, https:\/\/www.decelect.com\/wp-content\/uploads\/2024\/05\/qualiteisoeqs-9001-e1594288508127-14x12.png 14w, https:\/\/www.decelect.com\/wp-content\/uploads\/2024\/05\/qualiteisoeqs-9001-e1594288508127-200x176.png 200w\" sizes=\"(max-width: 500px) 100vw, 500px\" \/><\/figure>\n\n<\/div><\/div>\n\n<div class=\"gb-grid-column gb-grid-column-5e0b1260\"><div class=\"gb-container gb-container-5e0b1260\">\n\n<p class=\"has-text-align-left\">Au coeur de notre mission chez DECELECT r\u00e9side un engagement ind\u00e9fectible envers la qualit\u00e9, l&rsquo;innovation technique et le d\u00e9veloppement continu. Depuis notre fondation, nous avons plac\u00e9 ces valeurs au centre de chacune de nos actions, forgeant ainsi une r\u00e9putation solide et durable dans le monde de l&rsquo;industrie.<\/p>\n\n\n\n<p>La qualit\u00e9 est notre boussole, guidant chacune de nos d\u00e9cisions et actions. Chez DECELECT, nous ne faisons aucun compromis lorsqu&rsquo;il s&rsquo;agit de fournir \u00e0 nos clients des produits et services d&rsquo;une excellence in\u00e9gal\u00e9e. Chaque composant que nous produisons est soumis \u00e0 des normes rigoureuses de contr\u00f4le qualit\u00e9, garantissant ainsi la fiabilit\u00e9 et la durabilit\u00e9 de nos solutions.<\/p>\n\n\n<div class=\"gb-container gb-container-9323bd64 alignwide\">\n\n<p class=\"has-text-align-center has-background has-medium-font-size\" style=\"background:linear-gradient(135deg,rgb(253,253,253) 0%,rgb(182,227,212) 50%,rgb(50,144,44) 100%)\"><strong><mark style=\"background-color:rgba(0, 0, 0, 0)\" class=\"has-inline-color has-accent-color\"><a href=\"http:\/\/www.decelect.com\/en\/certificats\/Certificat-Decelect-ISO9001_2024.pdf\/\" data-type=\"link\" data-id=\"http:\/\/www.decelect.com\/certificats\/Certificat-Decelect-ISO9001_2024.pdf\">Certification ISO9001<\/a><\/mark><\/strong> sur tous nos sites de production<br>D\u00e9marche ISO14001 sur nos sites fran\u00e7ais<br><strong><mark style=\"background-color:rgba(0, 0, 0, 0)\" class=\"has-inline-color has-accent-color\"><a href=\"http:\/\/www.decelect.com\/en\/certificats\/2025-161%20DECELECT.pdf\/\">Certifications FORCE TECHNOLOGY et GHMT<\/a><\/mark> <\/strong>sur nos principaux produits<\/p>\n\n<\/div>\n<\/div><\/div>\n<\/div>\n<\/div>\n<\/div>\n\n<div class=\"gb-container gb-container-8aaa7e37 alignfull\">\n<div class=\"gb-container gb-container-e2ea206f\">\n<div class=\"gb-grid-wrapper gb-grid-wrapper-1813be09\">\n<div class=\"gb-grid-column gb-grid-column-f337ec88\"><div class=\"gb-container gb-container-f337ec88\">\n\n<h2 class=\"wp-block-heading\"><strong>Innovations techniques<\/strong><\/h2>\n\n\n\n<p class=\"gb-headline gb-headline-f751c95f gb-headline-text\">L&rsquo;innovation technique est le moteur qui nous propulse vers l&rsquo;avenir. Nous investissons continuellement dans la recherche et le d\u00e9veloppement, explorant de nouvelles technologies. Nos \u00e9quipes travaillent sans rel\u00e2che pour cr\u00e9er des solutions innovantes qui r\u00e9pondent aux enjeux complexes de notre \u00e9poque.<\/p>\n\n\n\n<p class=\"gb-headline gb-headline-b6e6832f gb-headline-text\">Nos gammes de produits sont en constante \u00e9volution pour s\u2019adapter aux demandes de nos clients et partenaires avec lesquels nous travaillons afin d&rsquo;anticiper et de trouver les meilleures solutions.<\/p>\n\n<\/div><\/div>\n\n<div class=\"gb-grid-column gb-grid-column-c962165f\"><div class=\"gb-container gb-container-c962165f\">\n\n<div class=\"wp-block-columns is-layout-flex wp-container-core-columns-is-layout-9d6595d7 wp-block-columns-is-layout-flex\">\n<div class=\"wp-block-column is-layout-flow wp-block-column-is-layout-flow\" style=\"flex-basis:100%\"><div class=\"wp-block-image\">\n<figure class=\"aligncenter size-full is-resized\"><img alt=\"\" decoding=\"async\" width=\"2560\" height=\"1317\" src=\"https:\/\/www.decelect.com\/wp-content\/uploads\/2024\/05\/Innovation-technique-scaled.jpg\" class=\"wp-image-10574\" style=\"width:757px;height:403px\" srcset=\"https:\/\/www.decelect.com\/wp-content\/uploads\/2024\/05\/Innovation-technique-scaled.jpg 2560w, https:\/\/www.decelect.com\/wp-content\/uploads\/2024\/05\/Innovation-technique-300x154.jpg 300w, https:\/\/www.decelect.com\/wp-content\/uploads\/2024\/05\/Innovation-technique-1024x527.jpg 1024w, https:\/\/www.decelect.com\/wp-content\/uploads\/2024\/05\/Innovation-technique-768x395.jpg 768w, https:\/\/www.decelect.com\/wp-content\/uploads\/2024\/05\/Innovation-technique-1536x790.jpg 1536w, https:\/\/www.decelect.com\/wp-content\/uploads\/2024\/05\/Innovation-technique-2048x1054.jpg 2048w, https:\/\/www.decelect.com\/wp-content\/uploads\/2024\/05\/Innovation-technique-18x9.jpg 18w, https:\/\/www.decelect.com\/wp-content\/uploads\/2024\/05\/Innovation-technique-200x103.jpg 200w\" sizes=\"(max-width: 2560px) 100vw, 2560px\" \/><\/figure>\n<\/div><\/div>\n<\/div>\n\n<\/div><\/div>\n<\/div>\n<\/div>\n<\/div>\n\n<div class=\"gb-container gb-container-ebe19358\">\n<div class=\"gb-container gb-container-8dccc875\">\n<div class=\"gb-grid-wrapper gb-grid-wrapper-57244e27\">\n<div class=\"gb-grid-column gb-grid-column-42f6e187\"><div class=\"gb-container gb-container-42f6e187\">\n\n<figure class=\"gb-block-image gb-block-image-09d0e65b\"><a href=\"https:\/\/ignes.fr\/ \" target=\"_blank\" rel=\"noopener noreferrer\"><img decoding=\"async\" width=\"192\" height=\"192\" class=\"gb-image gb-image-09d0e65b\" src=\"https:\/\/www.decelect.com\/wp-content\/uploads\/2024\/07\/1.png\" alt=\"\" title=\"1\" srcset=\"https:\/\/www.decelect.com\/wp-content\/uploads\/2024\/07\/1.png 192w, https:\/\/www.decelect.com\/wp-content\/uploads\/2024\/07\/1-150x150.png 150w, https:\/\/www.decelect.com\/wp-content\/uploads\/2024\/07\/1-12x12.png 12w\" sizes=\"(max-width: 192px) 100vw, 192px\" \/><\/a><\/figure>\n\n<\/div><\/div>\n\n<div class=\"gb-grid-column gb-grid-column-3e7c968a\"><div class=\"gb-container gb-container-3e7c968a\">\n\n<figure class=\"gb-block-image gb-block-image-790739d9\"><a href=\"https:\/\/www.smartbuildingsalliance.org\/ \" target=\"_blank\" rel=\"noopener noreferrer\"><img decoding=\"async\" width=\"192\" height=\"192\" class=\"gb-image gb-image-790739d9\" src=\"https:\/\/www.decelect.com\/wp-content\/uploads\/2024\/07\/2.png\" alt=\"\" title=\"2\" srcset=\"https:\/\/www.decelect.com\/wp-content\/uploads\/2024\/07\/2.png 192w, https:\/\/www.decelect.com\/wp-content\/uploads\/2024\/07\/2-150x150.png 150w, https:\/\/www.decelect.com\/wp-content\/uploads\/2024\/07\/2-12x12.png 12w\" sizes=\"(max-width: 192px) 100vw, 192px\" \/><\/a><\/figure>\n\n<\/div><\/div>\n\n<div class=\"gb-grid-column gb-grid-column-f3905587\"><div class=\"gb-container gb-container-f3905587\">\n\n<figure class=\"gb-block-image gb-block-image-1609244a\"><a href=\"https:\/\/www.smartbuildingsalliance.org\/project\/cadre-de-reference-r2s \" target=\"_blank\" rel=\"noopener noreferrer\"><img decoding=\"async\" width=\"192\" height=\"192\" class=\"gb-image gb-image-1609244a\" src=\"https:\/\/www.decelect.com\/wp-content\/uploads\/2024\/07\/3.png\" alt=\"\" title=\"3\" srcset=\"https:\/\/www.decelect.com\/wp-content\/uploads\/2024\/07\/3.png 192w, https:\/\/www.decelect.com\/wp-content\/uploads\/2024\/07\/3-150x150.png 150w, https:\/\/www.decelect.com\/wp-content\/uploads\/2024\/07\/3-12x12.png 12w\" sizes=\"(max-width: 192px) 100vw, 192px\" \/><\/a><\/figure>\n\n<\/div><\/div>\n\n<div class=\"gb-grid-column gb-grid-column-288923af\"><div class=\"gb-container gb-container-288923af\">\n\n<figure class=\"gb-block-image gb-block-image-038db2a1\"><a href=\"https:\/\/www.lafrenchfab.fr\/ \" target=\"_blank\" rel=\"noopener noreferrer\"><img decoding=\"async\" width=\"192\" height=\"192\" class=\"gb-image gb-image-038db2a1\" src=\"https:\/\/www.decelect.com\/wp-content\/uploads\/2024\/07\/4.png\" alt=\"\" title=\"4\" srcset=\"https:\/\/www.decelect.com\/wp-content\/uploads\/2024\/07\/4.png 192w, https:\/\/www.decelect.com\/wp-content\/uploads\/2024\/07\/4-150x150.png 150w, https:\/\/www.decelect.com\/wp-content\/uploads\/2024\/07\/4-12x12.png 12w\" sizes=\"(max-width: 192px) 100vw, 192px\" \/><\/a><\/figure>\n\n<\/div><\/div>\n\n<div class=\"gb-grid-column gb-grid-column-5db789dc\"><div class=\"gb-container gb-container-5db789dc\">\n\n<figure class=\"gb-block-image gb-block-image-d245c8bf\"><a href=\"https:\/\/www.lafrenchtechlille.com\" target=\"_blank\" rel=\"noopener noreferrer\"><img decoding=\"async\" width=\"192\" height=\"192\" class=\"gb-image gb-image-d245c8bf\" src=\"https:\/\/www.decelect.com\/wp-content\/uploads\/2024\/07\/5.png\" alt=\"\" title=\"5\" srcset=\"https:\/\/www.decelect.com\/wp-content\/uploads\/2024\/07\/5.png 192w, https:\/\/www.decelect.com\/wp-content\/uploads\/2024\/07\/5-150x150.png 150w, https:\/\/www.decelect.com\/wp-content\/uploads\/2024\/07\/5-12x12.png 12w\" sizes=\"(max-width: 192px) 100vw, 192px\" \/><\/a><\/figure>\n\n<\/div><\/div>\n\n<div class=\"gb-grid-column gb-grid-column-a00fc318\"><div class=\"gb-container gb-container-a00fc318\">\n\n<figure class=\"gb-block-image gb-block-image-52f08550\"><a href=\"https:\/\/infranum.fr\/ \" target=\"_blank\" rel=\"noopener noreferrer\"><img decoding=\"async\" width=\"192\" height=\"192\" class=\"gb-image gb-image-52f08550\" src=\"https:\/\/www.decelect.com\/wp-content\/uploads\/2024\/07\/6.png\" alt=\"\" title=\"6\" srcset=\"https:\/\/www.decelect.com\/wp-content\/uploads\/2024\/07\/6.png 192w, https:\/\/www.decelect.com\/wp-content\/uploads\/2024\/07\/6-150x150.png 150w, https:\/\/www.decelect.com\/wp-content\/uploads\/2024\/07\/6-12x12.png 12w\" sizes=\"(max-width: 192px) 100vw, 192px\" \/><\/a><\/figure>\n\n<\/div><\/div>\n\n<div class=\"gb-grid-column gb-grid-column-7cc737da\"><div class=\"gb-container gb-container-7cc737da\">\n\n<figure class=\"gb-block-image gb-block-image-7ef2c891\"><a href=\"https:\/\/www.bpifrance.fr\/catalogue-offres\/le-club-excellence\" target=\"_blank\" rel=\"noopener noreferrer\"><img decoding=\"async\" width=\"192\" height=\"192\" class=\"gb-image gb-image-7ef2c891\" src=\"https:\/\/www.decelect.com\/wp-content\/uploads\/2024\/07\/7.png\" alt=\"\" title=\"7\" srcset=\"https:\/\/www.decelect.com\/wp-content\/uploads\/2024\/07\/7.png 192w, https:\/\/www.decelect.com\/wp-content\/uploads\/2024\/07\/7-150x150.png 150w, https:\/\/www.decelect.com\/wp-content\/uploads\/2024\/07\/7-12x12.png 12w\" sizes=\"(max-width: 192px) 100vw, 192px\" \/><\/a><\/figure>\n\n<\/div><\/div>\n<\/div>\n<\/div>\n<\/div>\n\n<div class=\"gb-container gb-container-26c5cb4a\">\n<div class=\"gb-container gb-container-52a7d03a\">\n<div class=\"gb-container gb-container-dcb71261\">\n<div class=\"gb-grid-wrapper gb-grid-wrapper-67074b4f\">\n<div class=\"gb-grid-column gb-grid-column-7f34d07c\"><div class=\"gb-container gb-container-7f34d07c\">\n<div class=\"gb-container gb-container-2755c7da\">\n\n<figure class=\"gb-block-image gb-block-image-219f9567\"><img decoding=\"async\" width=\"2048\" height=\"1536\" class=\"gb-image gb-image-219f9567\" src=\"https:\/\/www.decelect.com\/wp-content\/uploads\/2023\/07\/bureau-etude.jpg\" alt=\"\" title=\"bureau-etude\" srcset=\"https:\/\/www.decelect.com\/wp-content\/uploads\/2023\/07\/bureau-etude.jpg 2048w, https:\/\/www.decelect.com\/wp-content\/uploads\/2023\/07\/bureau-etude-300x225.jpg 300w, https:\/\/www.decelect.com\/wp-content\/uploads\/2023\/07\/bureau-etude-1024x768.jpg 1024w, https:\/\/www.decelect.com\/wp-content\/uploads\/2023\/07\/bureau-etude-768x576.jpg 768w, https:\/\/www.decelect.com\/wp-content\/uploads\/2023\/07\/bureau-etude-1536x1152.jpg 1536w, https:\/\/www.decelect.com\/wp-content\/uploads\/2023\/07\/bureau-etude-16x12.jpg 16w, https:\/\/www.decelect.com\/wp-content\/uploads\/2023\/07\/bureau-etude-200x150.jpg 200w\" sizes=\"(max-width: 2048px) 100vw, 2048px\" \/><\/figure>\n\n<\/div>\n\n\n<figure class=\"gb-block-image gb-block-image-ed7fa45a\"><img decoding=\"async\" width=\"2048\" height=\"1536\" class=\"gb-image gb-image-ed7fa45a\" src=\"https:\/\/www.decelect.com\/wp-content\/uploads\/2023\/07\/certification.jpg\" alt=\"\" title=\"certification\" srcset=\"https:\/\/www.decelect.com\/wp-content\/uploads\/2023\/07\/certification.jpg 2048w, https:\/\/www.decelect.com\/wp-content\/uploads\/2023\/07\/certification-300x225.jpg 300w, https:\/\/www.decelect.com\/wp-content\/uploads\/2023\/07\/certification-1024x768.jpg 1024w, https:\/\/www.decelect.com\/wp-content\/uploads\/2023\/07\/certification-768x576.jpg 768w, https:\/\/www.decelect.com\/wp-content\/uploads\/2023\/07\/certification-1536x1152.jpg 1536w, https:\/\/www.decelect.com\/wp-content\/uploads\/2023\/07\/certification-16x12.jpg 16w, https:\/\/www.decelect.com\/wp-content\/uploads\/2023\/07\/certification-200x150.jpg 200w\" sizes=\"(max-width: 2048px) 100vw, 2048px\" \/><\/figure>\n\n<\/div><\/div>\n\n<div class=\"gb-grid-column gb-grid-column-67d7c4f8\"><div class=\"gb-container gb-container-67d7c4f8\">\n\n<h2 class=\"gb-headline gb-headline-b4296ad0 gb-headline-text\"><strong>Nos capacit\u00e9s<\/strong><\/h2>\n\n\n\n<p><\/p>\n\n\n\n<p class=\"gb-headline gb-headline-bf683850 gb-headline-text\"><strong>Notre capacit\u00e9 de d\u00e9veloppement<\/strong><br>Une \u00e9quipe exp\u00e9riment\u00e9e et innovante d\u2019ing\u00e9nieurs et de techniciens con\u00e7oit et d\u00e9veloppe des produits adapt\u00e9s aux besoins de nos clients (d\u00e9p\u00f4t de brevet, d\u00e9p\u00f4t de mod\u00e8le, d\u00e9p\u00f4t de marque).<\/p>\n\n\n\n<p class=\"gb-headline gb-headline-835bafa0 gb-headline-text\"><strong>Notre capacit\u00e9 de production<\/strong><br>Plusieurs site de production dans le monde pour satisfaire nos clients les plus exigeants, injection plastique, d\u00e9coupe, montage, c\u00e2blage, surmoulage, test et conditionnement.<\/p>\n\n\n\n<p class=\"gb-headline gb-headline-06a18842 gb-headline-text\"><strong>Notre capacit\u00e9 de test et de certification<\/strong><br>Chaque site est dot\u00e9 de testeurs de performance Cat\u00e9gorie 5E, Cat\u00e9gorie 6 et 6A, Cat\u00e9gorie 7, de testeurs fibre optique, photom\u00e8tre, r\u00e9flectom\u00e8tre et de tout autre appareillage n\u00e9cessaires aux contr\u00f4les de notre gamme \u00e9tendue de produits (m\u00e9trologie, \u00e9lectrique, etc\u2026).<\/p>\n\n<\/div><\/div>\n<\/div>\n<\/div>\n<\/div>\n<\/div>\n\n<div class=\"gb-container gb-container-acadb52f\">\n<div class=\"gb-container gb-container-514a5a63\">\n\n<h2 class=\"gb-headline gb-headline-efadef5e gb-headline-text\"><strong>Decelect, une histoire d\u2019Hommes et de Femmes<\/strong><\/h2>\n\n\n\n<p class=\"has-text-align-center\">L&rsquo;\u00e9galit\u00e9 entre les hommes et les femmes fait partie int\u00e9grante de notre culture d&rsquo;entreprise. Chez Decelect, nous croyons en un environnement de travail inclusif o\u00f9 chacun \u00e0 la possibilit\u00e9 de prosp\u00e9rer, quel que soit son genre. Nous nous engageons \u00e0 promouvoir l&rsquo;\u00e9galit\u00e9 des chances, \u00e0 \u00e9liminer les discriminations et les in\u00e9galit\u00e9s de genre, et \u00e0 cr\u00e9er un lieu de travail o\u00f9 la diversit\u00e9 est valoris\u00e9e. Nous mettons en place des actions visant \u00e0 soutenir l&rsquo;avancement professionnel des hommes et des femmes au sein de notre entreprise, ainsi qu&rsquo;\u00e0 favoriser un \u00e9quilibre entre vie professionnelle et vie personnelle pour tous nos employ\u00e9s.<\/p>\n\n\n\n<div class=\"wp-block-media-text alignwide has-media-on-the-right is-stacked-on-mobile\" style=\"grid-template-columns:auto 40%\"><div class=\"wp-block-media-text__content\">\n<p><mark style=\"background-color:rgba(0, 0, 0, 0)\" class=\"has-inline-color has-accent-color\"><strong>Index \u00e9galit\u00e9 Hommes Femmes 2024<\/strong><\/mark><\/p>\n\n\n\n<p>L\u2019index d\u2019\u00e9galit\u00e9 Hommes Femmes 2024 est calcul\u00e9 sur la base des donn\u00e9es 2023.<br>Le calcul de l\u2019indicateur sur cette p\u00e9riode n\u2019est pas mesurable.<\/p>\n\n\n\n<p class=\"has-accent-color has-text-color has-link-color wp-elements-d2d161dc38b71349f16ab4b874bb2f2a\"><strong><a href=\"https:\/\/decelect.com\/Docs_internes\/declaration_egapro_493430417_2024.pdf\">D\u00e9couvrez la d\u00e9claration de notre Index d&rsquo;\u00e9galit\u00e9 hommes femmes 2024.<\/a><\/strong><\/p>\n<\/div><figure class=\"wp-block-media-text__media\"><img alt=\"\" decoding=\"async\" width=\"872\" height=\"602\" src=\"https:\/\/www.decelect.com\/wp-content\/uploads\/2023\/07\/Hommes-femmes-industrie.png\" class=\"wp-image-10165 size-full\" srcset=\"https:\/\/www.decelect.com\/wp-content\/uploads\/2023\/07\/Hommes-femmes-industrie.png 872w, https:\/\/www.decelect.com\/wp-content\/uploads\/2023\/07\/Hommes-femmes-industrie-300x207.png 300w, https:\/\/www.decelect.com\/wp-content\/uploads\/2023\/07\/Hommes-femmes-industrie-768x530.png 768w, https:\/\/www.decelect.com\/wp-content\/uploads\/2023\/07\/Hommes-femmes-industrie-18x12.png 18w, https:\/\/www.decelect.com\/wp-content\/uploads\/2023\/07\/Hommes-femmes-industrie-200x138.png 200w\" sizes=\"(max-width: 872px) 100vw, 872px\" \/><\/figure><\/div>\n\n<\/div>\n<\/div>","protected":false},"excerpt":{"rendered":"<p>Notre savoir faire de qualit\u00e9 Decelect, une histoire d\u2019Hommes et de Femmes L&rsquo;\u00e9galit\u00e9 entre les hommes et les femmes fait partie int\u00e9grante de notre culture d&rsquo;entreprise. Chez Decelect, nous croyons en un environnement de travail inclusif o\u00f9 chacun \u00e0 la possibilit\u00e9 de prosp\u00e9rer, quel que soit son genre. Nous nous engageons \u00e0 promouvoir l&rsquo;\u00e9galit\u00e9 des &#8230; <a title=\"Our commitments\" class=\"read-more\" href=\"https:\/\/www.decelect.com\/en\/nos-engagements\/\" aria-label=\"Read more about Nos engagements\">Read more<\/a><\/p>","protected":false},"author":3,"featured_media":0,"parent":0,"menu_order":0,"comment_status":"closed","ping_status":"closed","template":"","meta":{"_acf_changed":false,"_seopress_robots_primary_cat":"","_seopress_titles_title":"","_seopress_titles_desc":"","_seopress_robots_index":"","content-type":"","footnotes":""},"class_list":["post-10343","page","type-page","status-publish"],"acf":[],"_links":{"self":[{"href":"https:\/\/www.decelect.com\/en\/wp-json\/wp\/v2\/pages\/10343","targetHints":{"allow":["GET"]}}],"collection":[{"href":"https:\/\/www.decelect.com\/en\/wp-json\/wp\/v2\/pages"}],"about":[{"href":"https:\/\/www.decelect.com\/en\/wp-json\/wp\/v2\/types\/page"}],"author":[{"embeddable":true,"href":"https:\/\/www.decelect.com\/en\/wp-json\/wp\/v2\/users\/3"}],"replies":[{"embeddable":true,"href":"https:\/\/www.decelect.com\/en\/wp-json\/wp\/v2\/comments?post=10343"}],"version-history":[{"count":3,"href":"https:\/\/www.decelect.com\/en\/wp-json\/wp\/v2\/pages\/10343\/revisions"}],"predecessor-version":[{"id":11628,"href":"https:\/\/www.decelect.com\/en\/wp-json\/wp\/v2\/pages\/10343\/revisions\/11628"}],"wp:attachment":[{"href":"https:\/\/www.decelect.com\/en\/wp-json\/wp\/v2\/media?parent=10343"}],"curies":[{"name":"wp","href":"https:\/\/api.w.org\/{rel}","templated":true}]}}